{"id":475,"date":"2025-01-29T13:37:34","date_gmt":"2025-01-29T12:37:34","guid":{"rendered":"https:\/\/powerockpharma.com\/?post_type=product&#038;p=475"},"modified":"2025-11-12T07:09:01","modified_gmt":"2025-11-12T06:09:01","slug":"bpc-157-arg","status":"publish","type":"product","link":"https:\/\/powerockpharma.com\/pl\/peptide-lyophilizates\/bpc-157-arg\/","title":{"rendered":"BPC-157 ARG"},"content":{"rendered":"<h2><strong>W\u0142a\u015bciwo\u015bci BPC-157 ARG:<\/strong><\/h2>\n<p><strong>BPC-157 ARG<\/strong>\u00a0to silny syntetyczny peptyd znany ze swoich w\u0142a\u015bciwo\u015bci regeneracyjnych, szczeg\u00f3lnie w gojeniu tkanek mi\u0119\u015bni, staw\u00f3w i jelit. Zwi\u0105zek ten odgrywa kluczow\u0105 rol\u0119 w promowaniu naprawy kom\u00f3rkowej, dzi\u0119ki czemu jest bardzo poszukiwany przez naukowc\u00f3w badaj\u0105cych regeneracj\u0119 tkanek, przyspieszenie regeneracji i zmniejszenie stanu zapalnego.\u00a0<strong>BPC-157 ARG<\/strong>\u00a0Zaobserwowano, \u017ce zwi\u0119ksza syntez\u0119 kolagenu, zmniejsza stres oksydacyjny i poprawia tworzenie naczy\u0144 krwiono\u015bnych, co przyczynia si\u0119 do szerokiego zakresu korzy\u015bci leczniczych.<\/p>\n<h2><strong>Mechanizm dzia\u0142ania:<\/strong><\/h2>\n<p>Podstawowe dzia\u0142anie\u00a0<strong>BPC-157 ARG<\/strong>\u00a0polega na jego zdolno\u015bci do zwi\u0119kszania angiogenezy (tworzenia nowych naczy\u0144 krwiono\u015bnych) i regulowania czynnik\u00f3w wzrostu odpowiedzialnych za napraw\u0119 tkanek. Dzia\u0142a poprzez stymulowanie produkcji\u00a0<strong>czynnik wzrostu \u015br\u00f3db\u0142onka naczyniowego (VEGF)<\/strong>Zwi\u0119kszenie poziomu tlenku azotu w celu poprawy kr\u0105\u017cenia i modulowanie cytokin zapalnych w celu stworzenia optymalnego \u015brodowiska gojenia. Procesy te wsp\u00f3lnie skutkuj\u0105 szybszym powrotem do zdrowia po urazach, zmniejszonym stanem zapalnym i zwi\u0119kszon\u0105 regeneracj\u0105 kom\u00f3rek. Dodatkowo,\u00a0<strong>BPC-157 ARG<\/strong>\u00a0oddzia\u0142uje na o\u015b jelito-m\u00f3zg, wspieraj\u0105c zdrowie jelit i zmniejszaj\u0105c uszkodzenia spowodowane przez NLPZ i zmiany \u017co\u0142\u0105dkowe wywo\u0142ane stresem.<\/p>\n<h2><strong>Korzy\u015bci:<\/strong><\/h2>\n<p>Sp\u00f3jne badania obejmuj\u0105ce\u00a0<strong>BPC-157 ARG<\/strong>\u00a0sugeruje szereg korzy\u015bci, w tym<br \/>\n\u2714\u00a0<strong>Przyspieszone gojenie mi\u0119\u015bni, \u015bci\u0119gien i wi\u0119zade\u0142<\/strong>\u00a0- Wspomaga szybszy powr\u00f3t do zdrowia po urazach i intensywnej aktywno\u015bci.<br \/>\n\u2714\u00a0<strong>Ochrona staw\u00f3w i chrz\u0105stek<\/strong>\u00a0- Pomaga zmniejszy\u0107 b\u00f3l staw\u00f3w i zwi\u0119kszy\u0107 mobilno\u015b\u0107.<br \/>\n\u2714\u00a0<strong>W\u0142a\u015bciwo\u015bci lecznicze jelit<\/strong>\u00a0- Pomaga odbudowa\u0107 wy\u015bci\u00f3\u0142k\u0119 jelit, zmniejszaj\u0105c stan zapalny w przypadku wrzod\u00f3w, nieszczelnego jelita lub IBS.<br \/>\n\u2714\u00a0<strong>Zmniejszony stan zapalny<\/strong>\u00a0- Moduluje szlaki zapalne w celu szybszej regeneracji uraz\u00f3w i ran.<br \/>\n\u2714\u00a0<strong>Zwi\u0119kszona neuroprotekcja<\/strong>\u00a0- Mo\u017ce wspomaga\u0107 regeneracj\u0119 nerw\u00f3w i popraw\u0119 funkcji poznawczych.<br \/>\n\u2714\u00a0<strong>Poprawiona funkcja naczy\u0144 krwiono\u015bnych<\/strong>\u00a0- Stymuluje przep\u0142yw krwi, wspieraj\u0105c og\u00f3lne zdrowie uk\u0142adu sercowo-naczyniowego.<br \/>\n\u2714\u00a0<strong>Potencjalne dzia\u0142anie ochronne na narz\u0105dy<\/strong>\u00a0- Obiecuj\u0105co \u0142agodzi uszkodzenia w\u0105troby, nerek i serca.<\/p>\n<h2><strong>Dlaczego Powerock Pharma?<\/strong><\/h2>\n<p>Przy\u00a0<strong>Powerock Pharma<\/strong>priorytetowo traktujemy\u00a0<strong>bezpiecze\u0144stwo, czysto\u015b\u0107 i jako\u015b\u0107 badawcza<\/strong>. Nasz\u00a0<strong>BPC-157 ARG<\/strong>\u00a0jest produkowany w\u00a0<strong>Certyfikaty GMP, HACCP i ISO 13485<\/strong>\u00a0obiekt\u00f3w, zapewniaj\u0105c\u00a0<strong>\u015bcis\u0142a kontrola jako\u015bci<\/strong>\u00a0oraz\u00a0<strong>testowanie przez stron\u0119 trzeci\u0105<\/strong>\u00a0za moc i czysto\u015b\u0107. Wybieraj\u0105c\u00a0<strong>Powerock Pharma<\/strong>Naukowcy mog\u0105 mie\u0107 pewno\u015b\u0107, \u017ce korzystaj\u0105 z produktu, kt\u00f3ry spe\u0142nia najwy\u017csze standardy bran\u017cowe w zakresie\u00a0<strong>niezawodno\u015b\u0107 i sp\u00f3jno\u015b\u0107<\/strong>.<\/p>\n<h3><strong>Podsumowanie:<\/strong><\/h3>\n<p>Dla tych, kt\u00f3rzy badaj\u0105 napraw\u0119 tkanek, zdrowie jelit i modulacj\u0119 stanu zapalnego,\u00a0<strong>BPC-157 ARG<\/strong>\u00a0jest niezb\u0119dnym narz\u0119dziem. Jego zdolno\u015b\u0107 do\u00a0<strong>Przyspieszenie gojenia i regeneracji<\/strong>\u00a0sprawia, \u017ce jest to najlepszy wyb\u00f3r do bada\u0144 naukowych. Wspierany przez\u00a0<strong>Powerock Pharma's<\/strong>\u00a0rygorystyczna kontrola jako\u015bci,\u00a0<strong>BPC-157 ARG<\/strong>\u00a0dostawcy\u00a0<strong>sp\u00f3jny i niezawodny<\/strong>\u00a0wyniki.\u00a0<strong>Zam\u00f3w ju\u017c dzi\u015b<\/strong>\u00a0do\u015bwiadczy\u0107\u00a0<strong>Najwy\u017cszy standard w peptydach klasy badawczej<\/strong>.<\/p>\n<div id=\"gtx-trans\" style=\"position: absolute; left: 246px; top: 788.969px;\">\n<div class=\"gtx-trans-icon\"><\/div>\n<\/div>","protected":false},"excerpt":{"rendered":"<p>BPC-157 ARG wspomaga napraw\u0119 i regeneracj\u0119 tkanek poprzez przyspieszenie proces\u00f3w gojenia i zmniejszenie stanu zapalnego. Promuje zdrowie staw\u00f3w, regeneracj\u0119 mi\u0119\u015bni i gojenie jelit. Wybierz Powerock Pharma ze wzgl\u0119du na czysto\u015b\u0107, bezpiecze\u0144stwo i jako\u015b\u0107 klasy badawczej.<\/p>","protected":false},"featured_media":484,"template":"","meta":{"_acf_changed":false,"rank_math_lock_modified_date":false,"inline_featured_image":false},"product_cat":[17],"product_tag":[],"class_list":{"0":"post-475","1":"product","2":"type-product","3":"status-publish","4":"has-post-thumbnail","6":"product_cat-peptide-lyophilizates","9":"first","10":"instock","11":"shipping-taxable","12":"product-type-simple"},"acf":{"chromatogram":675,"metoda":""},"_links":{"self":[{"href":"https:\/\/powerockpharma.com\/pl\/wp-json\/wp\/v2\/product\/475","targetHints":{"allow":["GET"]}}],"collection":[{"href":"https:\/\/powerockpharma.com\/pl\/wp-json\/wp\/v2\/product"}],"about":[{"href":"https:\/\/powerockpharma.com\/pl\/wp-json\/wp\/v2\/types\/product"}],"wp:featuredmedia":[{"embeddable":true,"href":"https:\/\/powerockpharma.com\/pl\/wp-json\/wp\/v2\/media\/484"}],"wp:attachment":[{"href":"https:\/\/powerockpharma.com\/pl\/wp-json\/wp\/v2\/media?parent=475"}],"wp:term":[{"taxonomy":"product_cat","embeddable":true,"href":"https:\/\/powerockpharma.com\/pl\/wp-json\/wp\/v2\/product_cat?post=475"},{"taxonomy":"product_tag","embeddable":true,"href":"https:\/\/powerockpharma.com\/pl\/wp-json\/wp\/v2\/product_tag?post=475"}],"curies":[{"name":"wp","href":"https:\/\/api.w.org\/{rel}","templated":true}]}}