{"id":477,"date":"2025-01-29T13:55:27","date_gmt":"2025-01-29T12:55:27","guid":{"rendered":"https:\/\/powerockpharma.com\/?post_type=product&#038;p=477"},"modified":"2025-11-12T07:06:35","modified_gmt":"2025-11-12T06:06:35","slug":"epithalon","status":"publish","type":"product","link":"https:\/\/powerockpharma.com\/pl\/peptide-lyophilizates\/epithalon\/","title":{"rendered":"Epithalon"},"content":{"rendered":"<h2><strong>W\u0142a\u015bciwo\u015bci Epithalon:<\/strong><\/h2>\n<p>Epitalon (Epithalamin) to syntetyczny tetrapeptyd znany ze swoich silnych w\u0142a\u015bciwo\u015bci przeciwstarzeniowych i regeneracyjnych. Zosta\u0142 on szeroko przebadany pod k\u0105tem jego zdolno\u015bci do zwi\u0119kszania aktywno\u015bci telomerazy, kt\u00f3ra odgrywa kluczow\u0105 rol\u0119 w ochronie DNA i d\u0142ugowieczno\u015bci kom\u00f3rek. Reguluj\u0105c prac\u0119 szyszynki, Epitalon pomaga zr\u00f3wnowa\u017cy\u0107 poziom melatoniny, poprawiaj\u0105c jako\u015b\u0107 snu, funkcje odporno\u015bciowe i og\u00f3lne samopoczucie. Peptyd ten jest powszechnie uznawany za sw\u00f3j potencja\u0142 w promowaniu d\u0142ugowieczno\u015bci, zmniejszaniu stresu oksydacyjnego i wspieraniu neuroprotekcji.<\/p>\n<h2><strong>Mechanizm dzia\u0142ania:<\/strong><\/h2>\n<p>Podstawowy mechanizm dzia\u0142ania Epitalonu opiera si\u0119 na jego zdolno\u015bci do stymulowania produkcji telomerazy, enzymu odpowiedzialnego za utrzymywanie i wyd\u0142u\u017canie telomer\u00f3w. Telomery, ochronne otoczki chromosom\u00f3w, naturalnie skracaj\u0105 si\u0119 wraz z wiekiem, prowadz\u0105c do starzenia si\u0119 i dysfunkcji kom\u00f3rek. Promuj\u0105c aktywno\u015b\u0107 telomerazy, Epitalon pomaga spowolni\u0107 starzenie si\u0119 kom\u00f3rek, wyd\u0142u\u017caj\u0105c tym samym ich \u017cywotno\u015b\u0107 i poprawiaj\u0105c og\u00f3lny stan zdrowia. Dodatkowo, Epitalon reguluje wydzielanie melatoniny, optymalizuj\u0105c rytm dobowy i poprawiaj\u0105c jako\u015b\u0107 snu, kt\u00f3ry jest niezb\u0119dny dla zdrowia fizycznego i poznawczego.<\/p>\n<h2><strong>Korzy\u015bci:<\/strong><\/h2>\n<ul>\n<li><strong>Wspomaga d\u0142ugowieczno\u015b\u0107 i przeciwdzia\u0142a starzeniu:<\/strong>\u00a0Zwi\u0119ksza aktywno\u015b\u0107 telomerazy, aby spowolni\u0107 starzenie si\u0119 kom\u00f3rek i poprawi\u0107 integralno\u015b\u0107 DNA.<\/li>\n<li><strong>Poprawia jako\u015b\u0107 snu:<\/strong>\u00a0Reguluje produkcj\u0119 melatoniny, prowadz\u0105c do g\u0142\u0119bszego i bardziej regeneruj\u0105cego snu.<\/li>\n<li><strong>Wzmacnia funkcje odporno\u015bciowe:<\/strong>\u00a0Pomaga wzmocni\u0107 uk\u0142ad odporno\u015bciowy poprzez optymalizacj\u0119 uk\u0142adu hormonalnego.<\/li>\n<li><strong>Poprawia funkcje poznawcze:<\/strong>\u00a0Mo\u017ce poprawi\u0107 pami\u0119\u0107, koncentracj\u0119 i og\u00f3lny stan zdrowia m\u00f3zgu poprzez zmniejszenie stresu oksydacyjnego.<\/li>\n<li><strong>Zmniejsza stres oksydacyjny:<\/strong>\u00a0Dzia\u0142a jako przeciwutleniacz, chroni\u0105c kom\u00f3rki przed szkodliwym dzia\u0142aniem wolnych rodnik\u00f3w.<\/li>\n<li><strong>Wspomaga napraw\u0119 i regeneracj\u0119 kom\u00f3rek:<\/strong>\u00a0Wspomaga gojenie tkanek i og\u00f3lne zdrowie kom\u00f3rek.<\/li>\n<li><strong>Wspomaga r\u00f3wnowag\u0119 hormonaln\u0105:<\/strong>\u00a0Pomaga zoptymalizowa\u0107 funkcje hormonalne, przyczyniaj\u0105c si\u0119 do dobrego samopoczucia i witalno\u015bci.<\/li>\n<\/ul>\n<h2><strong>Dlaczego Powerock Pharma?<\/strong><\/h2>\n<p>Przy\u00a0<strong>Powerock Pharma<\/strong>stawiamy na jako\u015b\u0107, bezpiecze\u0144stwo i skuteczno\u015b\u0107. Nasze\u00a0<strong>Epitalon<\/strong>\u00a0przechodzi rygorystyczne testy i jest produkowany w obiektach z certyfikatem GMP, aby zapewni\u0107 czysto\u015b\u0107 i moc. Ka\u017cda partia jest zatwierdzana przez najwy\u017cszej klasy laboratoria, gwarantuj\u0105c sp\u00f3jno\u015b\u0107 i niezawodno\u015b\u0107. Wybieraj\u0105c\u00a0<strong>Powerock Pharma<\/strong>Inwestujesz w produkt poparty badaniami naukowymi i wyprodukowany zgodnie z najwy\u017cszymi standardami bran\u017cowymi.<\/p>\n<h3><strong>Podsumowanie:<\/strong><\/h3>\n<p>Je\u015bli chcesz wesprze\u0107 d\u0142ugowieczno\u015b\u0107, poprawi\u0107 sen i poprawi\u0107 og\u00f3lne samopoczucie,\u00a0<strong>Epitalon<\/strong>\u00a0jest idealnym rozwi\u0105zaniem. Dzi\u0119ki naukowo potwierdzonym korzy\u015bciom i\u00a0<strong>Powerock Pharma's<\/strong>\u00a0bezkompromisowe standardy jako\u015bci, mo\u017cesz zaufa\u0107 temu peptydowi dla swoich potrzeb badawczych.\u00a0<strong>Zam\u00f3w Epitalon ju\u017c dzi\u015b i do\u015bwiadcz korzy\u015bci p\u0142yn\u0105cych z zaawansowanego odm\u0142adzania kom\u00f3rkowego!<\/strong><\/p>\n<div id=\"gtx-trans\" style=\"position: absolute; left: 92px; top: 714.969px;\">\n<div class=\"gtx-trans-icon\"><\/div>\n<\/div>","protected":false},"excerpt":{"rendered":"<p>Epitalon (Epithalamin) wspomaga d\u0142ugowieczno\u015b\u0107 i odm\u0142adzanie kom\u00f3rek poprzez regulacj\u0119 produkcji melatoniny i zwi\u0119kszanie aktywno\u015bci telomerazy. Promuje korzy\u015bci przeciwstarzeniowe, poprawia sen i og\u00f3lne samopoczucie. Wybierz Powerock Pharma dla jako\u015bci i rezultat\u00f3w.<\/p>","protected":false},"featured_media":490,"template":"","meta":{"_acf_changed":false,"rank_math_lock_modified_date":false,"inline_featured_image":false},"product_cat":[17],"product_tag":[],"class_list":{"0":"post-477","1":"product","2":"type-product","3":"status-publish","4":"has-post-thumbnail","6":"product_cat-peptide-lyophilizates","9":"first","10":"instock","11":"shipping-taxable","12":"product-type-simple"},"acf":{"chromatogram":664,"metoda":""},"_links":{"self":[{"href":"https:\/\/powerockpharma.com\/pl\/wp-json\/wp\/v2\/product\/477","targetHints":{"allow":["GET"]}}],"collection":[{"href":"https:\/\/powerockpharma.com\/pl\/wp-json\/wp\/v2\/product"}],"about":[{"href":"https:\/\/powerockpharma.com\/pl\/wp-json\/wp\/v2\/types\/product"}],"wp:featuredmedia":[{"embeddable":true,"href":"https:\/\/powerockpharma.com\/pl\/wp-json\/wp\/v2\/media\/490"}],"wp:attachment":[{"href":"https:\/\/powerockpharma.com\/pl\/wp-json\/wp\/v2\/media?parent=477"}],"wp:term":[{"taxonomy":"product_cat","embeddable":true,"href":"https:\/\/powerockpharma.com\/pl\/wp-json\/wp\/v2\/product_cat?post=477"},{"taxonomy":"product_tag","embeddable":true,"href":"https:\/\/powerockpharma.com\/pl\/wp-json\/wp\/v2\/product_tag?post=477"}],"curies":[{"name":"wp","href":"https:\/\/api.w.org\/{rel}","templated":true}]}}