{"id":479,"date":"2025-01-29T13:55:30","date_gmt":"2025-01-29T12:55:30","guid":{"rendered":"https:\/\/powerockpharma.com\/?post_type=product&#038;p=479"},"modified":"2025-11-12T06:50:19","modified_gmt":"2025-11-12T05:50:19","slug":"tb-500-caps","status":"publish","type":"product","link":"https:\/\/powerockpharma.com\/pl\/peptide-lyophilizates\/tb-500-caps\/","title":{"rendered":"TB-500"},"content":{"rendered":"<h2><strong>W\u0142a\u015bciwo\u015bci TB-500:<\/strong><\/h2>\n<p><strong>Octan tymozyny beta-4 (TB-500)<\/strong>\u00a0jest silnym peptydem znanym ze swoich w\u0142a\u015bciwo\u015bci regeneracyjnych, co czyni go preferowanym wyborem dla os\u00f3b pragn\u0105cych przyspieszy\u0107 napraw\u0119 tkanek, zwi\u0119kszy\u0107 regeneracj\u0119 mi\u0119\u015bni i poprawi\u0107 og\u00f3ln\u0105 wydolno\u015b\u0107 fizyczn\u0105. Peptyd ten odgrywa kluczow\u0105 rol\u0119 w mechanizmach naprawy kom\u00f3rkowej, promuj\u0105c migracj\u0119 kom\u00f3rek, zwi\u0119kszaj\u0105c angiogenez\u0119 (tworzenie naczy\u0144 krwiono\u015bnych) i zmniejszaj\u0105c stan zapalny. TB-500 jest szeroko stosowany w badaniach nad regeneracj\u0105 mi\u0119\u015bni, zdrowiem staw\u00f3w i og\u00f3ln\u0105 rehabilitacj\u0105 fizyczn\u0105.<\/p>\n<h2><strong>Mechanizm dzia\u0142ania:<\/strong><\/h2>\n<p>TB-500 dzia\u0142a g\u0142\u00f3wnie poprzez regulacj\u0119\u00a0<strong>aktyna<\/strong>bia\u0142ko niezb\u0119dne do ruchu kom\u00f3rkowego, naprawy i regeneracji. Moduluj\u0105c dynamik\u0119 aktyny, peptyd ten wspomaga gojenie si\u0119 ran, wzrost mi\u0119\u015bni i regeneracj\u0119 tkanek. Dodatkowo TB-500 promuje angiogenez\u0119, zapewniaj\u0105c sta\u0142y dop\u0142yw tlenu i sk\u0142adnik\u00f3w od\u017cywczych do uszkodzonych tkanek, co prowadzi do szybszego powrotu do zdrowia. Zmniejsza r\u00f3wnie\u017c stan zapalny i zw\u0142\u00f3knienie, co czyni go doskona\u0142ym wyborem do bada\u0144 nad przewlek\u0142ymi urazami i stanami zapalnymi.<\/p>\n<h2><strong>Korzy\u015bci:<\/strong><\/h2>\n<p>Konsekwentne korzystanie z\u00a0<strong>TB-500<\/strong>\u00a0w zastosowaniach badawczych wykaza\u0142a nast\u0119puj\u0105ce potencjalne korzy\u015bci:<\/p>\n<ul>\n<li><strong>Przyspieszona naprawa tkanek i gojenie ran<\/strong>\u00a0- Wspomaga szybszy powr\u00f3t do zdrowia po urazach, operacjach i naci\u0105gni\u0119ciach mi\u0119\u015bni.<\/li>\n<li><strong>Zwi\u0119kszony wzrost i regeneracja mi\u0119\u015bni<\/strong>\u00a0- Wspomaga napraw\u0119 mi\u0119\u015bni, dzi\u0119ki czemu jest korzystny dla sportowc\u00f3w i kulturyst\u00f3w.<\/li>\n<li><strong>Zmniejszony stan zapalny i zw\u0142\u00f3knienie<\/strong>\u00a0- Pomaga w stanach zwi\u0105zanych z nadmiernym bliznowaceniem i przewlek\u0142ym stanem zapalnym.<\/li>\n<li><strong>Poprawiona elastyczno\u015b\u0107 i zdrowie staw\u00f3w<\/strong>\u00a0- Korzystny dla naprawy tkanki \u0142\u0105cznej i utrzymania mobilno\u015bci.<\/li>\n<li><strong>Wsparcie uk\u0142adu sercowo-naczyniowego<\/strong>\u00a0- Stymuluje tworzenie naczy\u0144 krwiono\u015bnych, wspomagaj\u0105c kr\u0105\u017cenie i og\u00f3lne funkcjonowanie uk\u0142adu sercowo-naczyniowego.<\/li>\n<li><strong>Ochrona neurologiczna<\/strong>\u00a0- Badania sugeruj\u0105 potencjalne korzy\u015bci w zakresie neuroprotekcji i poprawy funkcji poznawczych.<\/li>\n<\/ul>\n<p>TB-500 jest szeroko badany pod k\u0105tem jego zastosowa\u0144 w medycynie regeneracyjnej, regeneracji sportowej i optymalizacji wydajno\u015bci.<\/p>\n<h2><strong>Dlaczego Powerock Pharma?<\/strong><\/h2>\n<p>Przy\u00a0<strong>Powerock Pharma<\/strong>, utrzymujemy najwy\u017csze standardy jako\u015bci i czysto\u015bci. Nasz TB-500 jest produkowany w\u00a0<strong>GMP, HACCP i ISO 13485<\/strong>-Certyfikowane zak\u0142ady zapewniaj\u0105 bezpiecze\u0144stwo, sp\u00f3jno\u015b\u0107 i skuteczno\u015b\u0107. Ka\u017cda partia przechodzi rygorystyczne testy w niezale\u017cnych laboratoriach, aby zweryfikowa\u0107 jej moc i czysto\u015b\u0107. Dzi\u0119ki Powerock Pharma mo\u017cesz mie\u0107 pewno\u015b\u0107, \u017ce otrzymujesz TB-500 najwy\u017cszej jako\u015bci, zaprojektowany z my\u015bl\u0105 o maksymalnej skuteczno\u015bci badawczej.<\/p>\n<h3><strong>Podsumowanie<\/strong><\/h3>\n<p>Je\u015bli szukasz\u00a0<strong>najnowocze\u015bniejszy peptyd do bada\u0144 nad regeneracj\u0105 tkanek, odbudow\u0105 mi\u0119\u015bni i redukcj\u0105 stan\u00f3w zapalnych<\/strong>TB-500 jest idealnym rozwi\u0105zaniem. Wspierany przez\u00a0<strong>Powerock Pharma's<\/strong>\u00a0Dzi\u0119ki rygorystycznym standardom jako\u015bci produkt ten zapewnia niezawodno\u015b\u0107 i skuteczno\u015b\u0107. Nie id\u017a na kompromis - zam\u00f3w\u00a0<strong>TB-500<\/strong>\u00a0ju\u017c dzi\u015b i do\u015bwiadcz r\u00f3\u017cnicy w\u00a0<strong>wydajno\u015b\u0107, regeneracja i leczenie<\/strong>.<\/p>\n<div id=\"gtx-trans\" style=\"position: absolute; left: 94px; top: 746.969px;\">\n<div class=\"gtx-trans-icon\"><\/div>\n<\/div>","protected":false},"excerpt":{"rendered":"<p><strong>Octan tymozyny beta-4 (TB-500)<\/strong> wspomaga napraw\u0119 i regeneracj\u0119 tkanek poprzez promowanie migracji kom\u00f3rek i zmniejszanie stanu zapalnego. Wspomaga regeneracj\u0119 mi\u0119\u015bni, przyspiesza gojenie i poprawia elastyczno\u015b\u0107. Wybierz Powerock Pharma dla jako\u015bci i rezultat\u00f3w.<\/p>","protected":false},"featured_media":496,"template":"","meta":{"_acf_changed":false,"rank_math_lock_modified_date":false,"inline_featured_image":false},"product_cat":[17],"product_tag":[],"class_list":{"0":"post-479","1":"product","2":"type-product","3":"status-publish","4":"has-post-thumbnail","6":"product_cat-peptide-lyophilizates","9":"first","10":"instock","11":"shipping-taxable","12":"product-type-simple"},"acf":{"chromatogram":610,"metoda":""},"_links":{"self":[{"href":"https:\/\/powerockpharma.com\/pl\/wp-json\/wp\/v2\/product\/479","targetHints":{"allow":["GET"]}}],"collection":[{"href":"https:\/\/powerockpharma.com\/pl\/wp-json\/wp\/v2\/product"}],"about":[{"href":"https:\/\/powerockpharma.com\/pl\/wp-json\/wp\/v2\/types\/product"}],"wp:featuredmedia":[{"embeddable":true,"href":"https:\/\/powerockpharma.com\/pl\/wp-json\/wp\/v2\/media\/496"}],"wp:attachment":[{"href":"https:\/\/powerockpharma.com\/pl\/wp-json\/wp\/v2\/media?parent=479"}],"wp:term":[{"taxonomy":"product_cat","embeddable":true,"href":"https:\/\/powerockpharma.com\/pl\/wp-json\/wp\/v2\/product_cat?post=479"},{"taxonomy":"product_tag","embeddable":true,"href":"https:\/\/powerockpharma.com\/pl\/wp-json\/wp\/v2\/product_tag?post=479"}],"curies":[{"name":"wp","href":"https:\/\/api.w.org\/{rel}","templated":true}]}}