{"id":481,"date":"2025-01-29T13:55:31","date_gmt":"2025-01-29T12:55:31","guid":{"rendered":"https:\/\/powerockpharma.com\/?post_type=product&#038;p=481"},"modified":"2025-11-12T06:52:48","modified_gmt":"2025-11-12T05:52:48","slug":"semax","status":"publish","type":"product","link":"https:\/\/powerockpharma.com\/pl\/peptide-lyophilizates\/semax\/","title":{"rendered":"Semax"},"content":{"rendered":"<h2><strong>W\u0142a\u015bciwo\u015bci Semax:<\/strong><\/h2>\n<p>Semax jest syntetycznym peptydem pochodz\u0105cym z hormonu adrenokortykotropowego (ACTH) i jest znany ze swojego g\u0142\u0119bokiego wp\u0142ywu na funkcje poznawcze i neuroprotekcj\u0119. Jest szeroko stosowany w celu poprawy sprawno\u015bci umys\u0142owej, pami\u0119ci i odporno\u015bci na stres i zaburzenia neurologiczne. Zwi\u0105zek ten dzia\u0142a poprzez modulowanie BDNF i system\u00f3w neuroprzeka\u017anik\u00f3w, prowadz\u0105c do poprawy plastyczno\u015bci synaptycznej, neurogenezy i jasno\u015bci umys\u0142u.<\/p>\n<h2><strong>Mechanizm dzia\u0142ania:<\/strong><\/h2>\n<p>Dzia\u0142anie Semax koncentruje si\u0119 wok\u00f3\u0142 jego zdolno\u015bci do zwi\u0119kszania poziomu BDNF, kluczowego bia\u0142ka zaanga\u017cowanego w przetrwanie neuron\u00f3w, ich wzrost i funkcje poznawcze. Zwi\u0119kszaj\u0105c poziom BDNF, Semax poprawia zdolno\u015b\u0107 uczenia si\u0119, konsolidacj\u0119 pami\u0119ci i neuroplastyczno\u015b\u0107, jednocze\u015bnie chroni\u0105c neurony przed stresem oksydacyjnym i stanem zapalnym. Mechanizm ten zapewnia popraw\u0119 funkcji poznawczych bez typowych skutk\u00f3w ubocznych zwi\u0105zanych z tradycyjnymi nootropami. Dodatkowo odgrywa rol\u0119 w regulacji poziomu dopaminy i serotoniny, przyczyniaj\u0105c si\u0119 do poprawy nastroju i motywacji.<\/p>\n<h2><strong>Korzy\u015bci:<\/strong><\/h2>\n<p>Konsekwentne stosowanie Semax skutkuje zauwa\u017caln\u0105 popraw\u0105 funkcji poznawczych, retencji pami\u0119ci i wytrzyma\u0142o\u015bci psychicznej. Dodatkowe korzy\u015bci obejmuj\u0105 zwi\u0119kszon\u0105 koncentracj\u0119, szybsz\u0105 zdolno\u015b\u0107 uczenia si\u0119 i wi\u0119ksz\u0105 odporno\u015b\u0107 na zm\u0119czenie psychiczne. Jest szczeg\u00f3lnie skuteczny dla os\u00f3b pragn\u0105cych zoptymalizowa\u0107 wydajno\u015b\u0107 poznawcz\u0105, student\u00f3w, profesjonalist\u00f3w i badaczy zaanga\u017cowanych w zadania wymagaj\u0105ce wysi\u0142ku umys\u0142owego. Semax okaza\u0142 si\u0119 r\u00f3wnie\u017c obiecuj\u0105cy w \u0142agodzeniu skutk\u00f3w stresu i wspieraniu regeneracji neurologicznej w warunkach badawczych.<\/p>\n<h2><strong>Dlaczego Powerock Pharma:<\/strong><\/h2>\n<p>W Powerock Pharma stawiamy na jako\u015b\u0107, bezpiecze\u0144stwo i skuteczno\u015b\u0107. Nasz Semax jest produkowany w zak\u0142adach, kt\u00f3re przekraczaj\u0105 standardy GMP, HACCP i ISO 13485, zapewniaj\u0105c farmaceutyczn\u0105 czysto\u015b\u0107 i moc. Ka\u017cda partia przechodzi rygorystyczne testy w wiod\u0105cych laboratoriach, potwierdzaj\u0105ce jej integralno\u015b\u0107 i sp\u00f3jno\u015b\u0107. Nasze zaanga\u017cowanie w doskona\u0142o\u015b\u0107 oznacza, \u017ce otrzymujesz tylko to, co najlepsze, zapewniaj\u0105c niezr\u00f3wnane wyniki przy ka\u017cdym u\u017cyciu.<\/p>\n<h3><strong>Podsumowanie:<\/strong><\/h3>\n<p>Je\u015bli chcesz poprawi\u0107 swoje zdolno\u015bci poznawcze i wydajno\u015b\u0107 umys\u0142ow\u0105, Semax jest rozwi\u0105zaniem, kt\u00f3rego potrzebujesz. Wspierany przez rygorystyczne kontrole jako\u015bci Powerock Pharma, produkt ten zosta\u0142 zaprojektowany, aby pom\u00f3c Ci osi\u0105gn\u0105\u0107 optymaln\u0105 koncentracj\u0119, pami\u0119\u0107 i odporno\u015b\u0107 w bezpieczny i skuteczny spos\u00f3b. Nie zadowalaj si\u0119 mniej - zam\u00f3w Semax ju\u017c dzi\u015b i zacznij do\u015bwiadcza\u0107 poprawy zdolno\u015bci poznawczych i jasno\u015bci umys\u0142u.<\/p>\n<div id=\"gtx-trans\" style=\"position: absolute; left: 265px; top: 618.969px;\">\n<div class=\"gtx-trans-icon\"><\/div>\n<\/div>","protected":false},"excerpt":{"rendered":"<p data-pm-slice=\"1 1 []\">Semax wspiera popraw\u0119 funkcji poznawczych i neuroprotekcj\u0119 poprzez modulowanie poziomu neurotroficznego czynnika pochodzenia m\u00f3zgowego (BDNF). Zapewnia lepsze skupienie, zachowanie pami\u0119ci i odporno\u015b\u0107 na stres. Wybierz Powerock Pharma ze wzgl\u0119du na jako\u015b\u0107 i wyniki.<\/p>","protected":false},"featured_media":499,"template":"","meta":{"_acf_changed":false,"rank_math_lock_modified_date":false,"inline_featured_image":false},"product_cat":[17],"product_tag":[],"class_list":{"0":"post-481","1":"product","2":"type-product","3":"status-publish","4":"has-post-thumbnail","6":"product_cat-peptide-lyophilizates","9":"first","10":"instock","11":"shipping-taxable","12":"product-type-simple"},"acf":{"chromatogram":617,"metoda":""},"_links":{"self":[{"href":"https:\/\/powerockpharma.com\/pl\/wp-json\/wp\/v2\/product\/481","targetHints":{"allow":["GET"]}}],"collection":[{"href":"https:\/\/powerockpharma.com\/pl\/wp-json\/wp\/v2\/product"}],"about":[{"href":"https:\/\/powerockpharma.com\/pl\/wp-json\/wp\/v2\/types\/product"}],"wp:featuredmedia":[{"embeddable":true,"href":"https:\/\/powerockpharma.com\/pl\/wp-json\/wp\/v2\/media\/499"}],"wp:attachment":[{"href":"https:\/\/powerockpharma.com\/pl\/wp-json\/wp\/v2\/media?parent=481"}],"wp:term":[{"taxonomy":"product_cat","embeddable":true,"href":"https:\/\/powerockpharma.com\/pl\/wp-json\/wp\/v2\/product_cat?post=481"},{"taxonomy":"product_tag","embeddable":true,"href":"https:\/\/powerockpharma.com\/pl\/wp-json\/wp\/v2\/product_tag?post=481"}],"curies":[{"name":"wp","href":"https:\/\/api.w.org\/{rel}","templated":true}]}}