{"id":71,"date":"2024-08-04T16:49:00","date_gmt":"2024-08-04T14:49:00","guid":{"rendered":"https:\/\/powerockpharma.com\/?post_type=product&#038;p=71"},"modified":"2025-11-12T07:10:08","modified_gmt":"2025-11-12T06:10:08","slug":"alpha-gpc","status":"publish","type":"product","link":"https:\/\/powerockpharma.com\/pl\/nootropics\/alpha-gpc\/","title":{"rendered":"ALPHA GPC"},"content":{"rendered":"<h2>W\u0142a\u015bciwo\u015bci:<\/h2>\n<p>L-alfa-glicerofosfocholina, powszechnie znana jako Alpha GPC, jest silnym \u015brodkiem nootropowym, kt\u00f3ry odgrywa kluczow\u0105 rol\u0119 w poprawie funkcji poznawczych. Jest powszechnie znana ze swojej zdolno\u015bci do zwi\u0119kszania funkcji m\u00f3zgu, co czyni j\u0105 najlepszym wyborem dla os\u00f3b pragn\u0105cych poprawi\u0107 pami\u0119\u0107, koncentracj\u0119 i og\u00f3ln\u0105 jasno\u015b\u0107 umys\u0142u. Alpha GPC dzia\u0142a poprzez zwi\u0119kszenie poziomu acetylocholiny, neuroprzeka\u017anika, kt\u00f3ry jest niezb\u0119dny w procesach zapami\u0119tywania i uczenia si\u0119. Zwi\u0105zek ten jest szczeg\u00f3lnie skuteczny w przypadku os\u00f3b zaanga\u017cowanych w zadania wymagaj\u0105ce wysi\u0142ku umys\u0142owego, zar\u00f3wno w \u015brodowisku akademickim, zawodowym, jak i sportowym.<\/p>\n<h2>Mechanizm dzia\u0142ania:<\/h2>\n<p>Alpha GPC dzia\u0142a przede wszystkim poprzez wp\u0142yw na produkcj\u0119 acetylocholiny. Jako prekursor tego krytycznego neuroprzeka\u017anika, Alpha GPC dostarcza cholin\u0119 potrzebn\u0105 do jego syntezy, zapewniaj\u0105c, \u017ce m\u00f3zg ma wystarczaj\u0105c\u0105 poda\u017c, aby wspiera\u0107 funkcje poznawcze. Przekraczaj\u0105c barier\u0119 krew-m\u00f3zg, Alpha GPC szybko zwi\u0119ksza dost\u0119pno\u015b\u0107 choliny w m\u00f3zgu, kt\u00f3ra jest nast\u0119pnie przekszta\u0142cana w acetylocholin\u0119. Ten wzrost acetylocholiny poprawia transmisj\u0119 synaptyczn\u0105, poprawiaj\u0105c w ten spos\u00f3b pami\u0119\u0107, zdolno\u015b\u0107 uczenia si\u0119 i koncentracj\u0119. Ponadto wykazano, \u017ce Alpha GPC wspomaga uwalnianie hormonu wzrostu, co mo\u017ce przynie\u015b\u0107 dodatkowe korzy\u015bci, takie jak poprawa wydajno\u015bci fizycznej i regeneracji.<\/p>\n<h2>Korzy\u015bci:<\/h2>\n<p>Regularne stosowanie Alpha GPC przynosi znacz\u0105ce korzy\u015bci poznawcze, w tym popraw\u0119 pami\u0119ci, lepsze skupienie i wi\u0119ksz\u0105 jasno\u015b\u0107 umys\u0142u. Jest to szczeg\u00f3lnie korzystne dla os\u00f3b zaanga\u017cowanych w dzia\u0142ania wymagaj\u0105ce intensywnej koncentracji i wytrzyma\u0142o\u015bci psychicznej, takich jak studenci, profesjonali\u015bci i sportowcy. Opr\u00f3cz korzy\u015bci poznawczych, Alpha GPC mo\u017ce r\u00f3wnie\u017c przyczynia\u0107 si\u0119 do poprawy sprawno\u015bci fizycznej poprzez wspieranie uwalniania hormonu wzrostu, co czyni go wszechstronnym suplementem zar\u00f3wno dla umys\u0142u, jak i cia\u0142a. U\u017cytkownicy cz\u0119sto zg\u0142aszaj\u0105, \u017ce czuj\u0105 si\u0119 bardziej czujni i bystrzy umys\u0142owo, z popraw\u0105 zdolno\u015bci uczenia si\u0119 i szybko\u015bci zapami\u0119tywania. Wiadomo r\u00f3wnie\u017c, \u017ce zwi\u0105zek ten wspiera zdrowie m\u00f3zgu, potencjalnie oferuj\u0105c efekty neuroprotekcyjne, kt\u00f3re chroni\u0105 przed pogorszeniem funkcji poznawczych wraz z wiekiem.<\/p>\n<h2>Dlaczego Powerock Pharma:<\/h2>\n<p>W Powerock Pharma jeste\u015bmy zaanga\u017cowani w produkcj\u0119 najwy\u017cszej jako\u015bci suplement\u00f3w do bada\u0144 i poprawy funkcji poznawczych. Ka\u017cda partia Alpha GPC jest produkowana w naszych najnowocze\u015bniejszych zak\u0142adach, zgodnie z najsurowszymi normami GMP, HACCP i ISO 13485. Wykorzystujemy najnowocze\u015bniejsze metody testowania, aby zapewni\u0107, \u017ce ka\u017cda kapsu\u0142ka zawiera czysty, silny i skuteczny Alpha GPC, wolny od zanieczyszcze\u0144 lub zanieczyszcze\u0144. Nasze zaanga\u017cowanie w jako\u015b\u0107 oznacza, \u017ce mo\u017cesz mie\u0107 pewno\u015b\u0107, \u017ce nasze produkty zapewni\u0105 sp\u00f3jne wyniki za ka\u017cdym razem. Wsp\u00f3\u0142pracujemy z wiod\u0105cymi laboratoriami, aby zweryfikowa\u0107 czysto\u015b\u0107 i moc naszych suplement\u00f3w, zapewniaj\u0105c, \u017ce otrzymujesz najlepszy mo\u017cliwy produkt do bada\u0144 lub u\u017cytku osobistego.<\/p>\n<h3>Podsumowanie:<\/h3>\n<p>L-alfa-glicerofosfocholina (Alpha GPC) to idealny wyb\u00f3r dla os\u00f3b poszukuj\u0105cych silnego wzmacniacza funkcji poznawczych, kt\u00f3ry poprawi ich sprawno\u015b\u0107 umys\u0142ow\u0105. Wspierany przez rygorystyczne kontrole jako\u015bci Powerock Pharma, Alpha GPC zosta\u0142 zaprojektowany, aby pom\u00f3c Ci bezpiecznie i skutecznie osi\u0105gn\u0105\u0107 cele poznawcze. Nie id\u017a na kompromis w kwestii jako\u015bci - zam\u00f3w Alpha GPC ju\u017c dzi\u015b i do\u015bwiadcz r\u00f3\u017cnicy, jak\u0105 najwy\u017cszej jako\u015bci suplementy mog\u0105 zrobi\u0107 w jasno\u015bci umys\u0142u, skupieniu i og\u00f3lnym zdrowiu m\u00f3zgu.<\/p>","protected":false},"excerpt":{"rendered":"<p>L-alfa-glicerofosfocholina (Alpha GPC) wspomaga funkcje poznawcze poprzez zwi\u0119kszenie poziomu acetylocholiny w m\u00f3zgu. Zapewnia lepsz\u0105 koncentracj\u0119, pami\u0119\u0107 i jasno\u015b\u0107 umys\u0142u. Wybierz Powerock Pharma, aby uzyska\u0107 niezr\u00f3wnan\u0105 jako\u015b\u0107 i wyniki.<\/p>","protected":false},"featured_media":166,"template":"","meta":{"_acf_changed":false,"rank_math_lock_modified_date":false,"inline_featured_image":false},"product_cat":[19],"product_tag":[],"class_list":{"0":"post-71","1":"product","2":"type-product","3":"status-publish","4":"has-post-thumbnail","6":"product_cat-nootropics","9":"first","10":"instock","11":"shipping-taxable","12":"product-type-simple"},"acf":{"chromatogram":679,"metoda":""},"_links":{"self":[{"href":"https:\/\/powerockpharma.com\/pl\/wp-json\/wp\/v2\/product\/71","targetHints":{"allow":["GET"]}}],"collection":[{"href":"https:\/\/powerockpharma.com\/pl\/wp-json\/wp\/v2\/product"}],"about":[{"href":"https:\/\/powerockpharma.com\/pl\/wp-json\/wp\/v2\/types\/product"}],"wp:featuredmedia":[{"embeddable":true,"href":"https:\/\/powerockpharma.com\/pl\/wp-json\/wp\/v2\/media\/166"}],"wp:attachment":[{"href":"https:\/\/powerockpharma.com\/pl\/wp-json\/wp\/v2\/media?parent=71"}],"wp:term":[{"taxonomy":"product_cat","embeddable":true,"href":"https:\/\/powerockpharma.com\/pl\/wp-json\/wp\/v2\/product_cat?post=71"},{"taxonomy":"product_tag","embeddable":true,"href":"https:\/\/powerockpharma.com\/pl\/wp-json\/wp\/v2\/product_tag?post=71"}],"curies":[{"name":"wp","href":"https:\/\/api.w.org\/{rel}","templated":true}]}}