{"id":74,"date":"2024-08-04T16:51:12","date_gmt":"2024-08-04T14:51:12","guid":{"rendered":"https:\/\/powerockpharma.com\/?post_type=product&#038;p=74"},"modified":"2025-11-12T06:57:55","modified_gmt":"2025-11-12T05:57:55","slug":"noopept","status":"publish","type":"product","link":"https:\/\/powerockpharma.com\/pl\/nootropics\/noopept\/","title":{"rendered":"NOOPEPT"},"content":{"rendered":"<h2>W\u0142a\u015bciwo\u015bci:<\/h2>\n<p>Noopept, chemicznie znany jako ester etylowy N-fenyloacetylo-L-prologlicyny, jest bardzo silnym \u015brodkiem nootropowym znanym ze swojego g\u0142\u0119bokiego wp\u0142ywu na popraw\u0119 funkcji poznawczych. Jest szczeg\u00f3lnie ceniony za zdolno\u015b\u0107 do poprawy pami\u0119ci, uczenia si\u0119 i og\u00f3lnej sprawno\u015bci umys\u0142owej, co czyni go popularnym wyborem w\u015br\u00f3d badaczy zajmuj\u0105cych si\u0119 neuroprotekcj\u0105 i funkcjami poznawczymi. Zwi\u0105zek ten dzia\u0142a poprzez zwi\u0119kszenie dost\u0119pno\u015bci neurotroficznego czynnika pochodzenia m\u00f3zgowego (BDNF) i czynnika wzrostu nerw\u00f3w (NGF), kt\u00f3re s\u0105 niezb\u0119dne dla neuroplastyczno\u015bci, uczenia si\u0119 i konsolidacji pami\u0119ci. W\u0142a\u015bciwo\u015bci te sprawiaj\u0105, \u017ce Noopept jest idealnym kandydatem do bada\u0144 maj\u0105cych na celu zbadanie ulepsze\u0144 poznawczych i strategii neuroprotekcyjnych.<\/p>\n<h2>Mechanizm dzia\u0142ania:<\/h2>\n<p>Dzia\u0142anie Noopept koncentruje si\u0119 wok\u00f3\u0142 jego zdolno\u015bci do modulowania receptor\u00f3w glutaminianu, w szczeg\u00f3lno\u015bci receptor\u00f3w AMPA i NMDA, kt\u00f3re maj\u0105 kluczowe znaczenie dla plastyczno\u015bci synaptycznej i d\u0142ugotrwa\u0142ego wzmocnienia (LTP) w m\u00f3zgu. Zwi\u0119kszaj\u0105c wydajno\u015b\u0107 tych receptor\u00f3w, Noopept promuje tworzenie i wzmacnianie po\u0142\u0105cze\u0144 synaptycznych, co ma kluczowe znaczenie dla pami\u0119ci i uczenia si\u0119. Dodatkowo Noopept zwi\u0119ksza poziom acetylocholiny, neuroprzeka\u017anika zwi\u0105zanego z uwag\u0105 i przetwarzaniem poznawczym. Ten podw\u00f3jny mechanizm zapewnia, \u017ce Noopept nie tylko poprawia funkcje poznawcze, ale tak\u017ce zapewnia korzy\u015bci neuroprotekcyjne poprzez zmniejszenie stresu oksydacyjnego i ochron\u0119 neuron\u00f3w przed uszkodzeniem.<\/p>\n<h2>Korzy\u015bci:<\/h2>\n<p>Konsekwentne stosowanie Noopept w warunkach badawczych wykaza\u0142o znaczn\u0105 popraw\u0119 funkcji poznawczych, w tym lepsz\u0105 retencj\u0119 pami\u0119ci, szybsze zdolno\u015bci uczenia si\u0119 i wi\u0119ksz\u0105 jasno\u015b\u0107 umys\u0142u. Naukowcy odnotowali r\u00f3wnie\u017c korzy\u015bci wt\u00f3rne, takie jak poprawa nastroju, zmniejszenie l\u0119ku i zwi\u0119kszenie poziomu energii, kt\u00f3re przypisuje si\u0119 wp\u0142ywowi Noopept na uk\u0142ady neuroprzeka\u017anik\u00f3w. Zwi\u0105zek ten jest szczeg\u00f3lnie skuteczny w badaniach obejmuj\u0105cych stany neurodegeneracyjne, pogorszenie funkcji poznawczych i popraw\u0119 funkcji poznawczych u zdrowych os\u00f3b. Noopept jest powszechnie znany ze swojej zdolno\u015bci do zapewniania szybkich i trwa\u0142ych korzy\u015bci poznawczych bez stymuluj\u0105cych efekt\u00f3w ubocznych zwi\u0105zanych z innymi nootropami.<\/p>\n<h2>Dlaczego Powerock Pharma:<\/h2>\n<p>W Powerock Pharma nasze zaanga\u017cowanie w jako\u015b\u0107 i bezpiecze\u0144stwo jest najwa\u017cniejsze. Ka\u017cda partia Noopept jest produkowana w najnowocze\u015bniejszych zak\u0142adach, kt\u00f3re przestrzegaj\u0105 najsurowszych standard\u00f3w, w tym certyfikat\u00f3w GMP, HACCP i ISO 13485. Wykorzystujemy rygorystyczne protoko\u0142y testowe, aby zapewni\u0107 czysto\u015b\u0107 i moc naszych produkt\u00f3w, wsp\u00f3\u0142pracuj\u0105c z wiod\u0105cymi laboratoriami w celu sprawdzenia, czy ka\u017cda kapsu\u0142ka Noopept zapewnia sp\u00f3jne, wiarygodne wyniki. Wybieraj\u0105c Powerock Pharma, wybierasz produkt poparty skrupulatnymi badaniami i wyprodukowany zgodnie z najwy\u017cszymi standardami zapewnienia jako\u015bci. Zaufaj Powerock Pharma, aby zapewni\u0107 narz\u0119dzia niezb\u0119dne do rozwoju bada\u0144 i osi\u0105gni\u0119cia znacz\u0105cych wynik\u00f3w.<\/p>\n<h3>Podsumowanie:<\/h3>\n<p>Je\u015bli twoje badania maj\u0105 na celu zbadanie poprawy funkcji poznawczych lub neuroprotekcji, Noopept jest zwi\u0105zkiem, kt\u00f3rego potrzebujesz. Dzi\u0119ki rygorystycznym kontrolom jako\u015bci Powerock Pharma i zaanga\u017cowaniu w d\u0105\u017cenie do doskona\u0142o\u015bci, produkt ten zosta\u0142 zaprojektowany, aby pom\u00f3c w osi\u0105gni\u0119ciu dok\u0142adnych i wiarygodnych wynik\u00f3w w badaniach. Nie id\u017a na kompromis w kwestii jako\u015bci - zam\u00f3w Noopept ju\u017c dzi\u015b i pewnie rozwijaj swoje badania.<\/p>","protected":false},"excerpt":{"rendered":"<p>Noopept (ester etylowy N-fenyloacetylo-L-prologlicyny) poprawia funkcje poznawcze poprzez zwi\u0119kszenie czynnik\u00f3w neurotroficznych i plastyczno\u015bci synaptycznej. Wspomaga pami\u0119\u0107, koncentracj\u0119 i jasno\u015b\u0107 umys\u0142u. Wybierz Powerock Pharma, aby uzyska\u0107 najwy\u017csz\u0105 jako\u015b\u0107 i niezawodne rezultaty.<\/p>","protected":false},"featured_media":170,"template":"","meta":{"_acf_changed":false,"rank_math_lock_modified_date":false,"inline_featured_image":false},"product_cat":[19],"product_tag":[],"class_list":{"0":"post-74","1":"product","2":"type-product","3":"status-publish","4":"has-post-thumbnail","6":"product_cat-nootropics","9":"first","10":"instock","11":"shipping-taxable","12":"product-type-simple"},"acf":{"chromatogram":633,"metoda":{"acftf":{"v":"1.3.24"},"p":{"o":{"uh":0},"ca":""},"c":[{"p":""}],"h":[{"c":""}],"b":[[{"c":""}]]}},"_links":{"self":[{"href":"https:\/\/powerockpharma.com\/pl\/wp-json\/wp\/v2\/product\/74","targetHints":{"allow":["GET"]}}],"collection":[{"href":"https:\/\/powerockpharma.com\/pl\/wp-json\/wp\/v2\/product"}],"about":[{"href":"https:\/\/powerockpharma.com\/pl\/wp-json\/wp\/v2\/types\/product"}],"wp:featuredmedia":[{"embeddable":true,"href":"https:\/\/powerockpharma.com\/pl\/wp-json\/wp\/v2\/media\/170"}],"wp:attachment":[{"href":"https:\/\/powerockpharma.com\/pl\/wp-json\/wp\/v2\/media?parent=74"}],"wp:term":[{"taxonomy":"product_cat","embeddable":true,"href":"https:\/\/powerockpharma.com\/pl\/wp-json\/wp\/v2\/product_cat?post=74"},{"taxonomy":"product_tag","embeddable":true,"href":"https:\/\/powerockpharma.com\/pl\/wp-json\/wp\/v2\/product_tag?post=74"}],"curies":[{"name":"wp","href":"https:\/\/api.w.org\/{rel}","templated":true}]}}