{"id":75,"date":"2024-08-04T16:53:33","date_gmt":"2024-08-04T14:53:33","guid":{"rendered":"https:\/\/powerockpharma.com\/?post_type=product&#038;p=75"},"modified":"2025-11-12T06:57:16","modified_gmt":"2025-11-12T05:57:16","slug":"pea-hordenine","status":"publish","type":"product","link":"https:\/\/powerockpharma.com\/pl\/nootropics\/pea-hordenine\/","title":{"rendered":"PEA HORDENINE"},"content":{"rendered":"<h2>W\u0142a\u015bciwo\u015bci:<\/h2>\n<p>Palmitoiloetanoloamid (PEA) i N-dimetylotyramina, powszechnie znane jako hordenina, s\u0105 dobrze znane w \u015brodowisku naukowym ze wzgl\u0119du na ich silny wp\u0142yw na popraw\u0119 funkcji poznawczych i metabolizm t\u0142uszcz\u00f3w. PEA to endogenny amid kwasu t\u0142uszczowego, kt\u00f3ry dzia\u0142a przede wszystkim na neuroreceptory w celu zmniejszenia stanu zapalnego i b\u00f3lu, promuj\u0105c og\u00f3lne dobre samopoczucie. Hordenina, naturalnie wyst\u0119puj\u0105cy alkaloid, jest znana ze swojej zdolno\u015bci do stymulowania uwalniania noradrenaliny, zwi\u0119kszaj\u0105c w ten spos\u00f3b tempo metabolizmu i promuj\u0105c utrat\u0119 t\u0142uszczu. Razem, zwi\u0105zki te stanowi\u0105 idealne po\u0142\u0105czenie dla naukowc\u00f3w badaj\u0105cych wzajemne oddzia\u0142ywanie mi\u0119dzy wydajno\u015bci\u0105 poznawcz\u0105, regulacj\u0105 nastroju i metabolizmem t\u0142uszcz\u00f3w.<\/p>\n<h2>Mechanizm dzia\u0142ania:<\/h2>\n<p>Dzia\u0142anie palmitoiloetanoloamidu opiera si\u0119 na jego interakcji z uk\u0142adem endokannabinoidowym, w szczeg\u00f3lno\u015bci poprzez aktywacj\u0119 PPAR-\u03b1, co prowadzi do zmniejszenia stanu zapalnego, z\u0142agodzenia b\u00f3lu i neuroprotekcji. Sprawia to, \u017ce PEA jest cennym zwi\u0105zkiem w badaniach koncentruj\u0105cych si\u0119 na neurozapaleniu i leczeniu przewlek\u0142ego b\u00f3lu. Z drugiej strony, hordenina dzia\u0142a poprzez hamowanie rozpadu noradrenaliny, kluczowego neuroprzeka\u017anika zaanga\u017cowanego w reakcj\u0119 walki lub ucieczki. Hamowanie to skutkuje przed\u0142u\u017con\u0105 stymulacj\u0105, zwi\u0119kszaj\u0105c jasno\u015b\u0107 umys\u0142u, skupienie i termogeniczne procesy spalania t\u0142uszczu. Selektywne dzia\u0142anie hordeniny zapewnia, \u017ce jej efekty s\u0105 silne, ale kontrolowane, minimalizuj\u0105c ryzyko nadmiernej stymulacji.<\/p>\n<h2>Korzy\u015bci:<\/h2>\n<p>Regularne podawanie palmitoiloetanoloamidu i hordeniny w badaniach wykaza\u0142o znaczn\u0105 popraw\u0119 funkcji poznawczych, w tym popraw\u0119 koncentracji, jasno\u015bci umys\u0142u i stabilizacji nastroju. Dodatkowo, spalaj\u0105ce t\u0142uszcz w\u0142a\u015bciwo\u015bci hordeniny przyczyniaj\u0105 si\u0119 do bardziej efektywnej utraty tkanki t\u0142uszczowej, dzi\u0119ki czemu po\u0142\u0105czenie to jest szczeg\u00f3lnie przydatne w badaniach nad kontrol\u0105 masy cia\u0142a i zdrowiem metabolicznym. Naukowcy mog\u0105 r\u00f3wnie\u017c zaobserwowa\u0107 dodatkowe korzy\u015bci, takie jak zwi\u0119kszony poziom energii, zmniejszony stan zapalny i lepsza og\u00f3lna odporno\u015b\u0107 poznawcza. Produkt ten jest szczeg\u00f3lnie odpowiedni dla os\u00f3b badaj\u0105cych wzajemne powi\u0105zania mi\u0119dzy neuroprotekcj\u0105, wydajno\u015bci\u0105 poznawcz\u0105 i procesami metabolicznymi.<\/p>\n<h2>Dlaczego Powerock Pharma:<\/h2>\n<p>W Powerock Pharma jeste\u015bmy dumni z naszego zaanga\u017cowania w jako\u015b\u0107 i doskona\u0142o\u015b\u0107. Ka\u017cda partia palmitoiloetanoloamidu i N-dimetylotyraminy jest produkowana w najnowocze\u015bniejszych zak\u0142adach, kt\u00f3re spe\u0142niaj\u0105 najwy\u017csze standardy bran\u017cowe, w tym GMP, HACCP i ISO 13485. Nasze rygorystyczne procedury testowe zapewniaj\u0105, \u017ce ka\u017cda kapsu\u0142ka zawiera najczystsz\u0105 i najsilniejsz\u0105 form\u0119 tych zwi\u0105zk\u00f3w, gwarantuj\u0105c sp\u00f3jno\u015b\u0107 i niezawodno\u015b\u0107 w badaniach. Wsp\u00f3\u0142pracujemy z wiod\u0105cymi laboratoriami w celu potwierdzenia czysto\u015bci i skuteczno\u015bci naszych produkt\u00f3w, zapewniaj\u0105c, \u017ce mo\u017cesz zaufa\u0107 wynikom swoich bada\u0144. Wybierz Powerock Pharma, aby uzyska\u0107 niezr\u00f3wnan\u0105 jako\u015b\u0107 i spok\u00f3j ducha.<\/p>\n<h3>Podsumowanie:<\/h3>\n<p>Je\u015bli Twoje badania koncentruj\u0105 si\u0119 na poprawie funkcji poznawczych, regulacji nastroju lub metabolizmie t\u0142uszcz\u00f3w, palmitoiloetanoloamid i hordenina to zwi\u0105zki, kt\u00f3rych potrzebujesz. Produkt ten, wspierany przez rygorystyczne kontrole jako\u015bci Powerock Pharma, zosta\u0142 zaprojektowany w celu zapewnienia sp\u00f3jnych, wiarygodnych wynik\u00f3w w ka\u017cdym badaniu. Nie id\u017a na kompromis w kwestii jako\u015bci - zam\u00f3w palmitoiloetanoloamid i hordenin\u0119 ju\u017c dzi\u015b i podnie\u015b standardy swoich bada\u0144.<\/p>","protected":false},"excerpt":{"rendered":"<p>Palmitoiloetanoloamid i N-dimetylo-tyramina wspomagaj\u0105 funkcje poznawcze i metabolizm t\u0142uszcz\u00f3w poprzez modulacj\u0119 neuroreceptor\u00f3w i enzym\u00f3w. To po\u0142\u0105czenie zapewnia popraw\u0119 koncentracji, nastroju i utrat\u0119 tkanki t\u0142uszczowej. Wybierz Powerock Pharma, aby uzyska\u0107 najwy\u017csz\u0105 jako\u015b\u0107 i niezawodne rezultaty.<\/p>","protected":false},"featured_media":173,"template":"","meta":{"_acf_changed":false,"rank_math_lock_modified_date":false,"inline_featured_image":false},"product_cat":[19],"product_tag":[],"class_list":{"0":"post-75","1":"product","2":"type-product","3":"status-publish","4":"has-post-thumbnail","6":"product_cat-nootropics","9":"first","10":"instock","11":"shipping-taxable","12":"product-type-simple"},"acf":{"chromatogram":631,"metoda":{"acftf":{"v":"1.3.24"},"p":{"o":{"uh":0},"ca":""},"c":[{"p":""}],"h":[{"c":""}],"b":[[{"c":""}]]}},"_links":{"self":[{"href":"https:\/\/powerockpharma.com\/pl\/wp-json\/wp\/v2\/product\/75","targetHints":{"allow":["GET"]}}],"collection":[{"href":"https:\/\/powerockpharma.com\/pl\/wp-json\/wp\/v2\/product"}],"about":[{"href":"https:\/\/powerockpharma.com\/pl\/wp-json\/wp\/v2\/types\/product"}],"wp:featuredmedia":[{"embeddable":true,"href":"https:\/\/powerockpharma.com\/pl\/wp-json\/wp\/v2\/media\/173"}],"wp:attachment":[{"href":"https:\/\/powerockpharma.com\/pl\/wp-json\/wp\/v2\/media?parent=75"}],"wp:term":[{"taxonomy":"product_cat","embeddable":true,"href":"https:\/\/powerockpharma.com\/pl\/wp-json\/wp\/v2\/product_cat?post=75"},{"taxonomy":"product_tag","embeddable":true,"href":"https:\/\/powerockpharma.com\/pl\/wp-json\/wp\/v2\/product_tag?post=75"}],"curies":[{"name":"wp","href":"https:\/\/api.w.org\/{rel}","templated":true}]}}