{"id":76,"date":"2024-08-04T16:54:01","date_gmt":"2024-08-04T14:54:01","guid":{"rendered":"https:\/\/powerockpharma.com\/?post_type=product&#038;p=76"},"modified":"2025-11-12T06:55:55","modified_gmt":"2025-11-12T05:55:55","slug":"phenibut-faa","status":"publish","type":"product","link":"https:\/\/powerockpharma.com\/pl\/nootropics\/phenibut-faa\/","title":{"rendered":"PHENIBUT FAA"},"content":{"rendered":"<h2>W\u0142a\u015bciwo\u015bci:<\/h2>\n<p>Phenibut FAA, czyli kwas 4-amino-3-fenylobutanowy, jest znany ze swojego silnego wp\u0142ywu na funkcje poznawcze i relaksacj\u0119, co czyni go preferowanym wyborem dla os\u00f3b pragn\u0105cych zwi\u0119kszy\u0107 jasno\u015b\u0107 umys\u0142u i dobre samopoczucie emocjonalne. Zwi\u0105zek ten, w postaci wolnego aminokwasu, dzia\u0142a poprzez modulowanie aktywno\u015bci receptor\u00f3w GABA (kwasu gamma-aminomas\u0142owego) w m\u00f3zgu, prowadz\u0105c do znacznej poprawy nastroju, zmniejszenia l\u0119ku i lepszej jako\u015bci snu. Jako \u015brodek nootropowy, Phenibut FAA jest wysoko ceniony za swoj\u0105 zdolno\u015b\u0107 do promowania stanu spokojnego skupienia bez senno\u015bci typowej dla innych anksjolityk\u00f3w.<\/p>\n<h2>Mechanizm dzia\u0142ania:<\/h2>\n<p>Phenibut FAA dzia\u0142a g\u0142\u00f3wnie poprzez interakcj\u0119 z receptorami GABA-B, rodzajem receptora neuroprzeka\u017anika w m\u00f3zgu. Zwi\u0119kszaj\u0105c aktywno\u015b\u0107 GABAergiczn\u0105, Phenibut FAA wywiera uspokajaj\u0105cy wp\u0142yw na uk\u0142ad nerwowy, zmniejszaj\u0105c nadaktywno\u015b\u0107, kt\u00f3ra cz\u0119sto prowadzi do stresu i niepokoju. Ta selektywna modulacja receptor\u00f3w GABA nie tylko pomaga z\u0142agodzi\u0107 uczucie niepokoju i stresu, ale tak\u017ce przyczynia si\u0119 do poprawy funkcji poznawczych poprzez zwi\u0119kszenie jasno\u015bci umys\u0142u i skupienia. Forma wolnego aminokwasu Phenibut zapewnia szybsze wch\u0142anianie i wi\u0119ksz\u0105 biodost\u0119pno\u015b\u0107, dzi\u0119ki czemu jest bardziej skuteczny w osi\u0105ganiu zamierzonych korzy\u015bci.<\/p>\n<h2>Korzy\u015bci:<\/h2>\n<p>Konsekwentne stosowanie Phenibut FAA w warunkach badawczych wi\u0105za\u0142o si\u0119 z zauwa\u017caln\u0105 popraw\u0105 nastroju, obni\u017ceniem poziomu l\u0119ku i popraw\u0105 jako\u015bci snu. Naukowcy zaobserwowali r\u00f3wnie\u017c dodatkowe korzy\u015bci, takie jak lepsze skupienie, zwi\u0119kszona towarzysko\u015b\u0107 i og\u00f3lna stabilno\u015b\u0107 emocjonalna. Zwi\u0105zek ten jest szczeg\u00f3lnie skuteczny w przypadku os\u00f3b lub badanych poddawanych intensywnym badaniom stresowym, wymagaj\u0105cych zwi\u0119kszonych funkcji poznawczych lub sytuacji, w kt\u00f3rych stabilizacja nastroju ma kluczowe znaczenie.<\/p>\n<h2>Dlaczego Powerock Pharma:<\/h2>\n<p>W Powerock Pharma nasze d\u0105\u017cenie do doskona\u0142o\u015bci znajduje odzwierciedlenie w ka\u017cdej wyprodukowanej partii Phenibut FAA. Produkowany w najnowocze\u015bniejszych zak\u0142adach, kt\u00f3re spe\u0142niaj\u0105 i przekraczaj\u0105 standardy GMP, HACCP i ISO 13485, nasz produkt przechodzi rygorystyczne testy w celu zapewnienia czysto\u015bci, si\u0142y dzia\u0142ania i bezpiecze\u0144stwa. Wsp\u00f3\u0142pracujemy z wiod\u0105cymi laboratoriami w celu potwierdzenia jako\u015bci naszego Phenibut FAA, zapewniaj\u0105c sp\u00f3jne i wiarygodne wyniki bada\u0144. Wybieraj\u0105c Powerock Pharma, wybierasz produkt, kt\u00f3ry zapewnia nie tylko skuteczno\u015b\u0107, ale tak\u017ce spok\u00f3j ducha, poparty najwy\u017cszymi standardami produkcji i kontroli jako\u015bci.<\/p>\n<h3>Podsumowanie:<\/h3>\n<p>Je\u015bli twoje badania koncentruj\u0105 si\u0119 na poprawie funkcji poznawczych, zmniejszeniu niepokoju lub poprawie jako\u015bci snu, Phenibut FAA jest idealnym zwi\u0105zkiem do rozwa\u017cenia. Wspierany przez rygorystyczne kontrole jako\u015bci Powerock Pharma, produkt ten zosta\u0142 zaprojektowany, aby pom\u00f3c Ci osi\u0105gn\u0105\u0107 dok\u0142adne i wiarygodne wyniki w badaniach. Nie id\u017a na kompromis w kwestii jako\u015bci - zam\u00f3w Phenibut FAA ju\u017c dzi\u015b i zapewnij sukces swoim projektom badawczym dzi\u0119ki produktowi, kt\u00f3remu mo\u017cesz zaufa\u0107.<\/p>","protected":false},"excerpt":{"rendered":"<p>Phenibut FAA (kwas 4-amino-3-fenylobutanowy) wspomaga funkcje poznawcze i relaksacj\u0119 poprzez modulacj\u0119 receptor\u00f3w GABA. Zapewnia popraw\u0119 nastroju, redukcj\u0119 l\u0119ku i lepszy sen. Wybierz Powerock Pharma, aby uzyska\u0107 niezr\u00f3wnan\u0105 jako\u015b\u0107 i sp\u00f3jne wyniki.<\/p>","protected":false},"featured_media":175,"template":"","meta":{"_acf_changed":false,"rank_math_lock_modified_date":false,"inline_featured_image":false},"product_cat":[19],"product_tag":[],"class_list":{"0":"post-76","1":"product","2":"type-product","3":"status-publish","4":"has-post-thumbnail","6":"product_cat-nootropics","9":"first","10":"instock","11":"shipping-taxable","12":"product-type-simple"},"acf":{"chromatogram":627,"metoda":""},"_links":{"self":[{"href":"https:\/\/powerockpharma.com\/pl\/wp-json\/wp\/v2\/product\/76","targetHints":{"allow":["GET"]}}],"collection":[{"href":"https:\/\/powerockpharma.com\/pl\/wp-json\/wp\/v2\/product"}],"about":[{"href":"https:\/\/powerockpharma.com\/pl\/wp-json\/wp\/v2\/types\/product"}],"wp:featuredmedia":[{"embeddable":true,"href":"https:\/\/powerockpharma.com\/pl\/wp-json\/wp\/v2\/media\/175"}],"wp:attachment":[{"href":"https:\/\/powerockpharma.com\/pl\/wp-json\/wp\/v2\/media?parent=76"}],"wp:term":[{"taxonomy":"product_cat","embeddable":true,"href":"https:\/\/powerockpharma.com\/pl\/wp-json\/wp\/v2\/product_cat?post=76"},{"taxonomy":"product_tag","embeddable":true,"href":"https:\/\/powerockpharma.com\/pl\/wp-json\/wp\/v2\/product_tag?post=76"}],"curies":[{"name":"wp","href":"https:\/\/api.w.org\/{rel}","templated":true}]}}