{"id":77,"date":"2024-08-04T16:54:38","date_gmt":"2024-08-04T14:54:38","guid":{"rendered":"https:\/\/powerockpharma.com\/?post_type=product&#038;p=77"},"modified":"2025-11-12T06:55:35","modified_gmt":"2025-11-12T05:55:35","slug":"phenylpiracetam","status":"publish","type":"product","link":"https:\/\/powerockpharma.com\/pl\/nootropics\/phenylpiracetam\/","title":{"rendered":"FENYLOPIRACETAM"},"content":{"rendered":"<h2>W\u0142a\u015bciwo\u015bci:<\/h2>\n<p>Fenylopiracetam, znany r\u00f3wnie\u017c jako 2-okso-4-fenylo-1-pirolidynoacetamid, jest silnym \u015brodkiem nootropowym znanym ze swojego dzia\u0142ania poprawiaj\u0105cego funkcje poznawcze. Zwi\u0105zek ten jest szczeg\u00f3lnie preferowany przez naukowc\u00f3w i osoby staraj\u0105ce si\u0119 poprawi\u0107 sprawno\u015b\u0107 umys\u0142ow\u0105, poniewa\u017c koncentruje si\u0119 na takich obszarach, jak zatrzymywanie pami\u0119ci, koncentracja i og\u00f3lna jasno\u015b\u0107 umys\u0142u. Fenylopiracetam jest zmodyfikowan\u0105 wersj\u0105 piracetamu, zaprojektowan\u0105 tak, aby mie\u0107 silniejszy wp\u0142yw na funkcje poznawcze. Jego dzia\u0142anie polega na modulowaniu uk\u0142ad\u00f3w neuroprzeka\u017anik\u00f3w w m\u00f3zgu, w szczeg\u00f3lno\u015bci poprzez zwi\u0119kszanie aktywno\u015bci receptor\u00f3w acetylocholiny i dopaminy. Prowadzi to do poprawy plastyczno\u015bci synaptycznej, kt\u00f3ra ma kluczowe znaczenie dla uczenia si\u0119, tworzenia pami\u0119ci i wytrzyma\u0142o\u015bci psychicznej.<\/p>\n<h2>Mechanizm dzia\u0142ania:<\/h2>\n<p>Fenylopiracetam wywiera swoje dzia\u0142anie poprzez wp\u0142yw na kilka kluczowych uk\u0142ad\u00f3w neuroprzeka\u017anik\u00f3w. Przede wszystkim zwi\u0119ksza aktywno\u015b\u0107 acetylocholiny, neuroprzeka\u017anika niezb\u0119dnego w procesach zapami\u0119tywania i uczenia si\u0119. Dodatkowo ma wp\u0142yw na receptory dopaminy, kt\u00f3re odgrywaj\u0105 istotn\u0105 rol\u0119 w regulacji nastroju i motywacji. Zwi\u0119kszona aktywno\u015b\u0107 receptor\u00f3w skutkuje zwi\u0119kszon\u0105 neuroplastyczno\u015bci\u0105, umo\u017cliwiaj\u0105c m\u00f3zgowi adaptacj\u0119 i skuteczniejsze uczenie si\u0119. Mechanizm ten zapewnia korzy\u015bci poznawcze typowe dla nootrop\u00f3w, oferuj\u0105c jednocze\u015bnie w\u0142a\u015bciwo\u015bci neuroprotekcyjne, kt\u00f3re pomagaj\u0105 chroni\u0107 kom\u00f3rki m\u00f3zgowe przed stresem oksydacyjnym i uszkodzeniami.<\/p>\n<h2>Korzy\u015bci:<\/h2>\n<p>Wykazano, \u017ce konsekwentne stosowanie fenylopiracetamu przynosi znacz\u0105ce korzy\u015bci poznawcze. U\u017cytkownicy mog\u0105 do\u015bwiadczy\u0107 znacznej poprawy pami\u0119ci, zwi\u0119kszonej koncentracji i szybszego przetwarzania informacji. Dodatkowo, fenylopiracetam wi\u0105\u017ce si\u0119 ze zwi\u0119kszon\u0105 energi\u0105 psychiczn\u0105 i wytrzyma\u0142o\u015bci\u0105, co czyni go szczeg\u00f3lnie korzystnym dla os\u00f3b zaanga\u017cowanych w wymagaj\u0105ce zadania umys\u0142owe lub badania. Niekt\u00f3re dodatkowe korzy\u015bci obejmuj\u0105 popraw\u0119 nastroju i zmniejszenie objaw\u00f3w l\u0119ku, dzi\u0119ki wp\u0142ywowi na poziom dopaminy. Efekty te sprawiaj\u0105, \u017ce fenylopiracetam jest popularnym wyborem w\u015br\u00f3d student\u00f3w, profesjonalist\u00f3w i badaczy, kt\u00f3rzy chc\u0105 zmaksymalizowa\u0107 sw\u00f3j potencja\u0142 poznawczy.<\/p>\n<h2>Dlaczego Powerock Pharma:<\/h2>\n<p>Powerock Pharma zobowi\u0105zuje si\u0119 do dostarczania wy\u0142\u0105cznie najwy\u017cszej jako\u015bci zwi\u0105zk\u00f3w badawczych, a fenylopiracetam nie jest wyj\u0105tkiem. Nasz produkt jest wytwarzany w zak\u0142adach, kt\u00f3re przestrzegaj\u0105 surowych norm GMP, HACCP i ISO 13485, zapewniaj\u0105c, \u017ce za ka\u017cdym razem otrzymujesz czysty i silny produkt. Rygorystyczne procesy testowania i walidacji potwierdzaj\u0105 czysto\u015b\u0107 i skuteczno\u015b\u0107 naszych kapsu\u0142ek Phenylpiracetam. Wybieraj\u0105c Powerock Pharma, nie tylko otrzymujesz produkt; inwestujesz w niezawodne wyniki wspierane przez firm\u0119, kt\u00f3ra stawia jako\u015b\u0107 i bezpiecze\u0144stwo ponad wszystko.<\/p>\n<h3>Podsumowanie:<\/h3>\n<p>Wznie\u015b swoje badania poznawcze na nowy poziom dzi\u0119ki fenylopiracetamowi od Powerock Pharma. Niezale\u017cnie od tego, czy badasz wzmocnienie pami\u0119ci, popraw\u0119 koncentracji czy wytrzyma\u0142o\u015b\u0107 psychiczn\u0105, zwi\u0105zek ten zapewnia solidne wsparcie, kt\u00f3rego potrzebujesz. Zaufaj zaanga\u017cowaniu Powerock Pharma w d\u0105\u017cenie do doskona\u0142o\u015bci i uczy\u0144 fenylopiracetam cz\u0119\u015bci\u0105 swojego zestawu narz\u0119dzi badawczych. Zam\u00f3w ju\u017c dzi\u015b, aby do\u015bwiadczy\u0107 r\u00f3\u017cnicy, jak\u0105 robi jako\u015b\u0107.<\/p>","protected":false},"excerpt":{"rendered":"<p>Fenylopiracetam poprawia wydajno\u015b\u0107 poznawcz\u0105 poprzez zwi\u0119kszenie aktywno\u015bci neuroprzeka\u017anik\u00f3w. Wspomaga pami\u0119\u0107, koncentracj\u0119 i jasno\u015b\u0107 umys\u0142u. Wybierz Powerock Pharma, aby uzyska\u0107 najwy\u017csz\u0105 jako\u015b\u0107 i sp\u00f3jne wyniki.<\/p>","protected":false},"featured_media":177,"template":"","meta":{"_acf_changed":false,"rank_math_lock_modified_date":false,"inline_featured_image":false},"product_cat":[19],"product_tag":[],"class_list":{"0":"post-77","1":"product","2":"type-product","3":"status-publish","4":"has-post-thumbnail","6":"product_cat-nootropics","9":"first","10":"instock","11":"shipping-taxable","12":"product-type-simple"},"acf":{"chromatogram":626,"metoda":""},"_links":{"self":[{"href":"https:\/\/powerockpharma.com\/pl\/wp-json\/wp\/v2\/product\/77","targetHints":{"allow":["GET"]}}],"collection":[{"href":"https:\/\/powerockpharma.com\/pl\/wp-json\/wp\/v2\/product"}],"about":[{"href":"https:\/\/powerockpharma.com\/pl\/wp-json\/wp\/v2\/types\/product"}],"wp:featuredmedia":[{"embeddable":true,"href":"https:\/\/powerockpharma.com\/pl\/wp-json\/wp\/v2\/media\/177"}],"wp:attachment":[{"href":"https:\/\/powerockpharma.com\/pl\/wp-json\/wp\/v2\/media?parent=77"}],"wp:term":[{"taxonomy":"product_cat","embeddable":true,"href":"https:\/\/powerockpharma.com\/pl\/wp-json\/wp\/v2\/product_cat?post=77"},{"taxonomy":"product_tag","embeddable":true,"href":"https:\/\/powerockpharma.com\/pl\/wp-json\/wp\/v2\/product_tag?post=77"}],"curies":[{"name":"wp","href":"https:\/\/api.w.org\/{rel}","templated":true}]}}