{"id":78,"date":"2024-08-04T16:55:08","date_gmt":"2024-08-04T14:55:08","guid":{"rendered":"https:\/\/powerockpharma.com\/?post_type=product&#038;p=78"},"modified":"2025-11-12T06:51:26","modified_gmt":"2025-11-12T05:51:26","slug":"sunifiram","status":"publish","type":"product","link":"https:\/\/powerockpharma.com\/pl\/nootropics\/sunifiram\/","title":{"rendered":"SUNIFIRAM"},"content":{"rendered":"<h2>W\u0142a\u015bciwo\u015bci:<\/h2>\n<p>Sunifiram (DM235) to silny \u015brodek nootropowy znany ze swojego znacz\u0105cego wp\u0142ywu na popraw\u0119 funkcji poznawczych, co czyni go idealnym wyborem dla os\u00f3b pragn\u0105cych zwi\u0119kszy\u0107 swoj\u0105 ostro\u015b\u0107 umys\u0142u i koncentracj\u0119. Jako piperazynowa pochodna piracetamu, Sunifiram jest znany ze swojej zdolno\u015bci do zwi\u0119kszania retencji pami\u0119ci, zdolno\u015bci uczenia si\u0119 i og\u00f3lnej wydajno\u015bci poznawczej. Zwi\u0105zek ten dzia\u0142a poprzez modulowanie receptor\u00f3w AMPA w m\u00f3zgu, kt\u00f3re maj\u0105 kluczowe znaczenie dla transmisji synaptycznej i plastyczno\u015bci, u\u0142atwiaj\u0105c w ten spos\u00f3b lepsz\u0105 komunikacj\u0119 mi\u0119dzy neuronami. Uwa\u017ca si\u0119, \u017ce dzia\u0142anie Sunifiramu prowadzi do regulacji w g\u00f3r\u0119 neurotroficznego czynnika pochodzenia m\u00f3zgowego (BDNF), kt\u00f3ry odgrywa istotn\u0105 rol\u0119 w neurogenezie, co dodatkowo wspiera jego w\u0142a\u015bciwo\u015bci poprawiaj\u0105ce funkcje poznawcze.<\/p>\n<h2>Mechanizm dzia\u0142ania:<\/h2>\n<p>Podstawowy mechanizm dzia\u0142ania Sunifiram koncentruje si\u0119 wok\u00f3\u0142 jego roli jako modulatora receptora AMPA, procesu znanego jako aktywno\u015b\u0107 \"AMPAkine\". Pozytywnie moduluj\u0105c te receptory, Sunifiram zwi\u0119ksza pobudliwo\u015b\u0107 neuron\u00f3w, co jest niezb\u0119dne do d\u0142ugotrwa\u0142ego wzmocnienia (LTP) - fizjologicznego procesu le\u017c\u0105cego u podstaw uczenia si\u0119 i pami\u0119ci. Modulacja ta prowadzi do poprawy plastyczno\u015bci synaptycznej, co zwi\u0119ksza zdolno\u015b\u0107 m\u00f3zgu do przechowywania i przywo\u0142ywania informacji. Ponadto wykazano, \u017ce Sunifiram zwi\u0119ksza uwalnianie acetylocholiny, neuroprzeka\u017anika zwi\u0105zanego z uczeniem si\u0119 i pami\u0119ci\u0105, co dodatkowo przyczynia si\u0119 do jego korzy\u015bci poznawczych. W przeciwie\u0144stwie do tradycyjnych stymulant\u00f3w, Sunifiram zapewnia te ulepszenia poznawcze bez dr\u017cenia lub za\u0142amania, co czyni go preferowanym wyborem dla trwa\u0142ej wydajno\u015bci umys\u0142owej.<\/p>\n<h2>Korzy\u015bci:<\/h2>\n<p>Konsekwentne stosowanie Sunifiram skutkuje zauwa\u017caln\u0105 popraw\u0105 retencji pami\u0119ci, szybszym uczeniem si\u0119 i zwi\u0119kszon\u0105 koncentracj\u0105. U\u017cytkownicy cz\u0119sto zg\u0142aszaj\u0105 wzrost jasno\u015bci umys\u0142u i szybsze przetwarzanie poznawcze, co czyni go szczeg\u00f3lnie korzystnym dla os\u00f3b zaanga\u017cowanych w wymagaj\u0105ce aktywno\u015bci intelektualne lub tych, kt\u00f3rzy chc\u0105 poprawi\u0107 swoje wyniki akademickie lub zawodowe. Dodatkowe korzy\u015bci obejmuj\u0105 popraw\u0119 nastroju i motywacji, prawdopodobnie ze wzgl\u0119du na wp\u0142yw Sunifiram na aktywno\u015b\u0107 neuroprzeka\u017anik\u00f3w w m\u00f3zgu. Zwi\u0105zek ten jest szczeg\u00f3lnie skuteczny dla naukowc\u00f3w badaj\u0105cych popraw\u0119 funkcji poznawczych w stanach neurodegeneracyjnych lub badaj\u0105cych mechanizmy plastyczno\u015bci synaptycznej.<\/p>\n<h2>Dlaczego Powerock Pharma:<\/h2>\n<p>W Powerock Pharma priorytetowo traktujemy jako\u015b\u0107 i bezpiecze\u0144stwo ka\u017cdego wytwarzanego przez nas produktu. Ka\u017cda partia Sunifiram przechodzi rygorystyczne testy w zak\u0142adach, kt\u00f3re spe\u0142niaj\u0105 i przekraczaj\u0105 normy GMP, HACCP i ISO 13485. Nasze kompleksowe procesy kontroli jako\u015bci zapewniaj\u0105, \u017ce Sunifiram jest nie tylko czysty i silny, ale tak\u017ce sp\u00f3jny w ka\u017cdej kapsu\u0142ce. Wsp\u00f3\u0142pracuj\u0105c z wiod\u0105cymi laboratoriami, weryfikujemy czysto\u015b\u0107 i skuteczno\u015b\u0107 naszych produkt\u00f3w, daj\u0105c ci pewno\u015b\u0107, \u017ce mo\u017cesz zaufa\u0107 Sunifiram dla swoich potrzeb badawczych. Wybierz Powerock Pharma, aby uzyska\u0107 niezr\u00f3wnan\u0105 jako\u015b\u0107 i wyniki, na kt\u00f3rych mo\u017cesz polega\u0107.<\/p>\n<h3>Podsumowanie:<\/h3>\n<p>Je\u015bli Twoim celem jest zwi\u0119kszenie wydajno\u015bci poznawczej, Sunifiram jest rozwi\u0105zaniem, kt\u00f3rego szuka\u0142e\u015b. Wspierany przez zaanga\u017cowanie Powerock Pharma w jako\u015b\u0107, ten nootropik zosta\u0142 zaprojektowany, aby pom\u00f3c Ci osi\u0105gn\u0105\u0107 doskona\u0142\u0105 ostro\u015b\u0107 umys\u0142u bezpiecznie i skutecznie. Nie rezygnuj ze swoich cel\u00f3w poznawczych - zam\u00f3w Sunifiram ju\u017c dzi\u015b i poczuj r\u00f3\u017cnic\u0119.<\/p>","protected":false},"excerpt":{"rendered":"<p>Sunifiram (DM235) zwi\u0119ksza wydajno\u015b\u0107 poznawcz\u0105 poprzez modulacj\u0119 receptor\u00f3w AMPA, prowadz\u0105c do poprawy pami\u0119ci, koncentracji i zdolno\u015bci uczenia si\u0119. Do\u015bwiadcz czysto\u015bci i mocy rygorystycznych standard\u00f3w jako\u015bci Powerock Pharma.<\/p>","protected":false},"featured_media":179,"template":"","meta":{"_acf_changed":false,"rank_math_lock_modified_date":false,"inline_featured_image":false},"product_cat":[19],"product_tag":[],"class_list":{"0":"post-78","1":"product","2":"type-product","3":"status-publish","4":"has-post-thumbnail","6":"product_cat-nootropics","9":"first","10":"instock","11":"shipping-taxable","12":"product-type-simple"},"acf":{"chromatogram":612,"metoda":{"acftf":{"v":"1.3.24"},"p":{"o":{"uh":0},"ca":""},"c":[{"p":""}],"h":[{"c":""}],"b":[[{"c":""}]]}},"_links":{"self":[{"href":"https:\/\/powerockpharma.com\/pl\/wp-json\/wp\/v2\/product\/78","targetHints":{"allow":["GET"]}}],"collection":[{"href":"https:\/\/powerockpharma.com\/pl\/wp-json\/wp\/v2\/product"}],"about":[{"href":"https:\/\/powerockpharma.com\/pl\/wp-json\/wp\/v2\/types\/product"}],"wp:featuredmedia":[{"embeddable":true,"href":"https:\/\/powerockpharma.com\/pl\/wp-json\/wp\/v2\/media\/179"}],"wp:attachment":[{"href":"https:\/\/powerockpharma.com\/pl\/wp-json\/wp\/v2\/media?parent=78"}],"wp:term":[{"taxonomy":"product_cat","embeddable":true,"href":"https:\/\/powerockpharma.com\/pl\/wp-json\/wp\/v2\/product_cat?post=78"},{"taxonomy":"product_tag","embeddable":true,"href":"https:\/\/powerockpharma.com\/pl\/wp-json\/wp\/v2\/product_tag?post=78"}],"curies":[{"name":"wp","href":"https:\/\/api.w.org\/{rel}","templated":true}]}}