{"id":79,"date":"2024-08-04T16:57:36","date_gmt":"2024-08-04T14:57:36","guid":{"rendered":"https:\/\/powerockpharma.com\/?post_type=product&#038;p=79"},"modified":"2025-11-12T07:03:23","modified_gmt":"2025-11-12T06:03:23","slug":"kisspeptin-10","status":"publish","type":"product","link":"https:\/\/powerockpharma.com\/pl\/peptide-lyophilizates\/kisspeptyna-10\/","title":{"rendered":"KISSPEPTYNA-10"},"content":{"rendered":"<h2>W\u0142a\u015bciwo\u015bci:<\/h2>\n<p>Kisspeptyna-10, znana r\u00f3wnie\u017c jako Metastin (45-54), jest silnym peptydem szeroko znanym ze swojego znacz\u0105cego wp\u0142ywu na zdrowie reprodukcyjne i regulacj\u0119 hormonaln\u0105. Odgrywa kluczow\u0105 rol\u0119 w stymulowaniu uwalniania hormonu uwalniaj\u0105cego gonadotropiny (GnRH), kt\u00f3ry z kolei wyzwala produkcj\u0119 niezb\u0119dnych hormon\u00f3w rozrodczych, takich jak hormon luteinizuj\u0105cy (LH) i hormon folikulotropowy (FSH). Peptyd ten przyci\u0105gn\u0105\u0142 uwag\u0119 ze wzgl\u0119du na swoje potencjalne zastosowania w badaniach nad p\u0142odno\u015bci\u0105, co czyni go preferowanym wyborem dla os\u00f3b studiuj\u0105cych endokrynologi\u0119 reprodukcyjn\u0105 i dziedziny pokrewne.<\/p>\n<h2>Mechanizm dzia\u0142ania:<\/h2>\n<p>Dzia\u0142anie kisspeptyny-10 opiera si\u0119 na jej zdolno\u015bci do wi\u0105zania si\u0119 z receptorem GPR54 (Kiss1R), kt\u00f3ry ulega ekspresji g\u0142\u00f3wnie w podwzg\u00f3rzu. Po zwi\u0105zaniu Kisspeptin-10 aktywuje szlaki sygna\u0142owe, kt\u00f3re prowadz\u0105 do wydzielania GnRH z neuron\u00f3w podwzg\u00f3rza. To wydzielanie GnRH ma kluczowe znaczenie w regulacji uwalniania LH i FSH z przysadki m\u00f3zgowej, kt\u00f3re s\u0105 krytycznymi hormonami w procesie rozrodczym. Mechanizm ten le\u017cy u podstaw jego potencjalnych zastosowa\u0144 w zwi\u0119kszaniu p\u0142odno\u015bci, regulowaniu cykli menstruacyjnych i badaniu pocz\u0105tku dojrzewania. Selektywne dzia\u0142anie Kisspeptin-10 na o\u015b reprodukcyjn\u0105 zapewnia, \u017ce jest on ukierunkowany na po\u017c\u0105dane wyniki fizjologiczne bez znacz\u0105cego wp\u0142ywu na inne szlaki hormonalne, co czyni go ukierunkowanym narz\u0119dziem do bada\u0144 nad modulacj\u0105 hormonaln\u0105.<\/p>\n<h2>Korzy\u015bci:<\/h2>\n<p>Badania obejmuj\u0105ce konsekwentne stosowanie Kisspeptin-10 wykaza\u0142y potencjalne korzy\u015bci w r\u00f3\u017cnych aspektach zdrowia reprodukcyjnego. Badania sugeruj\u0105, \u017ce mo\u017ce on poprawi\u0107 p\u0142odno\u015b\u0107 poprzez zwi\u0119kszenie uwalniania hormon\u00f3w rozrodczych, co mo\u017ce by\u0107 szczeg\u00f3lnie korzystne w przypadku niedoboru hormon\u00f3w lub zaburze\u0144 rozrodczych. Ponadto Kisspeptin-10 zosta\u0142 zbadany pod k\u0105tem jego roli w regulowaniu pocz\u0105tku dojrzewania i utrzymywaniu funkcji rozrodczych, co czyni go wszechstronnym narz\u0119dziem zar\u00f3wno w warunkach klinicznych, jak i badawczych. Naukowcy mog\u0105 r\u00f3wnie\u017c zaobserwowa\u0107 dodatkowe korzy\u015bci, takie jak poprawa r\u00f3wnowagi hormonalnej i potencjalna stabilizacja nastroju ze wzgl\u0119du na wp\u0142yw peptydu na o\u015b hormon\u00f3w rozrodczych. Kisspeptin-10 jest szczeg\u00f3lnie cenny dla badaczy zajmuj\u0105cych si\u0119 p\u0142odno\u015bci\u0105, zdrowiem reprodukcyjnym i terapiami hormonalnymi.<\/p>\n<h2>Dlaczego Powerock Pharma:<\/h2>\n<p>W Powerock Pharma jeste\u015bmy zaanga\u017cowani w dostarczanie doskona\u0142o\u015bci w ka\u017cdej partii Kisspeptin-10. Nasze produkty s\u0105 wytwarzane w najnowocze\u015bniejszych zak\u0142adach, kt\u00f3re spe\u0142niaj\u0105 najwy\u017csze standardy jako\u015bci, w tym certyfikaty GMP, HACCP i ISO 13485. Wsp\u00f3\u0142pracujemy z wiod\u0105cymi laboratoriami, aby zapewni\u0107, \u017ce ka\u017cda partia Kisspeptin-10 ma najwy\u017csz\u0105 czysto\u015b\u0107 i moc, zapewniaj\u0105c badaczom wiarygodne i sp\u00f3jne wyniki. Nasze rygorystyczne \u015brodki kontroli jako\u015bci gwarantuj\u0105, \u017ce otrzymasz produkt, kt\u00f3ry jest nie tylko skuteczny, ale tak\u017ce bezpieczny do stosowania w zaawansowanych badaniach. Wybieraj\u0105c Powerock Pharma, wybierasz partnera zaanga\u017cowanego we wspieranie Twoich bada\u0144 z precyzj\u0105 i niezawodno\u015bci\u0105.<\/p>\n<h3>Podsumowanie:<\/h3>\n<p>Je\u015bli chcesz rozwin\u0105\u0107 swoje badania nad zdrowiem reprodukcyjnym i r\u00f3wnowag\u0105 hormonaln\u0105, Kisspeptin-10 jest idealnym peptydem do zbadania. Wspierany przez rygorystyczne standardy jako\u015bci Powerock Pharma, produkt ten zosta\u0142 zaprojektowany, aby wspiera\u0107 twoje wysi\u0142ki badawcze z niezr\u00f3wnan\u0105 dok\u0142adno\u015bci\u0105 i skuteczno\u015bci\u0105. Nie zadowalaj si\u0119 niczym gorszym - zam\u00f3w Kisspeptin-10 ju\u017c dzi\u015b i przenie\u015b swoje badania na wy\u017cszy poziom.<\/p>","protected":false},"excerpt":{"rendered":"<p>Kisspeptin-10 wspiera zdrowie reprodukcyjne i r\u00f3wnowag\u0119 hormonaln\u0105 poprzez stymulacj\u0119 uwalniania hormonu uwalniaj\u0105cego gonadotropiny (GnRH). Oferuje potencjalne korzy\u015bci w badaniach nad p\u0142odno\u015bci\u0105 i regulacji hormonalnej. Wybierz Powerock Pharma, aby uzyska\u0107 niezr\u00f3wnan\u0105 jako\u015b\u0107 i precyzj\u0119.<\/p>","protected":false},"featured_media":199,"template":"","meta":{"_acf_changed":false,"rank_math_lock_modified_date":false,"inline_featured_image":false},"product_cat":[17],"product_tag":[],"class_list":{"0":"post-79","1":"product","2":"type-product","3":"status-publish","4":"has-post-thumbnail","6":"product_cat-peptide-lyophilizates","9":"first","10":"instock","11":"shipping-taxable","12":"product-type-simple"},"acf":{"chromatogram":653,"metoda":{"acftf":{"v":"1.3.24"},"p":{"o":{"uh":0},"ca":""},"c":[{"p":""}],"h":[{"c":""}],"b":[[{"c":""}]]}},"_links":{"self":[{"href":"https:\/\/powerockpharma.com\/pl\/wp-json\/wp\/v2\/product\/79","targetHints":{"allow":["GET"]}}],"collection":[{"href":"https:\/\/powerockpharma.com\/pl\/wp-json\/wp\/v2\/product"}],"about":[{"href":"https:\/\/powerockpharma.com\/pl\/wp-json\/wp\/v2\/types\/product"}],"wp:featuredmedia":[{"embeddable":true,"href":"https:\/\/powerockpharma.com\/pl\/wp-json\/wp\/v2\/media\/199"}],"wp:attachment":[{"href":"https:\/\/powerockpharma.com\/pl\/wp-json\/wp\/v2\/media?parent=79"}],"wp:term":[{"taxonomy":"product_cat","embeddable":true,"href":"https:\/\/powerockpharma.com\/pl\/wp-json\/wp\/v2\/product_cat?post=79"},{"taxonomy":"product_tag","embeddable":true,"href":"https:\/\/powerockpharma.com\/pl\/wp-json\/wp\/v2\/product_tag?post=79"}],"curies":[{"name":"wp","href":"https:\/\/api.w.org\/{rel}","templated":true}]}}