{"id":80,"date":"2024-08-04T16:57:54","date_gmt":"2024-08-04T14:57:54","guid":{"rendered":"https:\/\/powerockpharma.com\/?post_type=product&#038;p=80"},"modified":"2025-11-12T07:01:47","modified_gmt":"2025-11-12T06:01:47","slug":"ll-37","status":"publish","type":"product","link":"https:\/\/powerockpharma.com\/pl\/peptide-lyophilizates\/ll-37\/","title":{"rendered":"LL-37"},"content":{"rendered":"<h2>W\u0142a\u015bciwo\u015bci:<\/h2>\n<p>LL-37 (ludzki), znany r\u00f3wnie\u017c jako Ropocamptide, jest silnym peptydem przeciwdrobnoustrojowym o znacz\u0105cym wp\u0142ywie na regulacj\u0119 immunologiczn\u0105 i napraw\u0119 tkanek. Peptyd ten jest naturalnie wytwarzany w ludzkim organizmie i jest kluczowym sk\u0142adnikiem wrodzonego uk\u0142adu odporno\u015bciowego. LL-37 jest znany ze swojej zdolno\u015bci do zwalczania szerokiej gamy patogen\u00f3w, w tym bakterii, grzyb\u00f3w i wirus\u00f3w, co czyni go niezb\u0119dnym narz\u0119dziem do bada\u0144 nad kontrol\u0105 infekcji i modulacj\u0105 odporno\u015bci. Ponadto zaobserwowano, \u017ce LL-37 odgrywa kluczow\u0105 rol\u0119 w gojeniu si\u0119 ran, przyspieszaj\u0105c proces naprawy poprzez promowanie proliferacji kom\u00f3rek i zmniejszanie stanu zapalnego. Naukowcy ceni\u0105 ten peptyd za jego podw\u00f3jne dzia\u0142anie - zar\u00f3wno jako silny \u015brodek przeciwdrobnoustrojowy, jak i promotor regeneracji tkanek.<\/p>\n<h2>Mechanizm dzia\u0142ania:<\/h2>\n<p>Dzia\u0142anie LL-37 koncentruje si\u0119 wok\u00f3\u0142 jego interakcji z b\u0142onami drobnoustroj\u00f3w i jego zdolno\u015bci do modulowania odpowiedzi immunologicznej. LL-37 zak\u0142\u00f3ca integralno\u015b\u0107 b\u0142on kom\u00f3rkowych drobnoustroj\u00f3w, prowadz\u0105c do ich szybkiego zniszczenia. Poza w\u0142a\u015bciwo\u015bciami przeciwdrobnoustrojowymi, LL-37 wp\u0142ywa r\u00f3wnie\u017c na uk\u0142ad odporno\u015bciowy gospodarza, moduluj\u0105c reakcje zapalne. Wchodzi w interakcje z r\u00f3\u017cnymi receptorami na kom\u00f3rkach odporno\u015bciowych, takimi jak receptory Toll-podobne (TLR), prowadz\u0105c do zr\u00f3wnowa\u017conej odpowiedzi zapalnej, kt\u00f3ra ma kluczowe znaczenie dla skutecznego gojenia. Kontroluj\u0105c stan zapalny, LL-37 minimalizuje uszkodzenia tkanek, jednocze\u015bnie wzmacniaj\u0105c naturalne mechanizmy naprawcze organizmu. Sprawia to, \u017ce LL-37 jest nie tylko skuteczny w zwalczaniu infekcji, ale tak\u017ce nieoceniony w badaniach zwi\u0105zanych z przewlek\u0142ymi ranami i stanami zapalnymi.<\/p>\n<h2>Korzy\u015bci:<\/h2>\n<p>Konsekwentne stosowanie LL-37 w warunkach badawczych wykaza\u0142o znacz\u0105ce korzy\u015bci, w tym przyspieszone gojenie si\u0119 ran, zwi\u0119kszon\u0105 regeneracj\u0119 tkanek i lepsz\u0105 obron\u0119 immunologiczn\u0105 przed szerokim spektrum patogen\u00f3w. Dodatkowo, LL-37 wykaza\u0142 potencja\u0142 w zmniejszaniu przewlek\u0142ego stanu zapalnego, co czyni go szczeg\u00f3lnie przydatnym w badaniach nad chorobami autoimmunologicznymi i przewlek\u0142ymi zaburzeniami zapalnymi. Naukowcy mog\u0105 r\u00f3wnie\u017c uzna\u0107 LL-37 za korzystny w badaniu nowych metod leczenia infekcji sk\u00f3ry, sepsy i innych schorze\u0144, w kt\u00f3rych uk\u0142ad odporno\u015bciowy odgrywa kluczow\u0105 rol\u0119. Jego zdolno\u015b\u0107 do promowania naprawy tkanek przy jednoczesnym kontrolowaniu infekcji sprawia, \u017ce LL-37 jest wszechstronnym narz\u0119dziem w medycynie regeneracyjnej i badaniach immunologicznych.<\/p>\n<h2>Dlaczego Powerock Pharma:<\/h2>\n<p>W Powerock Pharma stawiamy na jako\u015b\u0107 i precyzj\u0119 na ka\u017cdym etapie procesu produkcyjnego. LL-37, podobnie jak wszystkie nasze produkty, jest wytwarzany w zak\u0142adach, kt\u00f3re \u015bci\u015ble przestrzegaj\u0105 norm GMP, HACCP i ISO 13485. Zapewnia to, \u017ce ka\u017cda partia LL-37 jest produkowana pod najwy\u017csz\u0105 kontrol\u0105 jako\u015bci, gwarantuj\u0105c jego czysto\u015b\u0107, moc i bezpiecze\u0144stwo. Stosujemy najnowocze\u015bniejsze techniki analityczne w celu potwierdzenia skuteczno\u015bci naszych produkt\u00f3w, zapewniaj\u0105c badaczom pewno\u015b\u0107, kt\u00f3rej potrzebuj\u0105, aby osi\u0105gn\u0105\u0107 wiarygodne wyniki. Wybieraj\u0105c LL-37 od Powerock Pharma, wybierasz produkt poparty rygorystyczn\u0105 walidacj\u0105 naukow\u0105 i zobowi\u0105zaniem do doskona\u0142o\u015bci.<\/p>\n<h3>Podsumowanie:<\/h3>\n<p>Je\u015bli Twoje badania dotycz\u0105 modulacji odporno\u015bci, kontroli infekcji lub regeneracji tkanek, LL-37 jest niezb\u0119dnym narz\u0119dziem. Wspierany przez zaanga\u017cowanie Powerock Pharma w jako\u015b\u0107 i bezpiecze\u0144stwo, peptyd ten zosta\u0142 zaprojektowany w celu zapewnienia sp\u00f3jnych, wiarygodnych wynik\u00f3w w badaniach. Nie id\u017a na kompromis w swoich badaniach - zam\u00f3w LL-37 ju\u017c dzi\u015b w Powerock Pharma i przenie\u015b swoje badania na wy\u017cszy poziom.<\/p>","protected":false},"excerpt":{"rendered":"<p>LL-37 (Ropocamptide) wspomaga obron\u0119 immunologiczn\u0105 i napraw\u0119 tkanek poprzez modulowanie reakcji zapalnych i wzmacnianie aktywno\u015bci przeciwdrobnoustrojowej. Oferuje silne korzy\u015bci w gojeniu si\u0119 ran i kontroli infekcji. Wybierz Powerock Pharma dla czysto\u015bci i precyzji.<\/p>","protected":false},"featured_media":200,"template":"","meta":{"_acf_changed":false,"rank_math_lock_modified_date":false,"inline_featured_image":false},"product_cat":[17],"product_tag":[],"class_list":{"0":"post-80","1":"product","2":"type-product","3":"status-publish","4":"has-post-thumbnail","6":"product_cat-peptide-lyophilizates","9":"first","10":"instock","11":"shipping-taxable","12":"product-type-simple"},"acf":{"chromatogram":647,"metoda":""},"_links":{"self":[{"href":"https:\/\/powerockpharma.com\/pl\/wp-json\/wp\/v2\/product\/80","targetHints":{"allow":["GET"]}}],"collection":[{"href":"https:\/\/powerockpharma.com\/pl\/wp-json\/wp\/v2\/product"}],"about":[{"href":"https:\/\/powerockpharma.com\/pl\/wp-json\/wp\/v2\/types\/product"}],"wp:featuredmedia":[{"embeddable":true,"href":"https:\/\/powerockpharma.com\/pl\/wp-json\/wp\/v2\/media\/200"}],"wp:attachment":[{"href":"https:\/\/powerockpharma.com\/pl\/wp-json\/wp\/v2\/media?parent=80"}],"wp:term":[{"taxonomy":"product_cat","embeddable":true,"href":"https:\/\/powerockpharma.com\/pl\/wp-json\/wp\/v2\/product_cat?post=80"},{"taxonomy":"product_tag","embeddable":true,"href":"https:\/\/powerockpharma.com\/pl\/wp-json\/wp\/v2\/product_tag?post=80"}],"curies":[{"name":"wp","href":"https:\/\/api.w.org\/{rel}","templated":true}]}}