{"id":81,"date":"2024-08-04T16:58:26","date_gmt":"2024-08-04T14:58:26","guid":{"rendered":"https:\/\/powerockpharma.com\/?post_type=product&#038;p=81"},"modified":"2025-11-12T07:04:03","modified_gmt":"2025-11-12T06:04:03","slug":"hgh-fragment-176-191","status":"publish","type":"product","link":"https:\/\/powerockpharma.com\/pl\/peptide-lyophilizates\/hgh-fragment-176-191\/","title":{"rendered":"HGH FRAGMENT 176-191"},"content":{"rendered":"<h2>W\u0142a\u015bciwo\u015bci:<\/h2>\n<p>HGH Fragment 176-191, specyficzna cz\u0119\u015b\u0107 ludzkiego hormonu wzrostu, jest znany ze swoich silnych w\u0142a\u015bciwo\u015bci spalania t\u0142uszczu, co czyni go doskona\u0142ym wyborem dla naukowc\u00f3w koncentruj\u0105cych si\u0119 na utracie t\u0142uszczu i poprawie sk\u0142adu cia\u0142a. Ten fragment peptydu dzia\u0142a na\u015bladuj\u0105c spalaj\u0105ce t\u0142uszcz dzia\u0142anie naturalnego ludzkiego hormonu wzrostu bez wp\u0142ywu na poziom cukru we krwi lub promowania niepo\u017c\u0105danego wzrostu mi\u0119\u015bni. Fragment HGH 176-191 zosta\u0142 zaprojektowany tak, aby celowa\u0107 w tkank\u0119 t\u0142uszczow\u0105, stymuluj\u0105c lipoliz\u0119, jednocze\u015bnie hamuj\u0105c lipogenez\u0119, prowadz\u0105c w ten spos\u00f3b do znacznej redukcji tkanki t\u0142uszczowej.<\/p>\n<h2>Mechanizm dzia\u0142ania:<\/h2>\n<p>Mechanizm dzia\u0142ania HGH Fragment 176-191 koncentruje si\u0119 na jego zdolno\u015bci do selektywnego stymulowania rozpadu kom\u00f3rek t\u0142uszczowych (lipolizy) i hamowania tworzenia nowych kom\u00f3rek t\u0142uszczowych (lipogenezy). Poprzez ukierunkowanie na C-ko\u0144cowy region cz\u0105steczki HGH, fragment ten wyzwala metabolizm t\u0142uszczu bez aktywowania szerszych efekt\u00f3w og\u00f3lnoustrojowych zwi\u0105zanych z hormonem o pe\u0142nej d\u0142ugo\u015bci, takich jak zwi\u0119kszona oporno\u015b\u0107 na insulin\u0119. Ta selektywno\u015b\u0107 zapewnia, \u017ce HGH Fragment 176-191 wp\u0142ywa przede wszystkim na tkank\u0119 t\u0142uszczow\u0105, prowadz\u0105c do zwi\u0119kszonej utraty t\u0142uszczu, szczeg\u00f3lnie w uporczywych obszarach, takich jak brzuch. Ponadto pomaga zachowa\u0107 bezt\u0142uszczow\u0105 mas\u0119 mi\u0119\u015bniow\u0105 podczas deficyt\u00f3w kalorycznych, dzi\u0119ki czemu idealnie nadaje si\u0119 do cykli ci\u0119cia i bada\u0144 nad kontrol\u0105 masy cia\u0142a.<\/p>\n<h2>Korzy\u015bci:<\/h2>\n<p>Konsekwentne stosowanie HGH Fragment 176-191 w warunkach badawczych mo\u017ce skutkowa\u0107 zauwa\u017caln\u0105 redukcj\u0105 tkanki t\u0142uszczowej, szczeg\u00f3lnie w trudnych do utraty obszarach. Dodatkowo, badani mog\u0105 do\u015bwiadczy\u0107 poprawy tempa metabolizmu, lepszej definicji mi\u0119\u015bni i zwi\u0119kszonego poziomu energii ze wzgl\u0119du na rol\u0119 peptydu w optymalizacji wykorzystania t\u0142uszczu. Zwi\u0105zek ten jest szczeg\u00f3lnie skuteczny dla badaczy zajmuj\u0105cych si\u0119 sk\u0142adem cia\u0142a, utrat\u0105 wagi i zdrowiem metabolicznym. W przeciwie\u0144stwie do pe\u0142nej d\u0142ugo\u015bci HGH, ten fragment nie podnosi poziomu cukru we krwi ani nie powoduje zatrzymywania wody, oferuj\u0105c bezpieczniejszy profil dla bada\u0144 koncentruj\u0105cych si\u0119 na utracie t\u0142uszczu bez typowych skutk\u00f3w ubocznych.<\/p>\n<h2>Dlaczego Powerock Pharma:<\/h2>\n<p>W Powerock Pharma nasze zaanga\u017cowanie w doskona\u0142o\u015b\u0107 jest widoczne na ka\u017cdym etapie naszego procesu produkcyjnego. HGH Fragment 176-191 jest syntetyzowany i oczyszczany w zak\u0142adach, kt\u00f3re spe\u0142niaj\u0105 i przekraczaj\u0105 rygorystyczne normy GMP, HACCP i ISO 13485. Gwarantuje to, \u017ce ka\u017cda partia jest nie tylko skuteczna, ale tak\u017ce bezpieczna i niezawodna do cel\u00f3w badawczych. Nasze rygorystyczne procedury testowe, przeprowadzane we wsp\u00f3\u0142pracy z wiod\u0105cymi laboratoriami, gwarantuj\u0105, \u017ce czysto\u015b\u0107 i si\u0142a dzia\u0142ania HGH Fragment 176-191 spe\u0142niaj\u0105 najwy\u017csze standardy bran\u017cowe. Wybieraj\u0105c Powerock Pharma, wybierasz produkt poparty nauk\u0105, jako\u015bci\u0105 i zaanga\u017cowaniem w dostarczanie sp\u00f3jnych, powtarzalnych wynik\u00f3w w swoich badaniach.<\/p>\n<h3>Podsumowanie:<\/h3>\n<p>Je\u015bli Twoje badania maj\u0105 na celu zbadanie mechanizm\u00f3w utraty tkanki t\u0142uszczowej i sk\u0142adu cia\u0142a, HGH Fragment 176-191 jest niezb\u0119dnym narz\u0119dziem. Dzi\u0119ki rygorystycznym kontrolom jako\u015bci Powerock Pharma i zaanga\u017cowaniu w doskona\u0142o\u015b\u0107, peptyd ten zosta\u0142 zaprojektowany w celu zapewnienia dok\u0142adnych i wiarygodnych wynik\u00f3w w badaniach. Nie id\u017a na kompromis w kwestii jako\u015bci - zam\u00f3w HGH Fragment 176-191 ju\u017c dzi\u015b i przenie\u015b swoje badania na wy\u017cszy poziom.<\/p>","protected":false},"excerpt":{"rendered":"<p>HGH Fragment 176-191 wspomaga utrat\u0119 tkanki t\u0142uszczowej poprzez stymulacj\u0119 lipolizy i hamowanie lipogenezy. Oferuje korzy\u015bci, takie jak zwi\u0119kszone spalanie t\u0142uszczu, retencja mi\u0119\u015bni i poprawa metabolizmu. Wybierz Powerock Pharma, aby uzyska\u0107 niezr\u00f3wnan\u0105 jako\u015b\u0107 i wyniki.<\/p>","protected":false},"featured_media":197,"template":"","meta":{"_acf_changed":false,"rank_math_lock_modified_date":false,"inline_featured_image":false},"product_cat":[17],"product_tag":[],"class_list":{"0":"post-81","1":"product","2":"type-product","3":"status-publish","4":"has-post-thumbnail","6":"product_cat-peptide-lyophilizates","9":"first","10":"instock","11":"shipping-taxable","12":"product-type-simple"},"acf":{"chromatogram":655,"metoda":{"acftf":{"v":"1.3.24"},"p":{"o":{"uh":0},"ca":""},"c":[{"p":""}],"h":[{"c":""}],"b":[[{"c":""}]]}},"_links":{"self":[{"href":"https:\/\/powerockpharma.com\/pl\/wp-json\/wp\/v2\/product\/81","targetHints":{"allow":["GET"]}}],"collection":[{"href":"https:\/\/powerockpharma.com\/pl\/wp-json\/wp\/v2\/product"}],"about":[{"href":"https:\/\/powerockpharma.com\/pl\/wp-json\/wp\/v2\/types\/product"}],"wp:featuredmedia":[{"embeddable":true,"href":"https:\/\/powerockpharma.com\/pl\/wp-json\/wp\/v2\/media\/197"}],"wp:attachment":[{"href":"https:\/\/powerockpharma.com\/pl\/wp-json\/wp\/v2\/media?parent=81"}],"wp:term":[{"taxonomy":"product_cat","embeddable":true,"href":"https:\/\/powerockpharma.com\/pl\/wp-json\/wp\/v2\/product_cat?post=81"},{"taxonomy":"product_tag","embeddable":true,"href":"https:\/\/powerockpharma.com\/pl\/wp-json\/wp\/v2\/product_tag?post=81"}],"curies":[{"name":"wp","href":"https:\/\/api.w.org\/{rel}","templated":true}]}}