{"id":82,"date":"2024-08-04T16:58:45","date_gmt":"2024-08-04T14:58:45","guid":{"rendered":"https:\/\/powerockpharma.com\/?post_type=product&#038;p=82"},"modified":"2025-11-12T07:06:53","modified_gmt":"2025-11-12T06:06:53","slug":"dsip","status":"publish","type":"product","link":"https:\/\/powerockpharma.com\/pl\/peptide-lyophilizates\/dsip\/","title":{"rendered":"DSIP"},"content":{"rendered":"<h2>W\u0142a\u015bciwo\u015bci:<\/h2>\n<p>Delta Sleep Inducing Peptide (DSIP) to silny neuropeptyd znany ze swojej zdolno\u015bci do promowania regeneruj\u0105cego snu i obni\u017cania poziomu stresu. Znany ze swojego uspokajaj\u0105cego wp\u0142ywu na o\u015brodkowy uk\u0142ad nerwowy, DSIP jest szczeg\u00f3lnie cenny dla naukowc\u00f3w badaj\u0105cych zaburzenia snu, stany zwi\u0105zane ze stresem i og\u00f3lne zdrowie psychiczne. Zwi\u0105zek ten dzia\u0142a poprzez wp\u0142ywanie na naturalny cykl snu i czuwania organizmu, pomagaj\u0105c regulowa\u0107 wzorce snu, kt\u00f3re mog\u0105 by\u0107 zak\u0142\u00f3cane przez r\u00f3\u017cne czynniki, takie jak stres, niepok\u00f3j lub nieregularne harmonogramy. Ponadto wykazano, \u017ce DSIP ma potencjalne korzy\u015bci w modulowaniu poziom\u00f3w hormon\u00f3w, szczeg\u00f3lnie tych zwi\u0105zanych ze stresem, co czyni go wszechstronnym narz\u0119dziem w badaniach maj\u0105cych na celu zrozumienie mechanizm\u00f3w zwi\u0105zanych ze snem i stresem.<\/p>\n<h2>Mechanizm dzia\u0142ania:<\/h2>\n<p>DSIP dzia\u0142a g\u0142\u00f3wnie poprzez modulowanie cyklu snu i czuwania organizmu poprzez interakcje z r\u00f3\u017cnymi neuroprzeka\u017anikami i szlakami hormonalnymi. Jednym z kluczowych dzia\u0142a\u0144 DSIP jest jego wp\u0142yw na produkcj\u0119 hormonu adrenokortykotropowego (ACTH), kt\u00f3ry bierze udzia\u0142 w reakcji organizmu na stres. Hamuj\u0105c nadmierne uwalnianie ACTH, DSIP pomaga obni\u017cy\u0107 poziom stresu, co z kolei u\u0142atwia g\u0142\u0119bszy i bardziej spokojny sen. Dodatkowo, DSIP wchodzi w interakcj\u0119 z endogennym uk\u0142adem opioidowym organizmu, przyczyniaj\u0105c si\u0119 do jego dzia\u0142ania \u0142agodz\u0105cego stres i promuj\u0105cego sen. To selektywne dzia\u0142anie zapewnia, \u017ce DSIP mo\u017ce promowa\u0107 sen bez powodowania senno\u015bci lub uzale\u017cnienia cz\u0119sto zwi\u0105zanego z tradycyjnymi \u015brodkami nasennymi, co czyni go bezpieczniejsz\u0105 opcj\u0105 dla d\u0142ugoterminowych bada\u0144.<\/p>\n<h2>Korzy\u015bci:<\/h2>\n<p>Konsekwentne stosowanie DSIP w \u015brodowisku badawczym mo\u017ce prowadzi\u0107 do szeregu zaobserwowanych korzy\u015bci, w tym poprawy jako\u015bci snu, lepszego radzenia sobie ze stresem i lepszej og\u00f3lnej stabilno\u015bci nastroju. Badacze mog\u0105 r\u00f3wnie\u017c zauwa\u017cy\u0107 dodatkowe korzy\u015bci, takie jak zmniejszenie l\u0119ku, poprawa funkcji poznawczych dzi\u0119ki lepszemu odpoczynkowi i bardziej zr\u00f3wnowa\u017cony profil hormonalny, szczeg\u00f3lnie w odniesieniu do hormon\u00f3w zwi\u0105zanych ze stresem, takich jak kortyzol. DSIP jest szczeg\u00f3lnie skuteczny w badaniach koncentruj\u0105cych si\u0119 na zaburzeniach snu, zarz\u0105dzaniu stresem i powi\u0105zanych dziedzinach, w kt\u00f3rych regulacja snu i stresu ma kluczowe znaczenie.<\/p>\n<h2>Dlaczego Powerock Pharma:<\/h2>\n<p>W Powerock Pharma jeste\u015bmy zaanga\u017cowani w dostarczanie najwy\u017cszej jako\u015bci zwi\u0105zk\u00f3w badawczych. Nasz DSIP jest produkowany w rygorystycznych warunkach, zgodnie z normami GMP, HACCP i ISO 13485, aby zapewni\u0107 bezpiecze\u0144stwo, moc i czysto\u015b\u0107. Ka\u017cda partia przechodzi rygorystyczne testy w najnowocze\u015bniejszych laboratoriach, aby potwierdzi\u0107 jej skuteczno\u015b\u0107 i sp\u00f3jno\u015b\u0107. Nasze zaanga\u017cowanie w jako\u015b\u0107 oznacza, \u017ce badacze mog\u0105 ufa\u0107, \u017ce nasz DSIP zapewni wiarygodne wyniki, za ka\u017cdym razem. Powerock Pharma jest Twoim partnerem w rozwijaniu wiedzy naukowej, oferuj\u0105c tylko najlepsze produkty dla Twoich potrzeb badawczych.<\/p>\n<h3>Podsumowanie:<\/h3>\n<p>Peptyd Delta Sleep Inducing Peptide (DSIP) stanowi naukowo poparte rozwi\u0105zanie dla os\u00f3b poszukuj\u0105cych poprawy snu i redukcji stresu. Rygorystyczne kontrole jako\u015bci Powerock Pharma zapewniaj\u0105, \u017ce produkt ten jest bezpieczny, skuteczny i niezawodny. Nie id\u017a na kompromis w swoich badaniach - zam\u00f3w DSIP ju\u017c dzi\u015b i zr\u00f3b kolejny krok w odkrywaniu tajemnic snu i radzenia sobie ze stresem.<\/p>","protected":false},"excerpt":{"rendered":"<p>Delta Sleep Inducing Peptide (DSIP) poprawia jako\u015b\u0107 snu poprzez modulacj\u0119 wzorc\u00f3w snu i zmniejszenie poziomu stresu. Zapewnia lepszy regeneruj\u0105cy sen i \u0142agodzi stres. Wybierz Powerock Pharma, aby uzyska\u0107 czysto\u015b\u0107 i sp\u00f3jne wyniki.<\/p>","protected":false},"featured_media":188,"template":"","meta":{"_acf_changed":false,"rank_math_lock_modified_date":false,"inline_featured_image":false},"product_cat":[17],"product_tag":[],"class_list":{"0":"post-82","1":"product","2":"type-product","3":"status-publish","4":"has-post-thumbnail","6":"product_cat-peptide-lyophilizates","9":"first","10":"instock","11":"shipping-taxable","12":"product-type-simple"},"acf":{"chromatogram":665,"metoda":{"acftf":{"v":"1.3.24"},"p":{"o":{"uh":0},"ca":""},"c":[{"p":""}],"h":[{"c":""}],"b":[[{"c":""}]]}},"_links":{"self":[{"href":"https:\/\/powerockpharma.com\/pl\/wp-json\/wp\/v2\/product\/82","targetHints":{"allow":["GET"]}}],"collection":[{"href":"https:\/\/powerockpharma.com\/pl\/wp-json\/wp\/v2\/product"}],"about":[{"href":"https:\/\/powerockpharma.com\/pl\/wp-json\/wp\/v2\/types\/product"}],"wp:featuredmedia":[{"embeddable":true,"href":"https:\/\/powerockpharma.com\/pl\/wp-json\/wp\/v2\/media\/188"}],"wp:attachment":[{"href":"https:\/\/powerockpharma.com\/pl\/wp-json\/wp\/v2\/media?parent=82"}],"wp:term":[{"taxonomy":"product_cat","embeddable":true,"href":"https:\/\/powerockpharma.com\/pl\/wp-json\/wp\/v2\/product_cat?post=82"},{"taxonomy":"product_tag","embeddable":true,"href":"https:\/\/powerockpharma.com\/pl\/wp-json\/wp\/v2\/product_tag?post=82"}],"curies":[{"name":"wp","href":"https:\/\/api.w.org\/{rel}","templated":true}]}}