{"id":83,"date":"2024-08-04T16:59:10","date_gmt":"2024-08-04T14:59:10","guid":{"rendered":"https:\/\/powerockpharma.com\/?post_type=product&#038;p=83"},"modified":"2025-11-12T06:48:30","modified_gmt":"2025-11-12T05:48:30","slug":"thymalin","status":"publish","type":"product","link":"https:\/\/powerockpharma.com\/pl\/peptide-lyophilizates\/tymalina\/","title":{"rendered":"THYMALIN"},"content":{"rendered":"<h2>W\u0142a\u015bciwo\u015bci:<\/h2>\n<p>Tymalina, silny peptyd grasicy, jest znana ze swojego g\u0142\u0119bokiego wp\u0142ywu na modulacj\u0119 immunologiczn\u0105 i regeneracj\u0119 tkanek, co czyni j\u0105 idealnym wyborem dla naukowc\u00f3w zajmuj\u0105cych si\u0119 popraw\u0105 zdrowia i witalno\u015bci kom\u00f3rek. Ten bioaktywny peptyd dzia\u0142a poprzez przywr\u00f3cenie i normalizacj\u0119 funkcji grasicy, kt\u00f3ra odgrywa kluczow\u0105 rol\u0119 w odpowiedzi immunologicznej organizmu. Wp\u0142ywaj\u0105c na produkcj\u0119 i r\u00f3\u017cnicowanie limfocyt\u00f3w T, Thymalin pomaga utrzyma\u0107 zr\u00f3wnowa\u017cony uk\u0142ad odporno\u015bciowy, co ma kluczowe znaczenie dla regeneracji, d\u0142ugowieczno\u015bci i og\u00f3lnego samopoczucia.<\/p>\n<h2>Mechanizm dzia\u0142ania:<\/h2>\n<p>Mechanizm dzia\u0142ania Thymalin koncentruje si\u0119 wok\u00f3\u0142 jego zdolno\u015bci do stymulowania aktywno\u015bci grasicy. Gruczo\u0142 ten jest odpowiedzialny za dojrzewanie i r\u00f3\u017cnicowanie limfocyt\u00f3w T, kt\u00f3re s\u0105 niezb\u0119dne dla adaptacyjnej odpowiedzi immunologicznej. Tymalina moduluje aktywno\u015b\u0107 grasicy, prowadz\u0105c do poprawy funkcji odporno\u015bciowych, zwi\u0119kszonej naprawy tkanek i zmniejszenia procesu starzenia si\u0119 kom\u00f3rek. Promuje produkcj\u0119 cytokin, kt\u00f3re s\u0105 cz\u0105steczkami sygnalizacyjnymi reguluj\u0105cymi stan zapalny i odpowiedzi immunologiczne, zapewniaj\u0105c zr\u00f3wnowa\u017cony i skuteczny uk\u0142ad odporno\u015bciowy. Modulacja ta nie tylko wspiera obron\u0119 immunologiczn\u0105, ale tak\u017ce przyczynia si\u0119 do szybszej regeneracji po wysi\u0142ku fizycznym lub urazach, lepszej regeneracji tkanek i og\u00f3lnego odm\u0142odzenia kom\u00f3rek.<\/p>\n<h2>Korzy\u015bci:<\/h2>\n<p>Regularne stosowanie Thymalin w warunkach badawczych przynosi liczne korzy\u015bci, w tym silniejsz\u0105 odpowied\u017a immunologiczn\u0105, zwi\u0119kszone tempo regeneracji i lepsze zdrowie tkanek. Badacze mog\u0105 zaobserwowa\u0107 przyspieszone procesy gojenia, zmniejszone oznaki starzenia i og\u00f3lny wzrost witalno\u015bci. Dodatkowo, rola tymaliny w regulowaniu funkcji odporno\u015bciowych sprawia, \u017ce jest ona szczeg\u00f3lnie skuteczna w badaniach nad starzeniem si\u0119, chorobami przewlek\u0142ymi i zaburzeniami uk\u0142adu odporno\u015bciowego. Oferuje r\u00f3wnie\u017c dodatkowe korzy\u015bci, takie jak poprawa jako\u015bci snu, lepsze zarz\u0105dzanie stresem i zwi\u0119kszona stabilno\u015b\u0107 nastroju, z kt\u00f3rych wszystkie maj\u0105 kluczowe znaczenie dla og\u00f3lnego samopoczucia i d\u0142ugowieczno\u015bci.<\/p>\n<h2>Dlaczego Powerock Pharma:<\/h2>\n<p>W Powerock Pharma nasze zaanga\u017cowanie w jako\u015b\u0107 jest bezkompromisowe. Ka\u017cda partia Thymalin jest produkowana w najnowocze\u015bniejszych obiektach, kt\u00f3re spe\u0142niaj\u0105 najwy\u017csze standardy, w tym certyfikaty GMP, HACCP i ISO 13485. Nasze rygorystyczne protoko\u0142y testowe zapewniaj\u0105, \u017ce ka\u017cdy produkt jest nie tylko silny, ale tak\u017ce bezpieczny i sp\u00f3jny pod wzgl\u0119dem dzia\u0142ania. Wsp\u00f3\u0142pracujemy z najlepszymi laboratoriami, aby potwierdzi\u0107 czysto\u015b\u0107 i skuteczno\u015b\u0107 naszych produkt\u00f3w, zapewniaj\u0105c, \u017ce Thymalin zapewnia wyniki, jakich oczekuj\u0105 naukowcy. Wybieraj\u0105c Powerock Pharma, wybierasz niezawodno\u015b\u0107, bezpiecze\u0144stwo i doskona\u0142o\u015b\u0107 ka\u017cdego produktu.<\/p>\n<h3>Podsumowanie:<\/h3>\n<p>Je\u015bli chcesz przyspieszy\u0107 swoje badania nad modulacj\u0105 odporno\u015bci, regeneracj\u0105 tkanek lub przeciwdzia\u0142aniem starzeniu si\u0119, Thymalin firmy Powerock Pharma jest idealnym wyborem. Wspierany przez rygorystyczne kontrole jako\u015bci i sprawdzone wyniki, produkt ten zosta\u0142 zaprojektowany, aby pom\u00f3c w osi\u0105gni\u0119ciu dok\u0142adnych i wiarygodnych wynik\u00f3w w badaniach. Nie id\u017a na kompromis w kwestii jako\u015bci - zam\u00f3w Thymalin ju\u017c dzi\u015b i przenie\u015b swoje badania na wy\u017cszy poziom.<\/p>","protected":false},"excerpt":{"rendered":"<p>Thymalin wspomaga regulacj\u0119 uk\u0142adu odporno\u015bciowego i regeneracj\u0119 tkanek poprzez modulowanie aktywno\u015bci grasicy. Zapewnia lepsz\u0105 regeneracj\u0119, zdrowie kom\u00f3rkowe i witalno\u015b\u0107. Wybierz Powerock Pharma ze wzgl\u0119du na czysto\u015b\u0107, bezpiecze\u0144stwo i sp\u00f3jne wyniki.<\/p>","protected":false},"featured_media":213,"template":"","meta":{"_acf_changed":false,"rank_math_lock_modified_date":false,"inline_featured_image":false},"product_cat":[17],"product_tag":[],"class_list":{"0":"post-83","1":"product","2":"type-product","3":"status-publish","4":"has-post-thumbnail","6":"product_cat-peptide-lyophilizates","9":"first","10":"instock","11":"shipping-taxable","12":"product-type-simple"},"acf":{"chromatogram":606,"metoda":{"acftf":{"v":"1.3.24"},"p":{"o":{"uh":0},"ca":""},"c":[{"p":""}],"h":[{"c":""}],"b":[[{"c":""}]]}},"_links":{"self":[{"href":"https:\/\/powerockpharma.com\/pl\/wp-json\/wp\/v2\/product\/83","targetHints":{"allow":["GET"]}}],"collection":[{"href":"https:\/\/powerockpharma.com\/pl\/wp-json\/wp\/v2\/product"}],"about":[{"href":"https:\/\/powerockpharma.com\/pl\/wp-json\/wp\/v2\/types\/product"}],"wp:featuredmedia":[{"embeddable":true,"href":"https:\/\/powerockpharma.com\/pl\/wp-json\/wp\/v2\/media\/213"}],"wp:attachment":[{"href":"https:\/\/powerockpharma.com\/pl\/wp-json\/wp\/v2\/media?parent=83"}],"wp:term":[{"taxonomy":"product_cat","embeddable":true,"href":"https:\/\/powerockpharma.com\/pl\/wp-json\/wp\/v2\/product_cat?post=83"},{"taxonomy":"product_tag","embeddable":true,"href":"https:\/\/powerockpharma.com\/pl\/wp-json\/wp\/v2\/product_tag?post=83"}],"curies":[{"name":"wp","href":"https:\/\/api.w.org\/{rel}","templated":true}]}}