{"id":84,"date":"2024-08-04T16:59:43","date_gmt":"2024-08-04T14:59:43","guid":{"rendered":"https:\/\/powerockpharma.com\/?post_type=product&#038;p=84"},"modified":"2025-11-12T06:57:31","modified_gmt":"2025-11-12T05:57:31","slug":"oxytocin","status":"publish","type":"product","link":"https:\/\/powerockpharma.com\/pl\/peptide-lyophilizates\/oxytocin\/","title":{"rendered":"OXYTOCIN"},"content":{"rendered":"<h2>W\u0142a\u015bciwo\u015bci:<\/h2>\n<p>Oksytocyna, cz\u0119sto nazywana \"hormonem mi\u0142o\u015bci\", jest silnym neuropeptydem znanym ze swojego znacz\u0105cego wp\u0142ywu na wi\u0119zi spo\u0142eczne, regulacj\u0119 emocjonaln\u0105 i redukcj\u0119 stresu. Zwi\u0105zek ten odgrywa kluczow\u0105 rol\u0119 we wzmacnianiu zachowa\u0144 spo\u0142ecznych, w tym zaufania, empatii i \u0142\u0105czno\u015bci emocjonalnej, co czyni go niezb\u0119dnym narz\u0119dziem w badaniach koncentruj\u0105cych si\u0119 na dobrostanie spo\u0142ecznym i emocjonalnym. Oksytocyna wywiera swoje dzia\u0142anie poprzez wi\u0105zanie si\u0119 z okre\u015blonymi receptorami w m\u00f3zgu, szczeg\u00f3lnie w regionach zwi\u0105zanych z emocjami i poznaniem spo\u0142ecznym, co prowadzi do zauwa\u017calnej poprawy nastroju oraz zmniejszenia poziomu l\u0119ku i stresu.<\/p>\n<h2>Mechanizm dzia\u0142ania:<\/h2>\n<p>Podstawowe dzia\u0142anie oksytocyny koncentruje si\u0119 wok\u00f3\u0142 jej zdolno\u015bci do modulowania aktywno\u015bci neuroprzeka\u017anik\u00f3w i hormon\u00f3w zwi\u0105zanych z zachowaniami spo\u0142ecznymi i regulacj\u0105 emocjonaln\u0105. Wi\u0105\u017c\u0105c si\u0119 z receptorami oksytocyny w m\u00f3zgu, neuropeptyd ten wp\u0142ywa na uwalnianie dopaminy i serotoniny, kt\u00f3re maj\u0105 kluczowe znaczenie dla stabilizacji nastroju i tworzenia wi\u0119zi spo\u0142ecznych. Dodatkowo oksytocyna zmniejsza aktywno\u015b\u0107 cia\u0142a migda\u0142owatego, regionu m\u00f3zgu zwi\u0105zanego ze strachem i stresem, prowadz\u0105c do efektu uspokajaj\u0105cego i zwi\u0119kszonego uczucia zaufania i relaksu. To selektywne dzia\u0142anie zapewnia, \u017ce oksytocyna zapewnia korzy\u015bci emocjonalne i spo\u0142eczne bez znacz\u0105cych skutk\u00f3w ubocznych, co czyni j\u0105 idealnym zwi\u0105zkiem do bada\u0144 nad terapiami behawioralnymi i interwencjami w zakresie zdrowia psychicznego.<\/p>\n<h2>Korzy\u015bci:<\/h2>\n<p>Konsekwentne stosowanie oksytocyny w badaniach skutkuje g\u0142\u0119bok\u0105 popraw\u0105 interakcji spo\u0142ecznych, stabilizacj\u0105 nastroju i radzeniem sobie ze stresem. Badania wykaza\u0142y, \u017ce osoby, kt\u00f3rym podawano oksytocyn\u0119, wykazywa\u0142y zwi\u0119kszone zaufanie, empati\u0119 i odporno\u015b\u0107 emocjonaln\u0105, co czyni j\u0105 szczeg\u00f3lnie skuteczn\u0105 w badaniach skoncentrowanych na stanach takich jak l\u0119k, depresja i zaburzenia l\u0119kowe. Ponadto zaobserwowano, \u017ce oksytocyna promuje zachowania macierzy\u0144skie i tworzenie wi\u0119zi w parach, co dodatkowo podkre\u015bla jej rol\u0119 w dobrostanie spo\u0142ecznym i emocjonalnym. Naukowcy mog\u0105 r\u00f3wnie\u017c zauwa\u017cy\u0107 dodatkowe korzy\u015bci, takie jak poprawa jako\u015bci snu, zmniejszenie agresji i poprawa og\u00f3lnego samopoczucia.<\/p>\n<h2>Dlaczego Powerock Pharma:<\/h2>\n<p>W Powerock Pharma dok\u0142adamy wszelkich stara\u0144, aby dostarcza\u0107 najwy\u017cszej jako\u015bci zwi\u0105zki badawcze. Nasza oksytocyna jest produkowana w najnowocze\u015bniejszych zak\u0142adach, kt\u00f3re przestrzegaj\u0105 najsurowszych standard\u00f3w GMP, HACCP i ISO 13485. Ka\u017cda partia przechodzi rygorystyczne testy, aby zapewni\u0107 czysto\u015b\u0107, moc i sp\u00f3jno\u015b\u0107, daj\u0105c naukowcom pewno\u015b\u0107, kt\u00f3rej potrzebuj\u0105 do przeprowadzenia dok\u0142adnych i wiarygodnych bada\u0144. Wsp\u00f3\u0142pracujemy z wiod\u0105cymi laboratoriami w celu potwierdzenia integralno\u015bci naszych produkt\u00f3w, zapewniaj\u0105c, \u017ce otrzymujesz tylko to, co najlepsze. Wybieraj\u0105c Powerock Pharma, wybierasz zaufanego partnera w zakresie doskona\u0142o\u015bci bada\u0144.<\/p>\n<h3>Podsumowanie:<\/h3>\n<p>Oksytocyna od Powerock Pharma to najlepszy wyb\u00f3r dla badaczy pragn\u0105cych zg\u0142\u0119bi\u0107 tajniki zachowa\u0144 spo\u0142ecznych i dobrostanu emocjonalnego. Dzi\u0119ki dobrze udokumentowanemu wp\u0142ywowi na nastr\u00f3j, stres i wi\u0119zi spo\u0142eczne, zwi\u0105zek ten jest niezb\u0119dny do rozwoju bada\u0144 w tych obszarach. Wspierana przez nasze rygorystyczne kontrole jako\u015bci i zaanga\u017cowanie w doskona\u0142o\u015b\u0107, oksytocyna zosta\u0142a zaprojektowana w celu zapewnienia sp\u00f3jnych i wiarygodnych wynik\u00f3w. Nie id\u017a na kompromis w swoich badaniach - zam\u00f3w oksytocyn\u0119 ju\u017c dzi\u015b i odblokuj nowy wgl\u0105d w ludzkie do\u015bwiadczenia.<\/p>","protected":false},"excerpt":{"rendered":"<p>Oksytocyna wspiera wi\u0119zi spo\u0142eczne i dobre samopoczucie emocjonalne poprzez modulowanie aktywno\u015bci neuroprzeka\u017anik\u00f3w. Zapewnia popraw\u0119 nastroju, redukcj\u0119 stresu i wi\u0119ksze zaufanie w interakcjach spo\u0142ecznych. Wybierz Powerock Pharma, aby uzyska\u0107 wysok\u0105 jako\u015b\u0107 i sp\u00f3jne wyniki.<\/p>","protected":false},"featured_media":209,"template":"","meta":{"_acf_changed":false,"rank_math_lock_modified_date":false,"inline_featured_image":false},"product_cat":[17],"product_tag":[],"class_list":{"0":"post-84","1":"product","2":"type-product","3":"status-publish","4":"has-post-thumbnail","6":"product_cat-peptide-lyophilizates","9":"first","10":"instock","11":"shipping-taxable","12":"product-type-simple"},"acf":{"chromatogram":632,"metoda":{"acftf":{"v":"1.3.24"},"p":{"o":{"uh":0},"ca":""},"c":[{"p":""}],"h":[{"c":""}],"b":[[{"c":""}]]}},"_links":{"self":[{"href":"https:\/\/powerockpharma.com\/pl\/wp-json\/wp\/v2\/product\/84","targetHints":{"allow":["GET"]}}],"collection":[{"href":"https:\/\/powerockpharma.com\/pl\/wp-json\/wp\/v2\/product"}],"about":[{"href":"https:\/\/powerockpharma.com\/pl\/wp-json\/wp\/v2\/types\/product"}],"wp:featuredmedia":[{"embeddable":true,"href":"https:\/\/powerockpharma.com\/pl\/wp-json\/wp\/v2\/media\/209"}],"wp:attachment":[{"href":"https:\/\/powerockpharma.com\/pl\/wp-json\/wp\/v2\/media?parent=84"}],"wp:term":[{"taxonomy":"product_cat","embeddable":true,"href":"https:\/\/powerockpharma.com\/pl\/wp-json\/wp\/v2\/product_cat?post=84"},{"taxonomy":"product_tag","embeddable":true,"href":"https:\/\/powerockpharma.com\/pl\/wp-json\/wp\/v2\/product_tag?post=84"}],"curies":[{"name":"wp","href":"https:\/\/api.w.org\/{rel}","templated":true}]}}