{"id":85,"date":"2024-08-04T17:00:12","date_gmt":"2024-08-04T15:00:12","guid":{"rendered":"https:\/\/powerockpharma.com\/?post_type=product&#038;p=85"},"modified":"2025-11-12T06:47:58","modified_gmt":"2025-11-12T05:47:58","slug":"thymosin-alpha-1","status":"publish","type":"product","link":"https:\/\/powerockpharma.com\/pl\/peptide-lyophilizates\/tymozyna-alfa-1\/","title":{"rendered":"TYMOZYNA ALFA 1"},"content":{"rendered":"<h2>W\u0142a\u015bciwo\u015bci:<\/h2>\n<p>Tymozyna alfa 1 (tymalfazyna) jest silnym peptydem znanym ze swojego dzia\u0142ania immunomoduluj\u0105cego, co czyni go niezb\u0119dnym narz\u0119dziem w badaniach ukierunkowanych na wzmocnienie funkcji odporno\u015bciowych. Zwi\u0105zek ten zyska\u0142 uznanie ze wzgl\u0119du na swoj\u0105 zdolno\u015b\u0107 do wzmacniania naturalnych mechanizm\u00f3w obronnych organizmu, co czyni go szczeg\u00f3lnie cennym w badaniach zwi\u0105zanych z kontrol\u0105 infekcji, leczeniem raka i zaburzeniami autoimmunologicznymi. Tymozyna alfa 1 dzia\u0142a poprzez aktywacj\u0119 i zwi\u0119kszenie produkcji limfocyt\u00f3w T, kt\u00f3re maj\u0105 kluczowe znaczenie dla nadzoru i odpowiedzi immunologicznej. Prowadzi to do zwi\u0119kszonej zdolno\u015bci do identyfikacji i eliminacji patogen\u00f3w, co skutkuje zwi\u0119kszon\u0105 odporno\u015bci\u0105 na infekcje i silniejszym uk\u0142adem odporno\u015bciowym.<\/p>\n<h2>Mechanizm dzia\u0142ania:<\/h2>\n<p>Dzia\u0142anie tymozyny alfa 1 opiera si\u0119 na jej zdolno\u015bci do modulowania uk\u0142adu odporno\u015bciowego, w szczeg\u00f3lno\u015bci poprzez stymulacj\u0119 r\u00f3\u017cnicowania i aktywno\u015bci kom\u00f3rek T. Wi\u0105\u017c\u0105c si\u0119 ze specyficznymi receptorami na kom\u00f3rkach odporno\u015bciowych, tymozyna alfa 1 zwi\u0119ksza produkcj\u0119 i aktywno\u015b\u0107 cytokin, kt\u00f3re s\u0105 niezb\u0119dne do orkiestracji odpowiedzi immunologicznej. Peptyd ten promuje r\u00f3wnie\u017c dojrzewanie limfocyt\u00f3w T w grasicy i zwi\u0119ksza ich zdolno\u015b\u0107 do rozpoznawania i namierzania zainfekowanych lub z\u0142o\u015bliwych kom\u00f3rek. Dzia\u0142ania te wsp\u00f3lnie prowadz\u0105 do bardziej wydajnego i responsywnego uk\u0142adu odporno\u015bciowego, dzi\u0119ki czemu tymozyna alfa 1 jest silnym kandydatem do bada\u0144 w obszarach, w kt\u00f3rych po\u017c\u0105dane jest wzmocnienie funkcji odporno\u015bciowych.<\/p>\n<h2>Korzy\u015bci:<\/h2>\n<p>Konsekwentne stosowanie tymozyny alfa 1 w badaniach wykaza\u0142o liczne korzy\u015bci, w tym lepsz\u0105 regulacj\u0119 uk\u0142adu odporno\u015bciowego, zwi\u0119kszon\u0105 zdolno\u015b\u0107 do zwalczania infekcji i potencjalne zastosowania w immunoterapii nowotwor\u00f3w. Naukowcy zaobserwowali, \u017ce tymozyna alfa 1 mo\u017ce pom\u00f3c przywr\u00f3ci\u0107 funkcje odporno\u015bciowe u os\u00f3b z obni\u017con\u0105 odporno\u015bci\u0105, co czyni j\u0105 szczeg\u00f3lnie przydatn\u0105 w badaniach z udzia\u0142em pacjent\u00f3w z przewlek\u0142ymi infekcjami, rakiem lub niedoborem odporno\u015bci. Dodatkowo, jej zdolno\u015b\u0107 do modulowania odpowiedzi immunologicznej bez nadmiernej stymulacji zmniejsza ryzyko wyst\u0105pienia reakcji autoimmunologicznych, co czyni j\u0105 bezpieczniejsz\u0105 opcj\u0105 dla d\u0142ugoterminowych bada\u0144. Dodatkowe korzy\u015bci mog\u0105 obejmowa\u0107 lepsze gojenie si\u0119 ran, zmniejszenie stanu zapalnego i lepsz\u0105 og\u00f3ln\u0105 odporno\u015b\u0107 na choroby.<\/p>\n<h2>Dlaczego Powerock Pharma:<\/h2>\n<p>W Powerock Pharma nasze d\u0105\u017cenie do doskona\u0142o\u015bci znajduje odzwierciedlenie w ka\u017cdej wyprodukowanej partii tymozyny alfa 1. Przestrzegamy najwy\u017cszych standard\u00f3w jako\u015bci, w tym certyfikat\u00f3w GMP, HACCP i ISO 13485, aby zapewni\u0107, \u017ce nasze produkty s\u0105 nie tylko skuteczne, ale tak\u017ce bezpieczne i niezawodne. Ka\u017cda partia przechodzi rygorystyczne testy w celu potwierdzenia jej czysto\u015bci, si\u0142y dzia\u0142ania i sp\u00f3jno\u015bci, zapewniaj\u0105c badaczom pewno\u015b\u0107, kt\u00f3rej potrzebuj\u0105, aby osi\u0105gn\u0105\u0107 dok\u0142adne i powtarzalne wyniki. Wybieraj\u0105c Thymosin Alpha 1 od Powerock Pharma, wybierasz produkt, kt\u00f3ry jest wspierany przez nauk\u0119 i produkowany z najwy\u017csz\u0105 staranno\u015bci\u0105.<\/p>\n<h3>Podsumowanie:<\/h3>\n<p>Je\u015bli Twoje badania koncentruj\u0105 si\u0119 na wzmacnianiu funkcji odporno\u015bciowych, tymozyna alfa 1 jest peptydem z wyboru. Dzi\u0119ki udowodnionej zdolno\u015bci do modulowania i wzmacniania uk\u0142adu odporno\u015bciowego, produkt ten jest nieocenionym atutem w badaniach z zakresu immunologii, onkologii i chor\u00f3b zaka\u017anych. Wspierany przez rygorystyczne procesy kontroli jako\u015bci Powerock Pharma, Thymosin Alpha 1 zapewnia pewno\u015b\u0107 prowadzenia bada\u0144. Nie id\u017a na kompromis w kwestii jako\u015bci - zam\u00f3w Thymosin Alpha 1 ju\u017c dzi\u015b i wznie\u015b swoje badania na nowy poziom.<\/p>","protected":false},"excerpt":{"rendered":"<p>Thymosin Alpha 1 (Thymalfasin) wzmacnia odpowied\u017a immunologiczn\u0105 poprzez modulowanie aktywno\u015bci kom\u00f3rek T, oferuj\u0105c lepsz\u0105 obron\u0119 przed infekcjami i lepsz\u0105 og\u00f3ln\u0105 funkcj\u0119 odporno\u015bciow\u0105. Wybierz Powerock Pharma dla czysto\u015bci i sprawdzonych rezultat\u00f3w.<\/p>","protected":false},"featured_media":214,"template":"","meta":{"_acf_changed":false,"rank_math_lock_modified_date":false,"inline_featured_image":false},"product_cat":[17],"product_tag":[],"class_list":{"0":"post-85","1":"product","2":"type-product","3":"status-publish","4":"has-post-thumbnail","6":"product_cat-peptide-lyophilizates","9":"first","10":"instock","11":"shipping-taxable","12":"product-type-simple"},"acf":{"chromatogram":605,"metoda":{"acftf":{"v":"1.3.24"},"p":{"o":{"uh":0},"ca":""},"c":[{"p":""}],"h":[{"c":""}],"b":[[{"c":""}]]}},"_links":{"self":[{"href":"https:\/\/powerockpharma.com\/pl\/wp-json\/wp\/v2\/product\/85","targetHints":{"allow":["GET"]}}],"collection":[{"href":"https:\/\/powerockpharma.com\/pl\/wp-json\/wp\/v2\/product"}],"about":[{"href":"https:\/\/powerockpharma.com\/pl\/wp-json\/wp\/v2\/types\/product"}],"wp:featuredmedia":[{"embeddable":true,"href":"https:\/\/powerockpharma.com\/pl\/wp-json\/wp\/v2\/media\/214"}],"wp:attachment":[{"href":"https:\/\/powerockpharma.com\/pl\/wp-json\/wp\/v2\/media?parent=85"}],"wp:term":[{"taxonomy":"product_cat","embeddable":true,"href":"https:\/\/powerockpharma.com\/pl\/wp-json\/wp\/v2\/product_cat?post=85"},{"taxonomy":"product_tag","embeddable":true,"href":"https:\/\/powerockpharma.com\/pl\/wp-json\/wp\/v2\/product_tag?post=85"}],"curies":[{"name":"wp","href":"https:\/\/api.w.org\/{rel}","templated":true}]}}