{"id":86,"date":"2024-08-04T17:00:36","date_gmt":"2024-08-04T15:00:36","guid":{"rendered":"https:\/\/powerockpharma.com\/?post_type=product&#038;p=86"},"modified":"2025-11-12T07:00:37","modified_gmt":"2025-11-12T06:00:37","slug":"mots-c","status":"publish","type":"product","link":"https:\/\/powerockpharma.com\/pl\/peptide-lyophilizates\/mots-c\/","title":{"rendered":"MOTS-C"},"content":{"rendered":"<h2>W\u0142a\u015bciwo\u015bci:<\/h2>\n<p>MOTS-c (human) to silny peptyd pochodz\u0105cy z mitochondri\u00f3w, znany ze swojego znacz\u0105cego wp\u0142ywu na zdrowie metaboliczne i og\u00f3ln\u0105 wydolno\u015b\u0107 fizyczn\u0105. Peptyd ten odgrywa kluczow\u0105 rol\u0119 w regulacji funkcji mitochondri\u00f3w i wydatkowania energii, co czyni go preferowanym wyborem dla badaczy koncentruj\u0105cych si\u0119 na poprawie proces\u00f3w metabolicznych, utracie tkanki t\u0142uszczowej i wra\u017cliwo\u015bci na insulin\u0119. Dzia\u0142anie zwi\u0105zku wykracza poza podstawow\u0105 regulacj\u0119 metaboliczn\u0105, przyczyniaj\u0105c si\u0119 do poprawy wytrzyma\u0142o\u015bci, zwi\u0119kszenia poziomu energii i optymalizacji sk\u0142adu cia\u0142a. MOTS-c dzia\u0142a poprzez interakcj\u0119 z kluczowymi szlakami kom\u00f3rkowymi, kt\u00f3re wp\u0142ywaj\u0105 na funkcje metaboliczne, takie jak szlak kinazy bia\u0142kowej aktywowanej AMP (AMPK), kt\u00f3ry ma kluczowe znaczenie dla utrzymania r\u00f3wnowagi energetycznej i wspierania zdrowego metabolizmu.<\/p>\n<h2>Mechanizm dzia\u0142ania:<\/h2>\n<p>MOTS-c wywiera swoje dzia\u0142anie g\u0142\u00f3wnie poprzez aktywacj\u0119 szlaku AMPK, kluczowego regulatora homeostazy energetycznej. Aktywuj\u0105c AMPK, MOTS-c zwi\u0119ksza wychwyt glukozy w kom\u00f3rkach mi\u0119\u015bniowych, zwi\u0119ksza utlenianie kwas\u00f3w t\u0142uszczowych i zmniejsza akumulacj\u0119 lipid\u00f3w. Dzia\u0142anie to prowadzi do poprawy wra\u017cliwo\u015bci na insulin\u0119, co czyni go szczeg\u00f3lnie korzystnym w badaniach nad zaburzeniami metabolicznymi, takimi jak oty\u0142o\u015b\u0107 i cukrzyca typu 2. Dodatkowo MOTS-c pomaga regulowa\u0107 biogenez\u0119 mitochondri\u00f3w, zapewniaj\u0105c wydajn\u0105 produkcj\u0119 i wykorzystanie energii w kom\u00f3rkach. Selektywne dzia\u0142anie MOTS-c minimalizuje ryzyko zwykle zwi\u0105zane z interwencjami metabolicznymi, oferuj\u0105c ukierunkowane podej\u015bcie do poprawy zdrowia metabolicznego bez negatywnego wp\u0142ywu na tkanki inne ni\u017c docelowe.<\/p>\n<h2>Korzy\u015bci:<\/h2>\n<p>Regularne podawanie MOTS-c w warunkach badawczych mo\u017ce skutkowa\u0107 zauwa\u017caln\u0105 popraw\u0105 funkcji metabolicznych, w tym zwi\u0119kszon\u0105 utrat\u0105 tkanki t\u0142uszczowej, zwi\u0119kszon\u0105 wra\u017cliwo\u015bci\u0105 na insulin\u0119 i lepszym og\u00f3lnym poziomem energii. Naukowcy zaobserwowali, \u017ce MOTS-c wspiera trwa\u0142\u0105 wytrzyma\u0142o\u015b\u0107 i wytrzyma\u0142o\u015b\u0107, dzi\u0119ki czemu idealnie nadaje si\u0119 do bada\u0144 obejmuj\u0105cych wydolno\u015b\u0107 fizyczn\u0105 i zdrowie metaboliczne. Drugorz\u0119dne korzy\u015bci obejmuj\u0105 popraw\u0119 sk\u0142adu cia\u0142a, z przesuni\u0119ciem w kierunku szczuplejszej masy mi\u0119\u015bniowej i zmniejszonej akumulacji t\u0142uszczu. Zwi\u0105zek ten jest szczeg\u00f3lnie skuteczny w badaniach ukierunkowanych na warunki metaboliczne, spadek zwi\u0105zany z wiekiem i popraw\u0119 wydolno\u015bci fizycznej zar\u00f3wno u sportowc\u00f3w, jak i starzej\u0105cych si\u0119 populacji.<\/p>\n<h2>Dlaczego Powerock Pharma:<\/h2>\n<p>W Powerock Pharma dok\u0142adamy wszelkich stara\u0144, aby zapewni\u0107 niezr\u00f3wnan\u0105 jako\u015b\u0107 i niezawodno\u015b\u0107 ka\u017cdego oferowanego przez nas produktu. Nasz MOTS-c (human) jest produkowany w najnowocze\u015bniejszych zak\u0142adach, kt\u00f3re przestrzegaj\u0105 najwy\u017cszych standard\u00f3w bran\u017cowych, w tym certyfikat\u00f3w GMP, HACCP i ISO 13485. Ka\u017cda partia jest poddawana rygorystycznym testom w celu zapewnienia czysto\u015bci, si\u0142y dzia\u0142ania i sp\u00f3jno\u015bci, zapewniaj\u0105c badaczom produkt, kt\u00f3remu mog\u0105 zaufa\u0107. Wsp\u00f3\u0142pracujemy z wiod\u0105cymi laboratoriami w celu potwierdzenia skuteczno\u015bci naszych produkt\u00f3w, zapewniaj\u0105c, \u017ce MOTS-c spe\u0142nia rygorystyczne wymagania najnowocze\u015bniejszych bada\u0144. Wybieraj\u0105c Powerock Pharma, wybierasz partnera oddanego doskona\u0142o\u015bci, bezpiecze\u0144stwu i rzetelno\u015bci naukowej.<\/p>\n<h3>Podsumowanie:<\/h3>\n<p>Je\u015bli Twoje badania maj\u0105 na celu zbadanie granic poprawy metabolizmu i optymalizacji wydajno\u015bci, MOTS-c (human) jest idealnym narz\u0119dziem. Wspierany przez rygorystyczne \u015brodki kontroli jako\u015bci Powerock Pharma, peptyd ten zosta\u0142 zaprojektowany, aby pom\u00f3c Ci osi\u0105gn\u0105\u0107 wiarygodne i powtarzalne wyniki. Nie id\u017a na kompromis w kwestii jako\u015bci - zam\u00f3w MOTS-c ju\u017c dzi\u015b i rozwijaj swoje badania z pewno\u015bci\u0105 siebie.<\/p>","protected":false},"excerpt":{"rendered":"<p>MOTS-c (human) wspiera popraw\u0119 funkcji metabolicznych poprzez aktywacj\u0119 szlak\u00f3w AMPK, promowanie utraty tkanki t\u0142uszczowej i popraw\u0119 wra\u017cliwo\u015bci na insulin\u0119. Oferuje korzy\u015bci, takie jak zwi\u0119kszona energia, wytrzyma\u0142o\u015b\u0107 i poprawa zdrowia metabolicznego. Wybierz Powerock Pharma dla jako\u015bci i rezultat\u00f3w.<\/p>","protected":false},"featured_media":202,"template":"","meta":{"_acf_changed":false,"rank_math_lock_modified_date":false,"inline_featured_image":false},"product_cat":[17],"product_tag":[],"class_list":{"0":"post-86","1":"product","2":"type-product","3":"status-publish","4":"has-post-thumbnail","6":"product_cat-peptide-lyophilizates","9":"first","10":"instock","11":"shipping-taxable","12":"product-type-simple"},"acf":{"chromatogram":642,"metoda":{"acftf":{"v":"1.3.24"},"p":{"o":{"uh":0},"ca":""},"c":[{"p":""}],"h":[{"c":""}],"b":[[{"c":""}]]}},"_links":{"self":[{"href":"https:\/\/powerockpharma.com\/pl\/wp-json\/wp\/v2\/product\/86","targetHints":{"allow":["GET"]}}],"collection":[{"href":"https:\/\/powerockpharma.com\/pl\/wp-json\/wp\/v2\/product"}],"about":[{"href":"https:\/\/powerockpharma.com\/pl\/wp-json\/wp\/v2\/types\/product"}],"wp:featuredmedia":[{"embeddable":true,"href":"https:\/\/powerockpharma.com\/pl\/wp-json\/wp\/v2\/media\/202"}],"wp:attachment":[{"href":"https:\/\/powerockpharma.com\/pl\/wp-json\/wp\/v2\/media?parent=86"}],"wp:term":[{"taxonomy":"product_cat","embeddable":true,"href":"https:\/\/powerockpharma.com\/pl\/wp-json\/wp\/v2\/product_cat?post=86"},{"taxonomy":"product_tag","embeddable":true,"href":"https:\/\/powerockpharma.com\/pl\/wp-json\/wp\/v2\/product_tag?post=86"}],"curies":[{"name":"wp","href":"https:\/\/api.w.org\/{rel}","templated":true}]}}