{"id":87,"date":"2024-08-04T17:00:58","date_gmt":"2024-08-04T15:00:58","guid":{"rendered":"https:\/\/powerockpharma.com\/?post_type=product&#038;p=87"},"modified":"2025-11-12T06:56:59","modified_gmt":"2025-11-12T05:56:59","slug":"peg-mgf","status":"publish","type":"product","link":"https:\/\/powerockpharma.com\/pl\/peptide-lyophilizates\/peg-mgf\/","title":{"rendered":"PEG MGF"},"content":{"rendered":"<h2>W\u0142a\u015bciwo\u015bci:<\/h2>\n<p>PEG MGF (Pegylated Mechano Growth Factor) to silny peptyd znany ze swojego znacz\u0105cego wp\u0142ywu na wzrost i napraw\u0119 mi\u0119\u015bni, co czyni go najlepszym wyborem dla naukowc\u00f3w zajmuj\u0105cych si\u0119 zwi\u0119kszaniem hipertrofii i regeneracji mi\u0119\u015bni. Zwi\u0105zek ten dzia\u0142a poprzez stymulacj\u0119 kom\u00f3rek satelitarnych, kt\u00f3re odgrywaj\u0105 kluczow\u0105 rol\u0119 w regeneracji i wzro\u015bcie mi\u0119\u015bni. Inicjuj\u0105c proces naprawy i zwi\u0119kszaj\u0105c proliferacj\u0119 tych kom\u00f3rek, PEG MGF przyczynia si\u0119 do szybszej regeneracji, zwi\u0119kszenia masy mi\u0119\u015bniowej i og\u00f3lnej poprawy wydajno\u015bci.<\/p>\n<h2>Mechanizm dzia\u0142ania:<\/h2>\n<p>Dzia\u0142anie PEG MGF opiera si\u0119 na jego zdolno\u015bci do aktywacji i rekrutacji kom\u00f3rek satelitarnych do miejsca uszkodzenia mi\u0119\u015bni. Kom\u00f3rki te s\u0105 niezb\u0119dne do naprawy i budowy nowej tkanki mi\u0119\u015bniowej. Po wprowadzeniu PEG MGF na\u015bladuje on naturalne czynniki wzrostu organizmu uwalniane podczas \u0107wicze\u0144, w szczeg\u00f3lno\u015bci ukierunkowane na w\u0142\u00f3kna mi\u0119\u015bniowe, kt\u00f3re zosta\u0142y poddane stresowi lub urazowi. Ten selektywny mechanizm zapewnia przyspieszenie regeneracji mi\u0119\u015bni bez typowych wad zwi\u0105zanych z nieukierunkowanymi czynnikami wzrostu. Dodatkowo, proces pegylacji wyd\u0142u\u017ca okres p\u00f3\u0142trwania MGF w krwiobiegu, umo\u017cliwiaj\u0105c trwa\u0142e i d\u0142ugotrwa\u0142e dzia\u0142anie, co ma kluczowe znaczenie dla optymalizacji naprawy i wzrostu mi\u0119\u015bni w czasie.<\/p>\n<h2>Korzy\u015bci:<\/h2>\n<p>Badania z udzia\u0142em PEG MGF konsekwentnie wykaza\u0142y jego zdolno\u015b\u0107 do wywo\u0142ywania zauwa\u017calnego wzrostu masy mi\u0119\u015bniowej, zwi\u0119kszonej si\u0142y i znacznie skr\u00f3conego czasu regeneracji. U\u017cytkownicy mog\u0105 r\u00f3wnie\u017c zaobserwowa\u0107 popraw\u0119 g\u0119sto\u015bci i wytrzyma\u0142o\u015bci mi\u0119\u015bni, poniewa\u017c zwi\u0105zek ten nie tylko przyspiesza napraw\u0119, ale tak\u017ce promuje tworzenie nowych w\u0142\u00f3kien mi\u0119\u015bniowych. Co wi\u0119cej, ukierunkowane dzia\u0142anie PEG MGF pomaga zapobiega\u0107 atrofii mi\u0119\u015bni w okresach bezczynno\u015bci, co czyni go szczeg\u00f3lnie korzystnym dla os\u00f3b powracaj\u0105cych do zdrowia po kontuzji lub anga\u017cuj\u0105cych si\u0119 w rygorystyczne cykle treningowe. Zg\u0142aszane dodatkowe korzy\u015bci obejmuj\u0105 zwi\u0119kszon\u0105 unaczynienie, lepszy og\u00f3lny poziom energii i lepsz\u0105 definicj\u0119 mi\u0119\u015bni.<\/p>\n<h2>Dlaczego Powerock Pharma:<\/h2>\n<p>W Powerock Pharma nasze zaanga\u017cowanie w doskona\u0142o\u015b\u0107 gwarantuje, \u017ce ka\u017cda partia PEG MGF jest produkowana w najnowocze\u015bniejszych zak\u0142adach, kt\u00f3re spe\u0142niaj\u0105 najwy\u017csze standardy bran\u017cowe, w tym GMP, HACCP i ISO 13485. Nasze rygorystyczne protoko\u0142y testowe gwarantuj\u0105, \u017ce otrzymany produkt ma najwy\u017csz\u0105 czysto\u015b\u0107 i si\u0142\u0119 dzia\u0142ania, zapewniaj\u0105c wiarygodne i sp\u00f3jne wyniki bada\u0144. Wsp\u00f3\u0142pracujemy z wiod\u0105cymi laboratoriami w celu walidacji ka\u017cdego etapu procesu produkcyjnego, dzi\u0119ki czemu mo\u017cesz zaufa\u0107 PEG MGF od Powerock Pharma, aby zapewni\u0107 oczekiwane wyniki bez kompromis\u00f3w. Niezale\u017cnie od tego, czy badania koncentruj\u0105 si\u0119 na regeneracji mi\u0119\u015bni, poprawie wydajno\u015bci czy regeneracji po urazach, nasz PEG MGF jest niezawodnym wyborem.<\/p>\n<h3>Podsumowanie:<\/h3>\n<p>Je\u015bli chcesz przyspieszy\u0107 swoje badania nad wzrostem i regeneracj\u0105 mi\u0119\u015bni, PEG MGF oferuje poparte naukowo rozwi\u0105zanie, kt\u00f3re jest zar\u00f3wno skuteczne, jak i bezpieczne. Wspierany przez rygorystyczne kontrole jako\u015bci Powerock Pharma, peptyd ten zosta\u0142 zaprojektowany, aby wspiera\u0107 cele badawcze z precyzj\u0105 i niezawodno\u015bci\u0105. Nie zadowalaj si\u0119 byle czym - zam\u00f3w PEG MGF ju\u017c dzi\u015b i do\u015bwiadcz r\u00f3\u017cnicy w jako\u015bci i wynikach, kt\u00f3re konsekwentnie zapewnia Powerock Pharma.<\/p>","protected":false},"excerpt":{"rendered":"<p>PEG MGF promuje wzrost mi\u0119\u015bni poprzez aktywacj\u0119 kom\u00f3rek satelitarnych i popraw\u0119 naprawy mi\u0119\u015bni. Pomaga w szybszym powrocie do zdrowia i regeneracji mi\u0119\u015bni. Wybierz Powerock Pharma, aby uzyska\u0107 czysto\u015b\u0107 i sp\u00f3jne wyniki.<\/p>","protected":false},"featured_media":210,"template":"","meta":{"_acf_changed":false,"rank_math_lock_modified_date":false,"inline_featured_image":false},"product_cat":[17],"product_tag":[],"class_list":{"0":"post-87","1":"product","2":"type-product","3":"status-publish","4":"has-post-thumbnail","6":"product_cat-peptide-lyophilizates","9":"first","10":"instock","11":"shipping-taxable","12":"product-type-simple"},"acf":{"chromatogram":630,"metoda":{"acftf":{"v":"1.3.24"},"p":{"o":{"uh":0},"ca":""},"c":[{"p":""}],"h":[{"c":""}],"b":[[{"c":""}]]}},"_links":{"self":[{"href":"https:\/\/powerockpharma.com\/pl\/wp-json\/wp\/v2\/product\/87","targetHints":{"allow":["GET"]}}],"collection":[{"href":"https:\/\/powerockpharma.com\/pl\/wp-json\/wp\/v2\/product"}],"about":[{"href":"https:\/\/powerockpharma.com\/pl\/wp-json\/wp\/v2\/types\/product"}],"wp:featuredmedia":[{"embeddable":true,"href":"https:\/\/powerockpharma.com\/pl\/wp-json\/wp\/v2\/media\/210"}],"wp:attachment":[{"href":"https:\/\/powerockpharma.com\/pl\/wp-json\/wp\/v2\/media?parent=87"}],"wp:term":[{"taxonomy":"product_cat","embeddable":true,"href":"https:\/\/powerockpharma.com\/pl\/wp-json\/wp\/v2\/product_cat?post=87"},{"taxonomy":"product_tag","embeddable":true,"href":"https:\/\/powerockpharma.com\/pl\/wp-json\/wp\/v2\/product_tag?post=87"}],"curies":[{"name":"wp","href":"https:\/\/api.w.org\/{rel}","templated":true}]}}