{"id":88,"date":"2024-08-04T17:01:27","date_gmt":"2024-08-04T15:01:27","guid":{"rendered":"https:\/\/powerockpharma.com\/?post_type=product&#038;p=88"},"modified":"2025-11-12T06:59:38","modified_gmt":"2025-11-12T05:59:38","slug":"n-acetyl-epithalon","status":"publish","type":"product","link":"https:\/\/powerockpharma.com\/pl\/peptide-lyophilizates\/n-acetyloepitalon\/","title":{"rendered":"N-ACETYL EPITHALON"},"content":{"rendered":"<h2>W\u0142a\u015bciwo\u015bci:<\/h2>\n<p>N-Acetyl Epithalon, znany r\u00f3wnie\u017c jako Epithalamin lub Epithalon, to syntetyczny peptyd o silnym dzia\u0142aniu przeciwstarzeniowym. Jest wysoko ceniony za zdolno\u015b\u0107 do zwi\u0119kszania d\u0142ugowieczno\u015bci kom\u00f3rek, co czyni go popularnym wyborem w\u015br\u00f3d naukowc\u00f3w zajmuj\u0105cych si\u0119 badaniami zwi\u0105zanymi z wiekiem. Peptyd ten dzia\u0142a g\u0142\u00f3wnie poprzez modulowanie aktywno\u015bci telomerazy, enzymu, kt\u00f3ry odgrywa kluczow\u0105 rol\u0119 w utrzymaniu d\u0142ugo\u015bci telomer\u00f3w, kt\u00f3re s\u0105 ochronnymi czapeczkami na ko\u0144cach chromosom\u00f3w. Z biegiem czasu telomery naturalnie skracaj\u0105 si\u0119 w miar\u0119 podzia\u0142u kom\u00f3rek, co prowadzi do starzenia si\u0119 kom\u00f3rek i pogorszenia ich funkcji. N-Acetyl Epithalon dzia\u0142a poprzez stymulowanie aktywno\u015bci telomerazy, pomagaj\u0105c w ten spos\u00f3b utrzyma\u0107 d\u0142ugo\u015b\u0107 telomer\u00f3w i promuj\u0105c zdrowie i witalno\u015b\u0107 kom\u00f3rek.<\/p>\n<h2>Mechanizm dzia\u0142ania:<\/h2>\n<p>Dzia\u0142anie N-Acetyl Epithalon koncentruje si\u0119 wok\u00f3\u0142 jego zdolno\u015bci do wp\u0142ywania na aktywno\u015b\u0107 telomerazy, enzymu, kt\u00f3ry bezpo\u015brednio wp\u0142ywa na starzenie si\u0119 kom\u00f3rek. Promuj\u0105c aktywno\u015b\u0107 telomerazy, N-Acetyl Epithalon pomaga zachowa\u0107 d\u0142ugo\u015b\u0107 telomer\u00f3w, skutecznie op\u00f3\u017aniaj\u0105c proces starzenia si\u0119 kom\u00f3rek. Prowadzi to do szeregu korzy\u015bci, w tym poprawy funkcji kom\u00f3rek, wzmocnienia odpowiedzi immunologicznej i zwi\u0119kszenia og\u00f3lnej witalno\u015bci. Dodatkowo zaobserwowano, \u017ce N-Acetyl Epithalon poprawia naturalny rytm dobowy organizmu, prowadz\u0105c do lepszej jako\u015bci snu i og\u00f3lnego samopoczucia. Jego selektywny mechanizm zapewnia, \u017ce dzia\u0142a on przede wszystkim na telomery, nie powoduj\u0105c niepo\u017c\u0105danych skutk\u00f3w w tkankach innych ni\u017c docelowe, co czyni go bezpieczniejsz\u0105 opcj\u0105 dla d\u0142ugoterminowych bada\u0144 skoncentrowanych na starzeniu si\u0119 i d\u0142ugowieczno\u015bci.<\/p>\n<h2>Korzy\u015bci:<\/h2>\n<p>Konsekwentne stosowanie N-Acetyl Epithalon w badaniach naukowych przynios\u0142o liczne korzy\u015bci, w tym zwi\u0119kszenie \u017cywotno\u015bci na poziomie kom\u00f3rkowym, popraw\u0119 wzorc\u00f3w snu, popraw\u0119 funkcji odporno\u015bciowych oraz og\u00f3lny wzrost witalno\u015bci i poziomu energii. Naukowcy odnotowali r\u00f3wnie\u017c dodatkowe korzy\u015bci, takie jak lepsza stabilizacja nastroju, zmniejszenie stresu oksydacyjnego i poprawa funkcji metabolicznych. Zwi\u0105zek ten jest szczeg\u00f3lnie skuteczny w badaniach dotycz\u0105cych starzenia si\u0119, zaburze\u0144 snu i funkcji uk\u0142adu odporno\u015bciowego, co czyni go cennym narz\u0119dziem dla naukowc\u00f3w w tych dziedzinach.<\/p>\n<h2>Dlaczego Powerock Pharma:<\/h2>\n<p>W Powerock Pharma nasze zaanga\u017cowanie w doskona\u0142o\u015b\u0107 jest widoczne w ka\u017cdej wyprodukowanej partii N-Acetyl Epithalon. Nasze zak\u0142ady spe\u0142niaj\u0105 i przekraczaj\u0105 najwy\u017csze standardy GMP, HACCP i ISO 13485, zapewniaj\u0105c, \u017ce otrzymujesz produkt, kt\u00f3ry jest zar\u00f3wno bezpieczny, jak i skuteczny. Korzystamy z najnowocze\u015bniejszych procedur testowych w celu potwierdzenia czysto\u015bci i si\u0142y dzia\u0142ania naszych produkt\u00f3w, dzi\u0119ki czemu mo\u017cna mie\u0107 pewno\u015b\u0107, \u017ce N-Acetyl Epithalon zapewni sp\u00f3jne wyniki w badaniach za ka\u017cdym razem. Wybieraj\u0105c Powerock Pharma, wybierasz niezr\u00f3wnan\u0105 jako\u015b\u0107, niezawodno\u015b\u0107 i spok\u00f3j ducha, wiedz\u0105c, \u017ce Twoje badania s\u0105 wspierane przez najlepsze dost\u0119pne produkty.<\/p>\n<h3>Podsumowanie:<\/h3>\n<p>Je\u015bli Twoje badania maj\u0105 na celu zbadanie mechanizm\u00f3w starzenia lub popraw\u0119 zdrowia kom\u00f3rkowego, N-Acetyl Epithalon jest rozwi\u0105zaniem, kt\u00f3rego potrzebujesz. Wspierany przez rygorystyczne kontrole jako\u015bci Powerock Pharma, produkt ten zosta\u0142 zaprojektowany, aby pom\u00f3c Ci osi\u0105gn\u0105\u0107 znacz\u0105ce wyniki w spos\u00f3b bezpieczny i skuteczny. Nie zadowalaj si\u0119 mniej - zam\u00f3w N-Acetyl Epithalon ju\u017c dzi\u015b i przenie\u015b swoje badania na wy\u017cszy poziom.<\/p>","protected":false},"excerpt":{"rendered":"<p>N-Acetyl Epithalon wspomaga przeciwdzia\u0142anie starzeniu si\u0119 poprzez modulowanie aktywno\u015bci telomerazy, promuj\u0105c d\u0142ugowieczno\u015b\u0107 kom\u00f3rek. Oferuje korzy\u015bci, takie jak lepszy sen, zwi\u0119kszona odporno\u015b\u0107 i zwi\u0119kszona witalno\u015b\u0107. Wybierz Powerock Pharma, aby uzyska\u0107 jako\u015b\u0107 i sp\u00f3jne wyniki.<\/p>","protected":false},"featured_media":206,"template":"","meta":{"_acf_changed":false,"rank_math_lock_modified_date":false,"inline_featured_image":false},"product_cat":[17],"product_tag":[],"class_list":{"0":"post-88","1":"product","2":"type-product","3":"status-publish","4":"has-post-thumbnail","6":"product_cat-peptide-lyophilizates","9":"first","10":"instock","11":"shipping-taxable","12":"product-type-simple"},"acf":{"chromatogram":639,"metoda":""},"_links":{"self":[{"href":"https:\/\/powerockpharma.com\/pl\/wp-json\/wp\/v2\/product\/88","targetHints":{"allow":["GET"]}}],"collection":[{"href":"https:\/\/powerockpharma.com\/pl\/wp-json\/wp\/v2\/product"}],"about":[{"href":"https:\/\/powerockpharma.com\/pl\/wp-json\/wp\/v2\/types\/product"}],"wp:featuredmedia":[{"embeddable":true,"href":"https:\/\/powerockpharma.com\/pl\/wp-json\/wp\/v2\/media\/206"}],"wp:attachment":[{"href":"https:\/\/powerockpharma.com\/pl\/wp-json\/wp\/v2\/media?parent=88"}],"wp:term":[{"taxonomy":"product_cat","embeddable":true,"href":"https:\/\/powerockpharma.com\/pl\/wp-json\/wp\/v2\/product_cat?post=88"},{"taxonomy":"product_tag","embeddable":true,"href":"https:\/\/powerockpharma.com\/pl\/wp-json\/wp\/v2\/product_tag?post=88"}],"curies":[{"name":"wp","href":"https:\/\/api.w.org\/{rel}","templated":true}]}}