{"id":89,"date":"2024-08-04T17:01:44","date_gmt":"2024-08-04T15:01:44","guid":{"rendered":"https:\/\/powerockpharma.com\/?post_type=product&#038;p=89"},"modified":"2025-11-12T06:55:07","modified_gmt":"2025-11-12T05:55:07","slug":"pt141","status":"publish","type":"product","link":"https:\/\/powerockpharma.com\/pl\/peptide-lyophilizates\/pt141\/","title":{"rendered":"PT141"},"content":{"rendered":"<h2>W\u0142a\u015bciwo\u015bci:<\/h2>\n<p>PT-141, znany r\u00f3wnie\u017c jako Bremelanotide, jest silnym peptydem znanym przede wszystkim ze swojego wp\u0142ywu na funkcje seksualne. Pierwotnie opracowany jako lek na dysfunkcje seksualne, PT-141 zyska\u0142 uznanie dzi\u0119ki swojej zdolno\u015bci do zwi\u0119kszania libido i sprawno\u015bci seksualnej zar\u00f3wno u m\u0119\u017cczyzn, jak i kobiet. W przeciwie\u0144stwie do innych terapii ukierunkowanych na uk\u0142ad naczyniowy, PT-141 dzia\u0142a bezpo\u015brednio przez uk\u0142ad nerwowy, co czyni go wyj\u0105tkow\u0105 i skuteczn\u0105 opcj\u0105 dla os\u00f3b pragn\u0105cych poprawi\u0107 swoje zdrowie seksualne. Mechanizm dzia\u0142ania PT-141 obejmuje aktywacj\u0119 receptor\u00f3w melanokortyny w m\u00f3zgu, co prowadzi do zwi\u0119kszonego podniecenia seksualnego i po\u017c\u0105dania bez wp\u0142ywu na przep\u0142yw krwi.<\/p>\n<h2>Mechanizm dzia\u0142ania:<\/h2>\n<p>Dzia\u0142anie PT-141 opiera si\u0119 na jego zdolno\u015bci do stymulowania receptor\u00f3w melanokortyny, w szczeg\u00f3lno\u015bci podtypu MC4R, w o\u015brodkowym uk\u0142adzie nerwowym. Receptory te s\u0105 zaanga\u017cowane w regulacj\u0119 szerokiego zakresu funkcji, w tym zachowa\u0144 seksualnych i homeostazy energetycznej. Wi\u0105\u017c\u0105c si\u0119 z tymi receptorami, PT-141 wyzwala kaskad\u0119 zdarze\u0144 neurochemicznych, kt\u00f3re zwi\u0119kszaj\u0105 podniecenie seksualne. Mechanizm ten r\u00f3\u017cni si\u0119 od mechanizmu dzia\u0142ania innych lek\u00f3w poprawiaj\u0105cych sprawno\u015b\u0107 seksualn\u0105, kt\u00f3re cz\u0119sto koncentruj\u0105 si\u0119 na zwi\u0119kszaniu przep\u0142ywu krwi do narz\u0105d\u00f3w p\u0142ciowych. Selektywne dzia\u0142anie PT-141 na szlaki seksualne m\u00f3zgu pozwala na bardziej naturaln\u0105 reakcj\u0119, zwi\u0119kszaj\u0105c libido bez efekt\u00f3w sercowo-naczyniowych zwi\u0105zanych z innymi terapiami.<\/p>\n<h2>Korzy\u015bci:<\/h2>\n<p>Regularne stosowanie PT-141 w warunkach badawczych wykaza\u0142o zauwa\u017calny wzrost po\u017c\u0105dania seksualnego i sprawno\u015bci seksualnej. W przypadku m\u0119\u017cczyzn mo\u017ce to oznacza\u0107 popraw\u0119 erekcji i zwi\u0119kszon\u0105 satysfakcj\u0119 seksualn\u0105, podczas gdy kobiety mog\u0105 do\u015bwiadcza\u0107 zwi\u0119kszonego podniecenia i orgazmu. Dodatkowo zaobserwowano, \u017ce PT-141 ma potencjalne dzia\u0142anie stabilizuj\u0105ce nastr\u00f3j, przyczyniaj\u0105c si\u0119 do og\u00f3lnego dobrego samopoczucia. Zwi\u0105zek ten jest szczeg\u00f3lnie korzystny dla os\u00f3b do\u015bwiadczaj\u0105cych dysfunkcji seksualnych z powodu czynnik\u00f3w psychologicznych lub tych, kt\u00f3rzy nie reaguj\u0105 na tradycyjne metody leczenia, takie jak inhibitory PDE5.<\/p>\n<h2>Dlaczego Powerock Pharma:<\/h2>\n<p>W Powerock Pharma nasze zaanga\u017cowanie w doskona\u0142o\u015b\u0107 zapewnia, \u017ce ka\u017cda partia PT-141 jest produkowana zgodnie z najwy\u017cszymi standardami bran\u017cowymi, w tym GMP, HACCP i ISO 13485. Nasze rygorystyczne procesy testowania gwarantuj\u0105 czysto\u015b\u0107, moc i bezpiecze\u0144stwo naszych produkt\u00f3w, zapewniaj\u0105c badaczom wiarygodne wyniki. Wsp\u00f3\u0142pracujemy z wiod\u0105cymi laboratoriami w celu walidacji ka\u017cdego aspektu naszej produkcji, dzi\u0119ki czemu mo\u017cesz mie\u0107 pewno\u015b\u0107, \u017ce PT-141 od Powerock Pharma b\u0119dzie konsekwentnie dostarcza\u0107 oczekiwane wyniki. Wyb\u00f3r Powerock Pharma oznacza wyb\u00f3r produktu popartego nauk\u0105, jako\u015bci\u0105 i uczciwo\u015bci\u0105.<\/p>\n<h3>Podsumowanie:<\/h3>\n<p>Je\u015bli chcesz zbada\u0107 potencja\u0142 poprawy funkcji seksualnych poprzez badania, PT-141 jest nieocenionym narz\u0119dziem. Dzi\u0119ki rygorystycznym kontrolom jako\u015bci Powerock Pharma mo\u017cesz \u015bmia\u0142o prowadzi\u0107 swoje badania, wiedz\u0105c, \u017ce pracujesz z najlepszymi. Nie id\u017a na kompromis w swoich badaniach - zam\u00f3w PT-141 ju\u017c dzi\u015b i odblokuj pe\u0142ny potencja\u0142 wynik\u00f3w swoich bada\u0144.<\/p>","protected":false},"excerpt":{"rendered":"<p>PT-141 (Bremelanotide) wspomaga popraw\u0119 funkcji seksualnych poprzez aktywacj\u0119 receptor\u00f3w melanokortyny w o\u015brodkowym uk\u0142adzie nerwowym. Zapewnia popraw\u0119 libido i sprawno\u015bci seksualnej. Wybierz Powerock Pharma dla jako\u015bci i wynik\u00f3w.<\/p>","protected":false},"featured_media":211,"template":"","meta":{"_acf_changed":false,"rank_math_lock_modified_date":false,"inline_featured_image":false},"product_cat":[17],"product_tag":[],"class_list":{"0":"post-89","1":"product","2":"type-product","3":"status-publish","4":"has-post-thumbnail","6":"product_cat-peptide-lyophilizates","9":"first","10":"instock","11":"shipping-taxable","12":"product-type-simple"},"acf":{"chromatogram":624,"metoda":{"acftf":{"v":"1.3.24"},"p":{"o":{"uh":0},"ca":""},"c":[{"p":""}],"h":[{"c":""}],"b":[[{"c":""}]]}},"_links":{"self":[{"href":"https:\/\/powerockpharma.com\/pl\/wp-json\/wp\/v2\/product\/89","targetHints":{"allow":["GET"]}}],"collection":[{"href":"https:\/\/powerockpharma.com\/pl\/wp-json\/wp\/v2\/product"}],"about":[{"href":"https:\/\/powerockpharma.com\/pl\/wp-json\/wp\/v2\/types\/product"}],"wp:featuredmedia":[{"embeddable":true,"href":"https:\/\/powerockpharma.com\/pl\/wp-json\/wp\/v2\/media\/211"}],"wp:attachment":[{"href":"https:\/\/powerockpharma.com\/pl\/wp-json\/wp\/v2\/media?parent=89"}],"wp:term":[{"taxonomy":"product_cat","embeddable":true,"href":"https:\/\/powerockpharma.com\/pl\/wp-json\/wp\/v2\/product_cat?post=89"},{"taxonomy":"product_tag","embeddable":true,"href":"https:\/\/powerockpharma.com\/pl\/wp-json\/wp\/v2\/product_tag?post=89"}],"curies":[{"name":"wp","href":"https:\/\/api.w.org\/{rel}","templated":true}]}}