{"id":90,"date":"2024-08-04T17:02:12","date_gmt":"2024-08-04T15:02:12","guid":{"rendered":"https:\/\/powerockpharma.com\/?post_type=product&#038;p=90"},"modified":"2025-11-12T06:59:11","modified_gmt":"2025-11-12T05:59:11","slug":"n-acetyl-semax","status":"publish","type":"product","link":"https:\/\/powerockpharma.com\/pl\/peptide-lyophilizates\/n-semaks-acetylowy\/","title":{"rendered":"N-ACETYL SEMAX"},"content":{"rendered":"<h2>W\u0142a\u015bciwo\u015bci:<\/h2>\n<p>N-Acetyl Semax Amidate jest silnym neuropeptydem znanym ze swoich w\u0142a\u015bciwo\u015bci poprawiaj\u0105cych funkcje poznawcze. Jest bardzo poszukiwany przez spo\u0142eczno\u015b\u0107 badawcz\u0105 ze wzgl\u0119du na jego zdolno\u015b\u0107 do znacznej poprawy sprawno\u015bci umys\u0142owej i zapewnienia efekt\u00f3w neuroprotekcyjnych. Zwi\u0105zek ten dzia\u0142a przede wszystkim w m\u00f3zgu, gdzie wywiera swoje dzia\u0142anie poprzez modulowanie poziomu neurotroficznego czynnika pochodzenia m\u00f3zgowego (BDNF), kluczowego bia\u0142ka zaanga\u017cowanego we wzrost, utrzymanie i prze\u017cycie neuron\u00f3w. Naukowcy odkryli, \u017ce N-Acetyl Semax Amidate jest szczeg\u00f3lnie skuteczny w zwi\u0119kszaniu pami\u0119ci, koncentracji i zdolno\u015bci uczenia si\u0119, co czyni go idealnym kandydatem do bada\u0144 koncentruj\u0105cych si\u0119 na funkcjach poznawczych i neuroprotekcji.<\/p>\n<h2>Mechanizm dzia\u0142ania:<\/h2>\n<p>N-Acetyl Semax Amidate dzia\u0142a poprzez zwi\u0119kszenie ekspresji BDNF w m\u00f3zgu, kt\u00f3ry odgrywa kluczow\u0105 rol\u0119 w neuroplastyczno\u015bci - zdolno\u015bci m\u00f3zgu do reorganizacji poprzez tworzenie nowych po\u0142\u0105cze\u0144 neuronowych. Ta modulacja poziom\u00f3w BDNF u\u0142atwia zwi\u0119kszon\u0105 plastyczno\u015b\u0107 synaptyczn\u0105, prowadz\u0105c do poprawy uczenia si\u0119 i pami\u0119ci. Dodatkowo wykazano, \u017ce N-Acetyl Semax Amidate wp\u0142ywa na inne czynniki neurotroficzne i neuroprzeka\u017aniki, przyczyniaj\u0105c si\u0119 do szerokiego spektrum korzy\u015bci poznawczych. Jego selektywne dzia\u0142anie zapewnia, \u017ce funkcje poznawcze s\u0105 wzmocnione bez nadmiernej stymulacji, zmniejszaj\u0105c ryzyko wyst\u0105pienia skutk\u00f3w ubocznych powszechnie zwi\u0105zanych z innymi wzmacniaczami funkcji poznawczych.<\/p>\n<h2>Korzy\u015bci:<\/h2>\n<p>Badania nad N-Acetyl Semax Amidate konsekwentnie wykazuj\u0105 jego zdolno\u015b\u0107 do poprawy funkcji poznawczych, szczeg\u00f3lnie w obszarach pami\u0119ci, uczenia si\u0119 i koncentracji. Badania wykaza\u0142y, \u017ce mo\u017ce on poprawia\u0107 jasno\u015b\u0107 umys\u0142u i zwi\u0119ksza\u0107 produktywno\u015b\u0107, co czyni go cennym dla naukowc\u00f3w badaj\u0105cych neuroenhancement. Poza popraw\u0105 funkcji poznawczych, N-Acetyl Semax Amidate oferuje korzy\u015bci neuroprotekcyjne, pomagaj\u0105c chroni\u0107 neurony przed uszkodzeniami spowodowanymi stresem oksydacyjnym i innymi procesami neurodegeneracyjnymi. Sprawia to, \u017ce jest to obiecuj\u0105cy zwi\u0105zek do bada\u0144 nad chorobami neurodegeneracyjnymi, takimi jak choroba Alzheimera i inne formy upo\u015bledzenia funkcji poznawczych.<\/p>\n<h2>Dlaczego Powerock Pharma:<\/h2>\n<p>W Powerock Pharma jeste\u015bmy zaanga\u017cowani w dostarczanie najwy\u017cszej jako\u015bci zwi\u0105zk\u00f3w badawczych, a N-Acetyl Semax Amidate nie jest wyj\u0105tkiem. Nasze produkty s\u0105 wytwarzane w najnowocze\u015bniejszych zak\u0142adach, kt\u00f3re przestrzegaj\u0105 najsurowszych norm jako\u015bci, w tym certyfikat\u00f3w GMP, HACCP i ISO 13485. Ka\u017cda partia N-Acetyl Semax Amidate przechodzi rygorystyczne testy w celu zapewnienia czysto\u015bci, mocy i bezpiecze\u0144stwa. Wsp\u00f3\u0142pracujemy z najlepszymi laboratoriami w celu weryfikacji integralno\u015bci naszych produkt\u00f3w, dzi\u0119ki czemu mo\u017cesz mie\u0107 pewno\u015b\u0107, \u017ce za ka\u017cdym razem otrzymujesz niezawodny i skuteczny zwi\u0105zek badawczy. Wybierz Powerock Pharma, aby uzyska\u0107 najwy\u017csz\u0105 jako\u015b\u0107 i wyniki bada\u0144, na kt\u00f3re mo\u017cesz liczy\u0107.<\/p>\n<h3>Podsumowanie:<\/h3>\n<p>Podnie\u015b poziom swoich bada\u0144 poznawczych dzi\u0119ki N-Acetyl Semax Amidate od Powerock Pharma. Ten neuropeptyd jest poparty badaniami naukowymi i produkowany pod najbardziej rygorystyczn\u0105 kontrol\u0105 jako\u015bci. Niezale\u017cnie od tego, czy koncentrujesz si\u0119 na poprawie pami\u0119ci, zwi\u0119kszeniu zdolno\u015bci uczenia si\u0119, czy badaniu neuroprotekcji, N-Acetyl Semax Amidate jest idealnym wyborem. Nie id\u017a na kompromis - zam\u00f3w ju\u017c dzi\u015b i uwolnij pe\u0142ny potencja\u0142 swoich bada\u0144 dzi\u0119ki zaufanym produktom Powerock Pharma.<\/p>","protected":false},"excerpt":{"rendered":"<p>N-Acetyl Semax Amidate wspomaga funkcje poznawcze poprzez modulowanie poziomu neurotroficznego czynnika pochodzenia m\u00f3zgowego (BDNF). Zapewnia lepsz\u0105 pami\u0119\u0107, koncentracj\u0119 i neuroprotekcj\u0119. Wybierz Powerock Pharma, aby uzyska\u0107 niezr\u00f3wnan\u0105 jako\u015b\u0107 i sp\u00f3jne wyniki.<\/p>","protected":false},"featured_media":208,"template":"","meta":{"_acf_changed":false,"rank_math_lock_modified_date":false,"inline_featured_image":false},"product_cat":[17],"product_tag":[],"class_list":{"0":"post-90","1":"product","2":"type-product","3":"status-publish","4":"has-post-thumbnail","6":"product_cat-peptide-lyophilizates","9":"first","10":"instock","11":"shipping-taxable","12":"product-type-simple"},"acf":{"chromatogram":637,"metoda":{"acftf":{"v":"1.3.24"},"p":{"o":{"uh":0},"ca":""},"c":[{"p":""}],"h":[{"c":""}],"b":[[{"c":""}]]}},"_links":{"self":[{"href":"https:\/\/powerockpharma.com\/pl\/wp-json\/wp\/v2\/product\/90","targetHints":{"allow":["GET"]}}],"collection":[{"href":"https:\/\/powerockpharma.com\/pl\/wp-json\/wp\/v2\/product"}],"about":[{"href":"https:\/\/powerockpharma.com\/pl\/wp-json\/wp\/v2\/types\/product"}],"wp:featuredmedia":[{"embeddable":true,"href":"https:\/\/powerockpharma.com\/pl\/wp-json\/wp\/v2\/media\/208"}],"wp:attachment":[{"href":"https:\/\/powerockpharma.com\/pl\/wp-json\/wp\/v2\/media?parent=90"}],"wp:term":[{"taxonomy":"product_cat","embeddable":true,"href":"https:\/\/powerockpharma.com\/pl\/wp-json\/wp\/v2\/product_cat?post=90"},{"taxonomy":"product_tag","embeddable":true,"href":"https:\/\/powerockpharma.com\/pl\/wp-json\/wp\/v2\/product_tag?post=90"}],"curies":[{"name":"wp","href":"https:\/\/api.w.org\/{rel}","templated":true}]}}