{"id":91,"date":"2024-08-04T17:02:40","date_gmt":"2024-08-04T15:02:40","guid":{"rendered":"https:\/\/powerockpharma.com\/?post_type=product&#038;p=91"},"modified":"2025-11-12T06:59:25","modified_gmt":"2025-11-12T05:59:25","slug":"n-acetyl-selank","status":"publish","type":"product","link":"https:\/\/powerockpharma.com\/pl\/peptide-lyophilizates\/n-selan-acetylu\/","title":{"rendered":"N-ACETYLOSELANK"},"content":{"rendered":"<h2>W\u0142a\u015bciwo\u015bci:<\/h2>\n<p>Amidat N-acetylo-selankowy jest silnym neuropeptydem zaprojektowanym w celu optymalizacji funkcji poznawczych i stabilizacji nastroju, co czyni go preferowanym wyborem dla naukowc\u00f3w zajmuj\u0105cych si\u0119 zdrowiem psychicznym, popraw\u0105 funkcji poznawczych i stanami zwi\u0105zanymi ze stresem. Zwi\u0105zek ten znany jest ze swoich w\u0142a\u015bciwo\u015bci anksjolitycznych (zmniejszaj\u0105cych niepok\u00f3j) oraz zdolno\u015bci do poprawy pami\u0119ci i zdolno\u015bci uczenia si\u0119. N-Acetyl Selank dzia\u0142a poprzez modulowanie aktywno\u015bci okre\u015blonych neuroprzeka\u017anik\u00f3w w m\u00f3zgu, w szczeg\u00f3lno\u015bci serotoniny, dopaminy i noradrenaliny, co prowadzi do poprawy funkcji poznawczych, zmniejszenia l\u0119ku i og\u00f3lnej poprawy nastroju.<\/p>\n<h2>Mechanizm dzia\u0142ania:<\/h2>\n<p>Dzia\u0142anie N-Acetyl Selank opiera si\u0119 na jego zdolno\u015bci do wp\u0142ywania na r\u00f3wnowag\u0119 neuroprzeka\u017anik\u00f3w w o\u015brodkowym uk\u0142adzie nerwowym. Moduluj\u0105c uwalnianie i rozpad serotoniny i innych kluczowych neuroprzeka\u017anik\u00f3w, N-Acetyl Selank zmniejsza niepok\u00f3j i promuje poczucie spokoju bez efekt\u00f3w uspokajaj\u0105cych powszechnie kojarzonych z tradycyjnymi anksjolitykami. Dodatkowo zwi\u0119ksza ekspresj\u0119 neurotroficznego czynnika pochodzenia m\u00f3zgowego (BDNF), bia\u0142ka zwi\u0105zanego z neuroplastyczno\u015bci\u0105 i funkcjami poznawczymi. Ta selektywna modulacja zapewnia, \u017ce u\u017cytkownik do\u015bwiadcza poprawy funkcji poznawczych, lepszej pami\u0119ci i obni\u017conego poziomu stresu, a wszystko to przy jednoczesnym zminimalizowaniu ryzyka wyst\u0105pienia skutk\u00f3w ubocznych.<\/p>\n<h2>Korzy\u015bci:<\/h2>\n<p>Konsekwentne stosowanie N-Acetyl Selank w badaniach naukowych wykaza\u0142o obiecuj\u0105ce wyniki w zakresie poprawy funkcji poznawczych, w tym lepszego zapami\u0119tywania i przypominania, a tak\u017ce zwi\u0119kszonych zdolno\u015bci uczenia si\u0119. Naukowcy zaobserwowali r\u00f3wnie\u017c znaczne obni\u017cenie poziomu l\u0119ku, co czyni go idealnym zwi\u0105zkiem do bada\u0144 nad zaburzeniami zwi\u0105zanymi ze stresem. Dodatkowe korzy\u015bci obejmuj\u0105 stabilizacj\u0119 nastroju, lepsz\u0105 jako\u015b\u0107 snu oraz og\u00f3ln\u0105 popraw\u0119 jasno\u015bci umys\u0142u i koncentracji. N-Acetyl Selank jest szczeg\u00f3lnie skuteczny dla naukowc\u00f3w zainteresowanych badaniem metod leczenia zaburze\u0144 l\u0119kowych, pogorszenia funkcji poznawczych i stan\u00f3w zwi\u0105zanych z przewlek\u0142ym stresem.<\/p>\n<h2>Dlaczego Powerock Pharma:<\/h2>\n<p>W Powerock Pharma nasze zaanga\u017cowanie w dostarczanie tylko najwy\u017cszej jako\u015bci zwi\u0105zk\u00f3w badawczych jest niezr\u00f3wnane. Ka\u017cda partia N-Acetyl Selank jest produkowana w zak\u0142adach, kt\u00f3re przestrzegaj\u0105 najsurowszych norm GMP, HACCP i ISO 13485, zapewniaj\u0105c, \u017ce otrzymujesz produkt, kt\u00f3ry jest zar\u00f3wno silny, jak i czysty. Stosujemy najnowocze\u015bniejsze procedury testowe w celu sprawdzenia czysto\u015bci i sp\u00f3jno\u015bci naszych produkt\u00f3w, wsp\u00f3\u0142pracuj\u0105c z wiod\u0105cymi laboratoriami, aby zapewni\u0107, \u017ce nasze zwi\u0105zki badawcze spe\u0142niaj\u0105 najwy\u017csze standardy bran\u017cowe. Wybieraj\u0105c Powerock Pharma, wybierasz zaufanego partnera zaanga\u017cowanego w sukces Twoich bada\u0144.<\/p>\n<h3>Podsumowanie:<\/h3>\n<p>Je\u015bli Twoje badania maj\u0105 na celu zbadanie granic poprawy funkcji poznawczych, zmniejszenia l\u0119ku lub stabilizacji nastroju, N-Acetyl Selank jest zwi\u0105zkiem, kt\u00f3rego potrzebujesz. Wspierany przez rygorystyczne kontrole jako\u015bci Powerock Pharma, produkt ten zosta\u0142 zaprojektowany w celu zapewnienia wiarygodnych i sp\u00f3jnych wynik\u00f3w. Podnie\u015b wyniki swoich bada\u0144 - zam\u00f3w N-Acetyl Selank ju\u017c dzi\u015b i poznaj r\u00f3\u017cnic\u0119 Powerock Pharma.<\/p>","protected":false},"excerpt":{"rendered":"<p>N-Acetyl Selank poprawia funkcje poznawcze i zmniejsza niepok\u00f3j poprzez modulowanie aktywno\u015bci neuroprzeka\u017anik\u00f3w. Zapewnia stabilizacj\u0119 nastroju, popraw\u0119 pami\u0119ci i redukcj\u0119 stresu. Wybierz Powerock Pharma, aby uzyska\u0107 niezr\u00f3wnan\u0105 jako\u015b\u0107 i sp\u00f3jne wyniki.<\/p>","protected":false},"featured_media":207,"template":"","meta":{"_acf_changed":false,"rank_math_lock_modified_date":false,"inline_featured_image":false},"product_cat":[17],"product_tag":[],"class_list":{"0":"post-91","1":"product","2":"type-product","3":"status-publish","4":"has-post-thumbnail","6":"product_cat-peptide-lyophilizates","9":"first","10":"instock","11":"shipping-taxable","12":"product-type-simple"},"acf":{"chromatogram":638,"metoda":""},"_links":{"self":[{"href":"https:\/\/powerockpharma.com\/pl\/wp-json\/wp\/v2\/product\/91","targetHints":{"allow":["GET"]}}],"collection":[{"href":"https:\/\/powerockpharma.com\/pl\/wp-json\/wp\/v2\/product"}],"about":[{"href":"https:\/\/powerockpharma.com\/pl\/wp-json\/wp\/v2\/types\/product"}],"wp:featuredmedia":[{"embeddable":true,"href":"https:\/\/powerockpharma.com\/pl\/wp-json\/wp\/v2\/media\/207"}],"wp:attachment":[{"href":"https:\/\/powerockpharma.com\/pl\/wp-json\/wp\/v2\/media?parent=91"}],"wp:term":[{"taxonomy":"product_cat","embeddable":true,"href":"https:\/\/powerockpharma.com\/pl\/wp-json\/wp\/v2\/product_cat?post=91"},{"taxonomy":"product_tag","embeddable":true,"href":"https:\/\/powerockpharma.com\/pl\/wp-json\/wp\/v2\/product_tag?post=91"}],"curies":[{"name":"wp","href":"https:\/\/api.w.org\/{rel}","templated":true}]}}