{"id":92,"date":"2024-08-04T17:03:06","date_gmt":"2024-08-04T15:03:06","guid":{"rendered":"https:\/\/powerockpharma.com\/?post_type=product&#038;p=92"},"modified":"2025-11-12T06:46:47","modified_gmt":"2025-11-12T05:46:47","slug":"tripple-g","status":"publish","type":"product","link":"https:\/\/powerockpharma.com\/pl\/peptide-lyophilizates\/tripple-g\/","title":{"rendered":"TRIPPLE G"},"content":{"rendered":"<h2>W\u0142a\u015bciwo\u015bci:<\/h2>\n<p>Retatrutyd, powszechnie okre\u015blany jako Tripple G, jest silnym zwi\u0105zkiem znanym z wieloaspektowego podej\u015bcia do kontroli masy cia\u0142a i regulacji metabolizmu. Ten najnowocze\u015bniejszy peptyd zyska\u0142 uznanie dzi\u0119ki silnemu wp\u0142ywowi na utrat\u0119 tkanki t\u0142uszczowej, kontrol\u0119 poziomu glukozy i og\u00f3ln\u0105 popraw\u0119 metabolizmu. Zaprojektowany z my\u015bl\u0105 o tych, kt\u00f3rzy koncentruj\u0105 si\u0119 na osi\u0105gni\u0119ciu znacznej redukcji tkanki t\u0142uszczowej i poprawie zdrowia metabolicznego, Retatrutide dzia\u0142a poprzez modulowanie kluczowych szlak\u00f3w hormonalnych, kt\u00f3re maj\u0105 kluczowe znaczenie dla r\u00f3wnowagi energetycznej i regulacji apetytu.<\/p>\n<h2>Mechanizm dzia\u0142ania:<\/h2>\n<p>Dzia\u0142anie retatrutydu opiera si\u0119 na jego unikalnej zdolno\u015bci do jednoczesnej aktywacji receptor\u00f3w GLP-1 (peptyd glukagonopodobny-1), GIP (polipeptyd hamuj\u0105cy wydzielanie \u017co\u0142\u0105dkowe) i glukagonu. Celuj\u0105c w te specyficzne szlaki, Retatrutide zwi\u0119ksza wydzielanie insuliny, zmniejsza poziom glukagonu i promuje uczucie syto\u015bci, co \u0142\u0105cznie prowadzi do zmniejszenia spo\u017cycia pokarmu i poprawy metabolizmu glukozy. Ta aktywacja wielu receptor\u00f3w nie tylko pomaga w znacznej utracie tkanki t\u0142uszczowej, ale tak\u017ce zapewnia lepsz\u0105 kontrol\u0119 poziomu glukozy we krwi, co czyni go wysoce skutecznym narz\u0119dziem do bada\u0144 nad oty\u0142o\u015bci\u0105, cukrzyc\u0105 typu 2 i innymi zaburzeniami metabolicznymi. Co wi\u0119cej, jego selektywny mechanizm minimalizuje ryzyko wyst\u0105pienia dzia\u0142a\u0144 niepo\u017c\u0105danych powszechnie zwi\u0105zanych z bardziej agresywnymi interwencjami metabolicznymi, zapewniaj\u0105c bezpieczniejszy profil do d\u0142ugotrwa\u0142ego stosowania w badaniach.<\/p>\n<h2>Korzy\u015bci:<\/h2>\n<p>Konsekwentne stosowanie retatrutydu w warunkach badawczych wykaza\u0142o znaczne zmniejszenie masy cia\u0142a, g\u0142\u00f3wnie poprzez redukcj\u0119 tkanki t\u0142uszczowej. Dodatkowo, badacze zaobserwowali popraw\u0119 kontroli glikemii, co jest szczeg\u00f3lnie korzystne w badaniach nad cukrzyc\u0105 typu 2 i insulinooporno\u015bci\u0105. Inne znacz\u0105ce korzy\u015bci obejmuj\u0105 zwi\u0119kszony poziom energii, lepsz\u0105 kontrol\u0119 apetytu i potencjaln\u0105 popraw\u0119 zdrowia uk\u0142adu sercowo-naczyniowego dzi\u0119ki obni\u017conemu poziomowi lipid\u00f3w. Retatrutyd jest szczeg\u00f3lnie skuteczny dla naukowc\u00f3w badaj\u0105cych nowe metody leczenia oty\u0142o\u015bci, zespo\u0142u metabolicznego i innych powi\u0105zanych schorze\u0144, oferuj\u0105c kompleksowe rozwi\u0105zanie do zarz\u0105dzania tymi z\u0142o\u017conymi kwestiami.<\/p>\n<h2>Dlaczego Powerock Pharma:<\/h2>\n<p>W Powerock Pharma nasze zaanga\u017cowanie w jako\u015b\u0107 i doskona\u0142o\u015b\u0107 jest widoczne w ka\u017cdym oferowanym przez nas produkcie. Retatrutyd jest produkowany w zak\u0142adach, kt\u00f3re \u015bci\u015ble przestrzegaj\u0105 norm GMP, HACCP i ISO 13485, zapewniaj\u0105c, \u017ce ka\u017cda partia spe\u0142nia najwy\u017csze standardy czysto\u015bci i si\u0142y dzia\u0142ania. Nasze rygorystyczne protoko\u0142y testowe, we wsp\u00f3\u0142pracy z wiod\u0105cymi laboratoriami, gwarantuj\u0105, \u017ce to, co otrzymujesz, jest nie tylko skuteczne, ale tak\u017ce bezpieczne i niezawodne. Wybieraj\u0105c Powerock Pharma, wybierasz partnera zaanga\u017cowanego we wspieranie Twoich bada\u0144 produktami, kt\u00f3re zapewniaj\u0105 sp\u00f3jne i wiarygodne wyniki.<\/p>\n<h3>Podsumowanie:<\/h3>\n<p>Je\u015bli Twoje cele badawcze obejmuj\u0105 badanie zaawansowanych metod utraty tkanki t\u0142uszczowej, kontroli glukozy i poprawy metabolizmu, Retatrutide (Tripple G) oferuje precyzyjne, niezawodne rozwi\u0105zanie, kt\u00f3rego potrzebujesz. Produkt ten, wspierany przez rygorystyczne kontrole jako\u015bci Powerock Pharma, zosta\u0142 zaprojektowany w celu u\u0142atwienia prze\u0142omowych bada\u0144 przy jednoczesnym zapewnieniu bezpiecze\u0144stwa i skuteczno\u015bci. Nie id\u017a na kompromis w zakresie standard\u00f3w badawczych - zam\u00f3w Retatrutide ju\u017c dzi\u015b i poprowad\u017a swoje badania do sukcesu.<\/p>","protected":false},"excerpt":{"rendered":"<p>Retatrutyd (Tripple G) wspomaga znaczn\u0105 utrat\u0119 tkanki t\u0142uszczowej i regulacj\u0119 poziomu glukozy poprzez aktywacj\u0119 wielu szlak\u00f3w hormonalnych, w tym receptor\u00f3w GLP-1, GIP i glukagonu. Zapewnia lepsz\u0105 kontrol\u0119 metaboliczn\u0105 i kontrol\u0119 masy cia\u0142a. Wybierz Powerock Pharma, aby uzyska\u0107 niezr\u00f3wnan\u0105 jako\u015b\u0107 i niezawodno\u015b\u0107.<\/p>","protected":false},"featured_media":215,"template":"","meta":{"_acf_changed":false,"rank_math_lock_modified_date":false,"inline_featured_image":false},"product_cat":[17],"product_tag":[],"class_list":{"0":"post-92","1":"product","2":"type-product","3":"status-publish","4":"has-post-thumbnail","6":"product_cat-peptide-lyophilizates","9":"first","10":"instock","11":"shipping-taxable","12":"product-type-simple"},"acf":{"chromatogram":604,"metoda":""},"_links":{"self":[{"href":"https:\/\/powerockpharma.com\/pl\/wp-json\/wp\/v2\/product\/92","targetHints":{"allow":["GET"]}}],"collection":[{"href":"https:\/\/powerockpharma.com\/pl\/wp-json\/wp\/v2\/product"}],"about":[{"href":"https:\/\/powerockpharma.com\/pl\/wp-json\/wp\/v2\/types\/product"}],"wp:featuredmedia":[{"embeddable":true,"href":"https:\/\/powerockpharma.com\/pl\/wp-json\/wp\/v2\/media\/215"}],"wp:attachment":[{"href":"https:\/\/powerockpharma.com\/pl\/wp-json\/wp\/v2\/media?parent=92"}],"wp:term":[{"taxonomy":"product_cat","embeddable":true,"href":"https:\/\/powerockpharma.com\/pl\/wp-json\/wp\/v2\/product_cat?post=92"},{"taxonomy":"product_tag","embeddable":true,"href":"https:\/\/powerockpharma.com\/pl\/wp-json\/wp\/v2\/product_tag?post=92"}],"curies":[{"name":"wp","href":"https:\/\/api.w.org\/{rel}","templated":true}]}}