{"id":93,"date":"2024-08-04T17:03:46","date_gmt":"2024-08-04T15:03:46","guid":{"rendered":"https:\/\/powerockpharma.com\/?post_type=product&#038;p=93"},"modified":"2025-11-12T07:10:41","modified_gmt":"2025-11-12T06:10:41","slug":"acetyl-glp-1gip","status":"publish","type":"product","link":"https:\/\/powerockpharma.com\/pl\/peptide-lyophilizates\/acetyl-glp-1gip\/","title":{"rendered":"ACETYL GLP-1+GIP"},"content":{"rendered":"<h2>W\u0142a\u015bciwo\u015bci:<\/h2>\n<p>Acetyl GLP-1+GIP, chemicznie znany jako Tirzepatide (numer CAS: 910463-68-2 \/ 2023788-19-2), jest rewolucyjnym zwi\u0105zkiem w badaniach metabolicznych, znanym ze swojego silnego wp\u0142ywu na utrat\u0119 t\u0142uszczu i regulacj\u0119 glukozy. Peptyd ten zosta\u0142 zaprojektowany tak, aby na\u015bladowa\u0107 podw\u00f3jne hormony inkretynowe GLP-1 (glukagonopodobny peptyd-1) i GIP (polipeptyd hamuj\u0105cy wydzielanie \u017co\u0142\u0105dkowe), kt\u00f3re odgrywaj\u0105 kluczow\u0105 rol\u0119 w homeostazie glukozy i kontroli apetytu. Acetyl GLP-1+GIP jest szczeg\u00f3lnie preferowany w badaniach koncentruj\u0105cych si\u0119 na kontroli masy cia\u0142a i zaburzeniach metabolicznych ze wzgl\u0119du na jego zdolno\u015b\u0107 do zwi\u0119kszania wra\u017cliwo\u015bci na insulin\u0119 i promowania znacznej redukcji tkanki t\u0142uszczowej.<\/p>\n<h2>Mechanizm dzia\u0142ania:<\/h2>\n<p>Dzia\u0142anie Acetyl GLP-1+GIP koncentruje si\u0119 wok\u00f3\u0142 mechanizmu podw\u00f3jnego agonisty, w kt\u00f3rym jednocze\u015bnie aktywuje receptory GLP-1 i GIP. Ta podw\u00f3jna aktywacja prowadzi do lepszego wydzielania insuliny w odpowiedzi na podwy\u017cszony poziom glukozy we krwi, jednocze\u015bnie zmniejszaj\u0105c poziom glukagonu, optymalizuj\u0105c w ten spos\u00f3b kontrol\u0119 poziomu cukru we krwi. Dodatkowo, Acetyl GLP-1+GIP zmniejsza opr\u00f3\u017cnianie \u017co\u0142\u0105dka, co przed\u0142u\u017ca uczucie syto\u015bci i zmniejsza og\u00f3lne spo\u017cycie pokarmu. Mechanizm ten nie tylko wspomaga skuteczn\u0105 utrat\u0119 tkanki t\u0142uszczowej, ale tak\u017ce ma korzystny wp\u0142yw na og\u00f3lne zdrowie metaboliczne, co czyni go g\u0142\u00f3wnym kandydatem do bada\u0144 nad oty\u0142o\u015bci\u0105, cukrzyc\u0105 typu 2 i powi\u0105zanymi schorzeniami metabolicznymi.<\/p>\n<h2>Korzy\u015bci:<\/h2>\n<p>Konsekwentne stosowanie Acetyl GLP-1+GIP skutkuje znaczn\u0105 utrat\u0105 tkanki t\u0142uszczowej, popraw\u0105 wra\u017cliwo\u015bci na insulin\u0119 i lepsz\u0105 kontrol\u0105 glikemii. Badacze mog\u0105 r\u00f3wnie\u017c zaobserwowa\u0107 zmniejszenie apetytu i og\u00f3lnego spo\u017cycia \u017cywno\u015bci, co prowadzi do dalszej redukcji masy cia\u0142a. Co wi\u0119cej, badani mog\u0105 do\u015bwiadcza\u0107 dodatkowych korzy\u015bci, takich jak zwi\u0119kszony poziom energii i stabilizacja nastroju dzi\u0119ki poprawie funkcji metabolicznych. Zwi\u0105zek ten jest szczeg\u00f3lnie skuteczny w badaniach maj\u0105cych na celu zbadanie nowych metod leczenia oty\u0142o\u015bci, cukrzycy i zespo\u0142u metabolicznego.<\/p>\n<h2>Dlaczego Powerock Pharma:<\/h2>\n<p>W Powerock Pharma dok\u0142adamy wszelkich stara\u0144, aby dostarcza\u0107 wy\u0142\u0105cznie najwy\u017cszej jako\u015bci zwi\u0105zki badawcze. Ka\u017cda partia Acetyl GLP-1+GIP jest produkowana w zak\u0142adach, kt\u00f3re \u015bci\u015ble przestrzegaj\u0105 norm GMP, HACCP i ISO 13485. Nasze zaanga\u017cowanie w rygorystyczn\u0105 kontrol\u0119 jako\u015bci i najnowocze\u015bniejsze procedury testowe zapewnia, \u017ce nasze produkty s\u0105 nie tylko silne, ale tak\u017ce bezpieczne i niezawodne. Wsp\u00f3\u0142pracujemy z wiod\u0105cymi laboratoriami w celu potwierdzenia czysto\u015bci i skuteczno\u015bci naszych zwi\u0105zk\u00f3w, zapewniaj\u0105c, \u017ce badania przynosz\u0105 sp\u00f3jne i powtarzalne wyniki. Wybieraj\u0105c Powerock Pharma, wybierasz doskona\u0142o\u015b\u0107, bezpiecze\u0144stwo i niezr\u00f3wnan\u0105 jako\u015b\u0107 materia\u0142\u00f3w badawczych.<\/p>\n<h3>Podsumowanie:<\/h3>\n<p>Je\u015bli prowadzisz badania w zakresie utraty tkanki t\u0142uszczowej, leczenia cukrzycy lub zaburze\u0144 metabolicznych, Acetyl GLP-1+GIP jest zwi\u0105zkiem, kt\u00f3rego potrzebujesz, aby osi\u0105gn\u0105\u0107 prze\u0142omowe wyniki. Wspierany przez rygorystyczne standardy jako\u015bci Powerock Pharma, produkt ten zosta\u0142 zaprojektowany w celu wspierania bada\u0144 z wiarygodnymi i skutecznymi wynikami. Nie id\u017a na kompromis w kwestii jako\u015bci - zam\u00f3w Acetyl GLP-1+GIP ju\u017c dzi\u015b w Powerock Pharma i przesu\u0144 granice swoich bada\u0144 metabolicznych.<\/p>","protected":false},"excerpt":{"rendered":"<p>Acetyl GLP-1+GIP wspomaga utrat\u0119 tkanki t\u0142uszczowej i regulacj\u0119 metabolizmu poprzez na\u015bladowanie hormon\u00f3w inkretynowych, zwi\u0119kszanie wra\u017cliwo\u015bci na insulin\u0119 i zmniejszanie apetytu. Wybierz Powerock Pharma, aby uzyska\u0107 niezr\u00f3wnan\u0105 jako\u015b\u0107 i skuteczne wyniki bada\u0144.<\/p>","protected":false},"featured_media":183,"template":"","meta":{"_acf_changed":false,"rank_math_lock_modified_date":false,"inline_featured_image":false},"product_cat":[17],"product_tag":[],"class_list":{"0":"post-93","1":"product","2":"type-product","3":"status-publish","4":"has-post-thumbnail","6":"product_cat-peptide-lyophilizates","9":"first","10":"instock","11":"shipping-taxable","12":"product-type-simple"},"acf":{"chromatogram":681,"metoda":{"acftf":{"v":"1.3.24"},"p":{"o":{"uh":0},"ca":""},"c":[{"p":""}],"h":[{"c":""}],"b":[[{"c":""}]]}},"_links":{"self":[{"href":"https:\/\/powerockpharma.com\/pl\/wp-json\/wp\/v2\/product\/93","targetHints":{"allow":["GET"]}}],"collection":[{"href":"https:\/\/powerockpharma.com\/pl\/wp-json\/wp\/v2\/product"}],"about":[{"href":"https:\/\/powerockpharma.com\/pl\/wp-json\/wp\/v2\/types\/product"}],"wp:featuredmedia":[{"embeddable":true,"href":"https:\/\/powerockpharma.com\/pl\/wp-json\/wp\/v2\/media\/183"}],"wp:attachment":[{"href":"https:\/\/powerockpharma.com\/pl\/wp-json\/wp\/v2\/media?parent=93"}],"wp:term":[{"taxonomy":"product_cat","embeddable":true,"href":"https:\/\/powerockpharma.com\/pl\/wp-json\/wp\/v2\/product_cat?post=93"},{"taxonomy":"product_tag","embeddable":true,"href":"https:\/\/powerockpharma.com\/pl\/wp-json\/wp\/v2\/product_tag?post=93"}],"curies":[{"name":"wp","href":"https:\/\/api.w.org\/{rel}","templated":true}]}}