{"id":94,"date":"2024-08-04T17:04:30","date_gmt":"2024-08-04T15:04:30","guid":{"rendered":"https:\/\/powerockpharma.com\/?post_type=product&#038;p=94"},"modified":"2025-11-12T07:06:03","modified_gmt":"2025-11-12T06:06:03","slug":"ghk-cu","status":"publish","type":"product","link":"https:\/\/powerockpharma.com\/pl\/peptide-lyophilizates\/ghk-cu\/","title":{"rendered":"GHK CU"},"content":{"rendered":"<h2>W\u0142a\u015bciwo\u015bci:<\/h2>\n<p>GHK-Cu (peptyd miedziowy \/ GHK-Cu 2+) to naturalnie wyst\u0119puj\u0105cy peptyd, kt\u00f3ry przyci\u0105gn\u0105\u0142 uwag\u0119 swoim g\u0142\u0119bokim wp\u0142ywem na zdrowie sk\u00f3ry i og\u00f3lne odm\u0142odzenie. Jest to kluczowy czynnik w naturalnych procesach gojenia organizmu, co czyni go preferowanym wyborem dla tych, kt\u00f3rzy chc\u0105 poprawi\u0107 elastyczno\u015b\u0107 sk\u00f3ry, zmniejszy\u0107 zmarszczki i promowa\u0107 og\u00f3ln\u0105 witalno\u015b\u0107 sk\u00f3ry. Zwi\u0105zek ten jest szczeg\u00f3lnie znany ze swojej zdolno\u015bci do promowania syntezy kolagenu, kt\u00f3ry jest niezb\u0119dny do utrzymania m\u0142odzie\u0144czej, spr\u0119\u017cystej sk\u00f3ry. Ponadto GHK-Cu wspomaga napraw\u0119 tkanek i przyspiesza gojenie si\u0119 ran, dzi\u0119ki czemu jest nieoceniony zar\u00f3wno w badaniach kosmetycznych, jak i medycznych ukierunkowanych na regeneracj\u0119 sk\u00f3ry.<\/p>\n<h2>Mechanizm dzia\u0142ania:<\/h2>\n<p>GHK-Cu dzia\u0142a poprzez unikalny mechanizm, kt\u00f3ry koncentruje si\u0119 wok\u00f3\u0142 jego roli jako peptydu wi\u0105\u017c\u0105cego mied\u017a. Pozwala mu to wp\u0142ywa\u0107 na r\u00f3\u017cne procesy biologiczne, szczeg\u00f3lnie te zwi\u0105zane z napraw\u0105 i regeneracj\u0105 sk\u00f3ry. Jon miedzi (Cu2+) przy\u0142\u0105czony do GHK zwi\u0119ksza jego aktywno\u015b\u0107 biologiczn\u0105, umo\u017cliwiaj\u0105c stymulacj\u0119 syntezy kolagenu i glikozaminoglikan\u00f3w, jednocze\u015bnie promuj\u0105c angiogenez\u0119 (tworzenie nowych naczy\u0144 krwiono\u015bnych). Skutkuje to popraw\u0105 struktury i funkcji sk\u00f3ry, a tak\u017ce przyspieszonym gojeniem si\u0119 ran. Dodatkowo GHK-Cu wykazuje w\u0142a\u015bciwo\u015bci przeciwzapalne, zmniejszaj\u0105c stres oksydacyjny i chroni\u0105c sk\u00f3r\u0119 przed dalszymi uszkodzeniami. Jego selektywny mechanizm dzia\u0142ania zapewnia, \u017ce jest on ukierunkowany na macierz zewn\u0105trzkom\u00f3rkow\u0105, szkielet strukturalny odpowiedzialny za integralno\u015b\u0107 sk\u00f3ry, bez wp\u0142ywu na inne tkanki, minimalizuj\u0105c w ten spos\u00f3b potencjalne skutki uboczne.<\/p>\n<h2>Korzy\u015bci:<\/h2>\n<p>Konsekwentne stosowanie GHK-Cu w badaniach naukowych wykaza\u0142o szereg imponuj\u0105cych korzy\u015bci. Obejmuj\u0105 one zauwa\u017caln\u0105 popraw\u0119 j\u0119drno\u015bci i elastyczno\u015bci sk\u00f3ry, redukcj\u0119 drobnych linii i zmarszczek oraz szybsze gojenie si\u0119 ran. Naukowcy udokumentowali r\u00f3wnie\u017c zwi\u0119kszony wzrost w\u0142os\u00f3w, zmniejszenie przebarwie\u0144 i og\u00f3ln\u0105 popraw\u0119 tekstury sk\u00f3ry. Zdolno\u015b\u0107 peptydu do regulowania w g\u00f3r\u0119 enzym\u00f3w antyoksydacyjnych dodatkowo przyczynia si\u0119 do jego dzia\u0142ania ochronnego przed starzeniem si\u0119 i szkodliwym wp\u0142ywem \u015brodowiska. GHK-Cu jest szczeg\u00f3lnie skuteczny dla tych, kt\u00f3rzy koncentruj\u0105 si\u0119 na badaniach przeciwstarzeniowych, gojeniu si\u0119 ran i regeneracji tkanek. Jego wszechstronne zastosowania sprawiaj\u0105, \u017ce jest cennym narz\u0119dziem w badaniach maj\u0105cych na celu zbadanie nowych terapii w dermatologii i medycynie regeneracyjnej.<\/p>\n<h2>Dlaczego Powerock Pharma:<\/h2>\n<p>W Powerock Pharma dok\u0142adamy wszelkich stara\u0144, aby dostarcza\u0107 najwy\u017cszej jako\u015bci zwi\u0105zki badawcze. Nasz GHK-Cu jest produkowany z zachowaniem rygorystycznych \u015brodk\u00f3w kontroli jako\u015bci, zgodnie z normami GMP, HACCP i ISO 13485. Zapewniamy, \u017ce ka\u017cda partia przechodzi rygorystyczne testy w celu zweryfikowania jej czysto\u015bci, mocy i sp\u00f3jno\u015bci. Wsp\u00f3\u0142pracuj\u0105c z wiod\u0105cymi laboratoriami, weryfikujemy skuteczno\u015b\u0107 naszych produkt\u00f3w, zapewniaj\u0105c, \u017ce spe\u0142niaj\u0105 one rygorystyczne standardy wymagane do zaawansowanych bada\u0144. Wybieraj\u0105c Powerock Pharma, wybierasz niezawodno\u015b\u0107, bezpiecze\u0144stwo i sprawdzone wyniki. Nasze d\u0105\u017cenie do doskona\u0142o\u015bci oznacza, \u017ce mo\u017cesz mie\u0107 pewno\u015b\u0107, \u017ce nasz GHK-Cu zapewni sp\u00f3jne, wysokiej jako\u015bci wyniki, kt\u00f3rych wymagaj\u0105 Twoje badania.<\/p>\n<h3>Podsumowanie:<\/h3>\n<p>Je\u015bli Twoje badania koncentruj\u0105 si\u0119 na zdrowiu sk\u00f3ry, przeciwdzia\u0142aniu starzeniu si\u0119 lub gojeniu si\u0119 ran, GHK-Cu od Powerock Pharma jest idealnym zwi\u0105zkiem, kt\u00f3ry pomo\u017ce Ci osi\u0105gn\u0105\u0107 prze\u0142omowe wyniki. Wspierany przez nasze rygorystyczne kontrole jako\u015bci i zaanga\u017cowanie w bezpiecze\u0144stwo, produkt ten zosta\u0142 zaprojektowany, aby wspiera\u0107 Twoje badania ze sta\u0142\u0105, niezawodn\u0105 wydajno\u015bci\u0105. Nie id\u017a na kompromis w kwestii jako\u015bci - zam\u00f3w GHK-Cu ju\u017c dzi\u015b od Powerock Pharma i zr\u00f3b pierwszy krok w kierunku rozwoju swoich bada\u0144 na nowy poziom.<\/p>","protected":false},"excerpt":{"rendered":"<p>GHK-Cu, silny peptyd miedzi, wspomaga odm\u0142adzanie sk\u00f3ry poprzez promowanie syntezy kolagenu i naprawy tkanek. Zapewnia lepsze gojenie si\u0119 ran, dzia\u0142a przeciwstarzeniowo i poprawia elastyczno\u015b\u0107 sk\u00f3ry. Zaufaj Powerock Pharma, aby uzyska\u0107 najwy\u017cszej jako\u015bci rezultaty.<\/p>","protected":false},"featured_media":191,"template":"","meta":{"_acf_changed":false,"rank_math_lock_modified_date":false,"inline_featured_image":false},"product_cat":[17],"product_tag":[],"class_list":{"0":"post-94","1":"product","2":"type-product","3":"status-publish","4":"has-post-thumbnail","6":"product_cat-peptide-lyophilizates","9":"first","10":"instock","11":"shipping-taxable","12":"product-type-simple"},"acf":{"chromatogram":662,"metoda":{"acftf":{"v":"1.3.24"},"p":{"o":{"uh":0},"ca":""},"c":[{"p":""}],"h":[{"c":""}],"b":[[{"c":""}]]}},"_links":{"self":[{"href":"https:\/\/powerockpharma.com\/pl\/wp-json\/wp\/v2\/product\/94","targetHints":{"allow":["GET"]}}],"collection":[{"href":"https:\/\/powerockpharma.com\/pl\/wp-json\/wp\/v2\/product"}],"about":[{"href":"https:\/\/powerockpharma.com\/pl\/wp-json\/wp\/v2\/types\/product"}],"wp:featuredmedia":[{"embeddable":true,"href":"https:\/\/powerockpharma.com\/pl\/wp-json\/wp\/v2\/media\/191"}],"wp:attachment":[{"href":"https:\/\/powerockpharma.com\/pl\/wp-json\/wp\/v2\/media?parent=94"}],"wp:term":[{"taxonomy":"product_cat","embeddable":true,"href":"https:\/\/powerockpharma.com\/pl\/wp-json\/wp\/v2\/product_cat?post=94"},{"taxonomy":"product_tag","embeddable":true,"href":"https:\/\/powerockpharma.com\/pl\/wp-json\/wp\/v2\/product_tag?post=94"}],"curies":[{"name":"wp","href":"https:\/\/api.w.org\/{rel}","templated":true}]}}