{"id":95,"date":"2024-08-04T17:05:17","date_gmt":"2024-08-04T15:05:17","guid":{"rendered":"https:\/\/powerockpharma.com\/?post_type=product&#038;p=95"},"modified":"2025-11-12T07:03:47","modified_gmt":"2025-11-12T06:03:47","slug":"ipamorelin","status":"publish","type":"product","link":"https:\/\/powerockpharma.com\/pl\/peptide-lyophilizates\/ipamorelina\/","title":{"rendered":"IPAMORELIN"},"content":{"rendered":"<h2>W\u0142a\u015bciwo\u015bci:<\/h2>\n<p>Ipamorelina jest silnym peptydem uwalniaj\u0105cym hormon wzrostu (GHRP), kt\u00f3ry zyska\u0142 popularno\u015b\u0107 dzi\u0119ki swojej zdolno\u015bci do zwi\u0119kszania wzrostu mi\u0119\u015bni, promowania utraty tkanki t\u0142uszczowej i wspierania og\u00f3lnej sprawno\u015bci fizycznej. Zwi\u0105zek ten jest szczeg\u00f3lnie preferowany przez naukowc\u00f3w i sportowc\u00f3w ze wzgl\u0119du na jego ukierunkowane dzia\u0142anie i minimalne skutki uboczne. Ipamorelina dzia\u0142a poprzez stymulacj\u0119 przysadki m\u00f3zgowej do uwalniania hormonu wzrostu (GH), kt\u00f3ry odgrywa kluczow\u0105 rol\u0119 w regulacji sk\u0142adu cia\u0142a, masy mi\u0119\u015bniowej i metabolizmu t\u0142uszcz\u00f3w. W przeciwie\u0144stwie do innych GHRP, Ipamorelin ma wysoce selektywny mechanizm dzia\u0142ania, prowadz\u0105cy do znacz\u0105cych zmian fizjologicznych bez niepo\u017c\u0105danych efekt\u00f3w, takich jak zwi\u0119kszony apetyt lub produkcja kortyzolu.<\/p>\n<h2>Mechanizm dzia\u0142ania:<\/h2>\n<p>Dzia\u0142anie ipamoreliny koncentruje si\u0119 wok\u00f3\u0142 jej zdolno\u015bci do selektywnego wi\u0105zania si\u0119 z receptorem greliny, co wyzwala przysadk\u0119 m\u00f3zgow\u0105 do uwalniania hormonu wzrostu. Ten wzrost poziomu GH promuje kaskad\u0119 efekt\u00f3w anabolicznych, w tym zwi\u0119kszon\u0105 syntez\u0119 bia\u0142ek, przyspieszony wzrost mi\u0119\u015bni i lepsze utlenianie t\u0142uszczu. W przeciwie\u0144stwie do tradycyjnych steryd\u00f3w anabolicznych, selektywny mechanizm dzia\u0142ania Ipamoreliny zapewnia, \u017ce jej dzia\u0142anie koncentruje si\u0119 g\u0142\u00f3wnie na tkance mi\u0119\u015bniowej, przy minimalnym wp\u0142ywie na inne narz\u0105dy lub uk\u0142ady. Ta selektywno\u015b\u0107 zmniejsza r\u00f3wnie\u017c ryzyko wyst\u0105pienia skutk\u00f3w ubocznych powszechnie zwi\u0105zanych z nieselektywnymi sekretagogami GH, co czyni j\u0105 bezpieczniejsz\u0105 opcj\u0105 do d\u0142ugotrwa\u0142ego stosowania.<\/p>\n<h2>Korzy\u015bci:<\/h2>\n<p>Wykazano, \u017ce konsekwentne stosowanie Ipamoreliny w warunkach badawczych skutkuje zauwa\u017calnym wzrostem bezt\u0142uszczowej masy mi\u0119\u015bniowej, przyrostem si\u0142y i przyspieszonym czasem regeneracji. Dodatkowo, Ipamorelin wspomaga utrat\u0119 tkanki t\u0142uszczowej poprzez zwi\u0119kszenie lipolizy, co czyni go idealnym zwi\u0105zkiem do cykli ci\u0119cia. Naukowcy zaobserwowali r\u00f3wnie\u017c korzy\u015bci wt\u00f3rne, takie jak poprawa jako\u015bci snu, poprawa nastroju i lepszy poziom energii, prawdopodobnie ze wzgl\u0119du na og\u00f3lny wzrost hormonu wzrostu. Sprawia to, \u017ce Ipamorelin jest szczeg\u00f3lnie skuteczny dla kulturyst\u00f3w, sportowc\u00f3w i os\u00f3b pragn\u0105cych poprawi\u0107 swoj\u0105 sylwetk\u0119 i wydajno\u015b\u0107.<\/p>\n<h2>Dlaczego Powerock Pharma:<\/h2>\n<p>W Powerock Pharma jeste\u015bmy zaanga\u017cowani w dostarczanie tylko najwy\u017cszej jako\u015bci zwi\u0105zk\u00f3w badawczych. Nasza Ipamorelin jest produkowana w najnowocze\u015bniejszych zak\u0142adach, kt\u00f3re przestrzegaj\u0105 najsurowszych norm GMP, HACCP i ISO 13485, zapewniaj\u0105c, \u017ce ka\u017cda partia jest czysta, silna i wolna od zanieczyszcze\u0144. Wsp\u00f3\u0142pracujemy z wiod\u0105cymi laboratoriami w celu przeprowadzenia rygorystycznych test\u00f3w i walidacji, dzi\u0119ki czemu mo\u017cesz mie\u0107 pewno\u015b\u0107, \u017ce nasza Ipamorelin b\u0119dzie konsekwentnie dostarcza\u0107 wyniki potrzebne do bada\u0144. Dzi\u0119ki Powerock Pharma otrzymujesz nie tylko produkt - zyskujesz spok\u00f3j ducha i pewno\u015b\u0107, \u017ce Twoje badania s\u0105 wspierane przez najlepszych w bran\u017cy.<\/p>\n<h3>Podsumowanie:<\/h3>\n<p>Je\u015bli chcesz przenie\u015b\u0107 swoje badania nad wzrostem mi\u0119\u015bni i utrat\u0105 tkanki t\u0142uszczowej na wy\u017cszy poziom, Ipamorelin jest rozwi\u0105zaniem, kt\u00f3rego potrzebujesz. Wspierany przez rygorystyczne kontrole jako\u015bci Powerock Pharma, produkt ten zosta\u0142 zaprojektowany, aby pom\u00f3c Ci bezpiecznie i skutecznie osi\u0105gn\u0105\u0107 cele badawcze. Nie zadowalaj si\u0119 mniej - zam\u00f3w Ipamorelin ju\u017c dzi\u015b i zacznij widzie\u0107 wyniki, na kt\u00f3re zas\u0142ugujesz.<\/p>","protected":false},"excerpt":{"rendered":"<p>Ipamorelin wspomaga wzrost mi\u0119\u015bni i utrat\u0119 tkanki t\u0142uszczowej poprzez stymulacj\u0119 uwalniania hormonu wzrostu. Oferuje zwi\u0119kszon\u0105 mas\u0119 mi\u0119\u015bniow\u0105, lepsz\u0105 regeneracj\u0119 i lepszy metabolizm t\u0142uszcz\u00f3w. Wybierz Powerock Pharma, aby uzyska\u0107 niezr\u00f3wnan\u0105 jako\u015b\u0107 i sp\u00f3jne wyniki.<\/p>","protected":false},"featured_media":198,"template":"","meta":{"_acf_changed":false,"rank_math_lock_modified_date":false,"inline_featured_image":false},"product_cat":[17],"product_tag":[],"class_list":{"0":"post-95","1":"product","2":"type-product","3":"status-publish","4":"has-post-thumbnail","6":"product_cat-peptide-lyophilizates","9":"first","10":"instock","11":"shipping-taxable","12":"product-type-simple"},"acf":{"chromatogram":654,"metoda":{"acftf":{"v":"1.3.24"},"p":{"o":{"uh":0},"ca":""},"c":[{"p":""}],"h":[{"c":""}],"b":[[{"c":""}]]}},"_links":{"self":[{"href":"https:\/\/powerockpharma.com\/pl\/wp-json\/wp\/v2\/product\/95","targetHints":{"allow":["GET"]}}],"collection":[{"href":"https:\/\/powerockpharma.com\/pl\/wp-json\/wp\/v2\/product"}],"about":[{"href":"https:\/\/powerockpharma.com\/pl\/wp-json\/wp\/v2\/types\/product"}],"wp:featuredmedia":[{"embeddable":true,"href":"https:\/\/powerockpharma.com\/pl\/wp-json\/wp\/v2\/media\/198"}],"wp:attachment":[{"href":"https:\/\/powerockpharma.com\/pl\/wp-json\/wp\/v2\/media?parent=95"}],"wp:term":[{"taxonomy":"product_cat","embeddable":true,"href":"https:\/\/powerockpharma.com\/pl\/wp-json\/wp\/v2\/product_cat?post=95"},{"taxonomy":"product_tag","embeddable":true,"href":"https:\/\/powerockpharma.com\/pl\/wp-json\/wp\/v2\/product_tag?post=95"}],"curies":[{"name":"wp","href":"https:\/\/api.w.org\/{rel}","templated":true}]}}