{"id":96,"date":"2024-08-04T17:08:21","date_gmt":"2024-08-04T15:08:21","guid":{"rendered":"https:\/\/powerockpharma.com\/?post_type=product&#038;p=96"},"modified":"2025-11-12T06:49:55","modified_gmt":"2025-11-12T05:49:55","slug":"tb-500","status":"publish","type":"product","link":"https:\/\/powerockpharma.com\/pl\/peptide-lyophilizates\/tb-500\/","title":{"rendered":"TB-500"},"content":{"rendered":"<h2>W\u0142a\u015bciwo\u015bci:<\/h2>\n<p>TB-500, znany r\u00f3wnie\u017c jako Thymosin Beta 4, jest peptydem znanym ze swojego silnego wp\u0142ywu na napraw\u0119 tkanek, regeneracj\u0119 i regeneracj\u0119, co czyni go ulubionym wyborem zar\u00f3wno w\u015br\u00f3d naukowc\u00f3w, jak i sportowc\u00f3w. Zwi\u0105zek ten odgrywa kluczow\u0105 rol\u0119 w procesie gojenia, promuj\u0105c regeneracj\u0119 kom\u00f3rek, zmniejszaj\u0105c stan zapalny i poprawiaj\u0105c elastyczno\u015b\u0107. TB-500 jest szczeg\u00f3lnie ceniony za swoj\u0105 zdolno\u015b\u0107 do przyspieszania regeneracji po urazach i zwi\u0119kszania og\u00f3lnej odporno\u015bci tkanek, co czyni go niezb\u0119dnym dla tych, kt\u00f3rzy d\u0105\u017c\u0105 do optymalizacji wydajno\u015bci i regeneracji w swoich badaniach.<\/p>\n<h2>Mechanizm dzia\u0142ania:<\/h2>\n<p>TB-500 dzia\u0142a poprzez zwi\u0119kszenie ekspresji aktyny, bia\u0142ka, kt\u00f3re jest niezb\u0119dne dla ruchu i struktury kom\u00f3rek. Zwi\u0119kszaj\u0105c produkcj\u0119 aktyny, TB-500 u\u0142atwia migracj\u0119 i napraw\u0119 kom\u00f3rek, kt\u00f3re s\u0105 kluczowe dla gojenia si\u0119 tkanek po urazie. Dodatkowo peptyd ten moduluje stan zapalny poprzez wp\u0142yw na aktywno\u015b\u0107 cytokin, co prowadzi do zmniejszenia stanu zapalnego i szybszego powrotu do zdrowia. Jego zdolno\u015b\u0107 do promowania angiogenezy lub tworzenia nowych naczy\u0144 krwiono\u015bnych dodatkowo wspomaga regeneracj\u0119 tkanek poprzez zwi\u0119kszenie dostarczania sk\u0142adnik\u00f3w od\u017cywczych i tlenu do uszkodzonych obszar\u00f3w. Ten kompleksowy mechanizm zapewnia, \u017ce TB-500 nie tylko pomaga w natychmiastowej regeneracji, ale tak\u017ce wzmacnia tkanki przed przysz\u0142ymi uszkodzeniami.<\/p>\n<h2>Korzy\u015bci:<\/h2>\n<p>Regularne stosowanie TB-500 w badaniach wykaza\u0142o znacz\u0105ce korzy\u015bci, w tym przyspieszone gojenie mi\u0119\u015bni, \u015bci\u0119gien i wi\u0119zade\u0142, zmniejszenie stanu zapalnego i popraw\u0119 elastyczno\u015bci. Naukowcy zaobserwowali r\u00f3wnie\u017c zwi\u0119kszon\u0105 wytrzyma\u0142o\u015b\u0107 i si\u0142\u0119 mi\u0119\u015bni, prawdopodobnie ze wzgl\u0119du na zdolno\u015b\u0107 peptydu do poprawy przep\u0142ywu krwi i skr\u00f3cenia czasu regeneracji mi\u0119dzy aktywno\u015bciami fizycznymi. Poza tymi podstawowymi korzy\u015bciami, TB-500 mo\u017ce r\u00f3wnie\u017c przyczynia\u0107 si\u0119 do poprawy zdrowia uk\u0142adu sercowo-naczyniowego poprzez promowanie angiogenezy. Peptyd ten jest szczeg\u00f3lnie skuteczny dla badaczy zajmuj\u0105cych si\u0119 napraw\u0105 tkanek, regeneracj\u0105 po urazach i optymalizacj\u0105 wydajno\u015bci fizycznej, oferuj\u0105c wszechstronne narz\u0119dzie zar\u00f3wno w badaniach sportowych, jak i medycznych.<\/p>\n<h2>Dlaczego Powerock Pharma:<\/h2>\n<p>W Powerock Pharma dok\u0142adamy wszelkich stara\u0144, aby dostarcza\u0107 wy\u0142\u0105cznie produkty najwy\u017cszej jako\u015bci, zapewniaj\u0105c, \u017ce ka\u017cda partia TB-500 spe\u0142nia i przekracza standardy bran\u017cowe. Nasze zak\u0142ady dzia\u0142aj\u0105 zgodnie z rygorystycznymi wytycznymi GMP, HACCP i ISO 13485, gwarantuj\u0105c, \u017ce nasze produkty s\u0105 nie tylko silne, ale tak\u017ce bezpieczne do u\u017cytku badawczego. Przeprowadzamy rygorystyczne testy we wsp\u00f3\u0142pracy z wiod\u0105cymi laboratoriami, aby zweryfikowa\u0107 czysto\u015b\u0107 i sp\u00f3jno\u015b\u0107 naszych peptyd\u00f3w. Wybieraj\u0105c TB-500 od Powerock Pharma, wybierasz produkt wspierany przez nauk\u0119, zaufany przez profesjonalist\u00f3w i sprawdzony w \u015brodowiskach badawczych. Zaufaj Powerock Pharma, aby zapewni\u0107 niezawodne, wysokiej jako\u015bci produkty potrzebne do najbardziej krytycznych bada\u0144.<\/p>\n<h3>Podsumowanie:<\/h3>\n<p>Je\u015bli twoje badania koncentruj\u0105 si\u0119 na poprawie naprawy tkanek, skr\u00f3ceniu czasu regeneracji lub poprawie og\u00f3lnej sprawno\u015bci fizycznej, TB-500 jest peptydem, kt\u00f3rego potrzebujesz. Dzi\u0119ki zaanga\u017cowaniu Powerock Pharma w jako\u015b\u0107 i bezpiecze\u0144stwo, produkt ten b\u0119dzie skutecznie i konsekwentnie wspiera\u0142 Twoje cele badawcze. Nie id\u017a na kompromis w kwestii jako\u015bci - zam\u00f3w TB-500 od Powerock Pharma ju\u017c dzi\u015b i upewnij si\u0119, \u017ce Twoje badania przynios\u0105 oczekiwane rezultaty.<\/p>","protected":false},"excerpt":{"rendered":"<p>TB-500 (Thymosin Beta 4) wspomaga przyspieszone gojenie i napraw\u0119 tkanek poprzez promowanie regeneracji kom\u00f3rkowej i zmniejszanie stanu zapalnego. Zapewnia lepsz\u0105 regeneracj\u0119, elastyczno\u015b\u0107 i odporno\u015b\u0107. Wybierz Powerock Pharma, aby uzyska\u0107 niezr\u00f3wnan\u0105 jako\u015b\u0107 i niezawodne wyniki.<\/p>","protected":false},"featured_media":212,"template":"","meta":{"_acf_changed":false,"rank_math_lock_modified_date":false,"inline_featured_image":false},"product_cat":[17],"product_tag":[],"class_list":{"0":"post-96","1":"product","2":"type-product","3":"status-publish","4":"has-post-thumbnail","6":"product_cat-peptide-lyophilizates","9":"first","10":"instock","11":"shipping-taxable","12":"product-type-simple"},"acf":{"chromatogram":609,"metoda":{"acftf":{"v":"1.3.24"},"p":{"o":{"uh":0},"ca":""},"c":[{"p":""}],"h":[{"c":""}],"b":[[{"c":""}]]}},"_links":{"self":[{"href":"https:\/\/powerockpharma.com\/pl\/wp-json\/wp\/v2\/product\/96","targetHints":{"allow":["GET"]}}],"collection":[{"href":"https:\/\/powerockpharma.com\/pl\/wp-json\/wp\/v2\/product"}],"about":[{"href":"https:\/\/powerockpharma.com\/pl\/wp-json\/wp\/v2\/types\/product"}],"wp:featuredmedia":[{"embeddable":true,"href":"https:\/\/powerockpharma.com\/pl\/wp-json\/wp\/v2\/media\/212"}],"wp:attachment":[{"href":"https:\/\/powerockpharma.com\/pl\/wp-json\/wp\/v2\/media?parent=96"}],"wp:term":[{"taxonomy":"product_cat","embeddable":true,"href":"https:\/\/powerockpharma.com\/pl\/wp-json\/wp\/v2\/product_cat?post=96"},{"taxonomy":"product_tag","embeddable":true,"href":"https:\/\/powerockpharma.com\/pl\/wp-json\/wp\/v2\/product_tag?post=96"}],"curies":[{"name":"wp","href":"https:\/\/api.w.org\/{rel}","templated":true}]}}