{"id":97,"date":"2024-08-04T17:08:58","date_gmt":"2024-08-04T15:08:58","guid":{"rendered":"https:\/\/powerockpharma.com\/?post_type=product&#038;p=97"},"modified":"2025-11-12T07:09:14","modified_gmt":"2025-11-12T06:09:14","slug":"bpc-157","status":"publish","type":"product","link":"https:\/\/powerockpharma.com\/pl\/peptide-lyophilizates\/bpc-157\/","title":{"rendered":"BPC-157"},"content":{"rendered":"<h2>W\u0142a\u015bciwo\u015bci:<\/h2>\n<p>BPC-157, znany r\u00f3wnie\u017c jako Bepecin, jest znany ze swoich niezwyk\u0142ych w\u0142a\u015bciwo\u015bci regeneracyjnych, szczeg\u00f3lnie w promowaniu naprawy tkanek i przyspieszaniu gojenia. Peptyd ten jest faworyzowany przez naukowc\u00f3w ze wzgl\u0119du na jego silny wp\u0142yw na gojenie tkanek przewodu pokarmowego, \u015bci\u0119gien, mi\u0119\u015bni, a nawet tkanki m\u00f3zgowej, co czyni go nieocenionym narz\u0119dziem w badaniach koncentruj\u0105cych si\u0119 na regeneracji i rehabilitacji. BPC-157 dzia\u0142a poprzez wzmocnienie naturalnych proces\u00f3w gojenia organizmu, w szczeg\u00f3lno\u015bci poprzez promowanie angiogenezy (tworzenie nowych naczy\u0144 krwiono\u015bnych) i stymulacj\u0119 produkcji kolagenu. Dzia\u0142ania te prowadz\u0105 do szybszego powrotu do zdrowia po urazach, zmniejszenia stanu zapalnego i potencjalnego odwr\u00f3cenia uszkodze\u0144 w r\u00f3\u017cnych tkankach.<\/p>\n<h2>Mechanizm dzia\u0142ania:<\/h2>\n<p>Dzia\u0142anie BPC-157 koncentruje si\u0119 wok\u00f3\u0142 jego zdolno\u015bci do promowania angiogenezy i stymulowania czynnik\u00f3w wzrostu, kt\u00f3re maj\u0105 kluczowe znaczenie dla gojenia. Peptyd ten wi\u0105\u017ce si\u0119 ze specyficznymi receptorami na kom\u00f3rkach zaanga\u017cowanych w napraw\u0119 tkanek, prowadz\u0105c do aktywacji szlak\u00f3w sygna\u0142owych, kt\u00f3re zwi\u0119kszaj\u0105 proliferacj\u0119 i migracj\u0119 kom\u00f3rek. Dodatkowo BPC-157 zwi\u0119ksza produkcj\u0119 kolagenu, kluczowego bia\u0142ka strukturalnego, kt\u00f3re jest niezb\u0119dne dla integralno\u015bci i wytrzyma\u0142o\u015bci tkanek, takich jak \u015bci\u0119gna, wi\u0119zad\u0142a i sk\u00f3ra. Promuj\u0105c te procesy gojenia, BPC-157 pomaga przyspieszy\u0107 regeneracj\u0119 uszkodzonych tkanek, zmniejszy\u0107 stan zapalny i potencjalnie chroni\u0107 przed dalszymi urazami. Jego selektywny mechanizm zapewnia minimalny wp\u0142yw na tkanki inne ni\u017c docelowe, co czyni go bezpieczn\u0105 i skuteczn\u0105 opcj\u0105 dla ukierunkowanych zastosowa\u0144 badawczych.<\/p>\n<h2>Korzy\u015bci:<\/h2>\n<p>Konsekwentne stosowanie BPC-157 mo\u017ce prowadzi\u0107 do znacznej poprawy naprawy tkanek i og\u00f3lnego czasu regeneracji. Naukowcy zaobserwowali zwi\u0119kszone gojenie si\u0119 \u015bci\u0119gien, mi\u0119\u015bni i wi\u0119zade\u0142, a tak\u017ce przyspieszony powr\u00f3t do zdrowia po urazach. Ponadto BPC-157 wykaza\u0142 potencjalne korzy\u015bci w ochronie przed uszkodzeniami przewodu pokarmowego i poprawie funkcji m\u00f3zgu po urazie. Jego w\u0142a\u015bciwo\u015bci przeciwzapalne dodatkowo wspieraj\u0105 jego zastosowanie w badaniach ukierunkowanych na zmniejszenie przewlek\u0142ego b\u00f3lu i stanu zapalnego. Zwi\u0105zek ten jest szczeg\u00f3lnie skuteczny dla tych, kt\u00f3rzy badaj\u0105 terapie maj\u0105ce na celu popraw\u0119 regeneracji, skr\u00f3cenie przestoj\u00f3w zwi\u0105zanych z urazami i odkrywanie nowych podej\u015b\u0107 do regeneracji tkanek.<\/p>\n<h2>Dlaczego Powerock Pharma:<\/h2>\n<p>W Powerock Pharma jeste\u015bmy zaanga\u017cowani w dostarczanie najwy\u017cszej jako\u015bci zwi\u0105zk\u00f3w badawczych. Nasz BPC-157 jest produkowany w najnowocze\u015bniejszych zak\u0142adach, kt\u00f3re przestrzegaj\u0105 najsurowszych norm GMP, HACCP i ISO 13485. Ka\u017cda partia jest poddawana rygorystycznym testom w celu zapewnienia czysto\u015bci, mocy i sp\u00f3jno\u015bci, co daje pewno\u015b\u0107 niezawodno\u015bci i skuteczno\u015bci naszych produkt\u00f3w. Wsp\u00f3\u0142pracuj\u0105c z wiod\u0105cymi laboratoriami, zapewniamy, \u017ce nasz BPC-157 spe\u0142nia najwy\u017csze standardy bran\u017cowe, dzi\u0119ki czemu jest zaufanym wyborem dla naukowc\u00f3w na ca\u0142ym \u015bwiecie. Wybierz Powerock Pharma, aby uzyska\u0107 niezr\u00f3wnan\u0105 jako\u015b\u0107 i wyniki, na kt\u00f3rych mo\u017cesz polega\u0107.<\/p>\n<h3>Podsumowanie:<\/h3>\n<p>Je\u015bli Twoje badania koncentruj\u0105 si\u0119 na naprawie tkanek, gojeniu lub regeneracji, BPC-157 jest zwi\u0105zkiem, kt\u00f3rego potrzebujesz. Wspierany przez rygorystyczne kontrole jako\u015bci Powerock Pharma, peptyd ten zosta\u0142 zaprojektowany, aby pom\u00f3c Ci osi\u0105gn\u0105\u0107 wiarygodne i sp\u00f3jne wyniki bada\u0144. Nie zadowalaj si\u0119 byle czym - zam\u00f3w BPC-157 ju\u017c dzi\u015b i zr\u00f3b pierwszy krok w kierunku prze\u0142omowych odkry\u0107 w dziedzinie regeneracji i gojenia tkanek.<\/p>","protected":false},"excerpt":{"rendered":"<p>BPC-157 wspomaga napraw\u0119 i gojenie tkanek poprzez promowanie angiogenezy i produkcji kolagenu. Zapewnia lepsz\u0105 regeneracj\u0119, zmniejsza stan zapalny i przyspiesza gojenie si\u0119 ran. Wybierz Powerock Pharma, aby uzyska\u0107 czysto\u015b\u0107 i sp\u00f3jne wyniki.<\/p>","protected":false},"featured_media":184,"template":"","meta":{"_acf_changed":false,"rank_math_lock_modified_date":false,"inline_featured_image":false},"product_cat":[17],"product_tag":[],"class_list":{"0":"post-97","1":"product","2":"type-product","3":"status-publish","4":"has-post-thumbnail","6":"product_cat-peptide-lyophilizates","9":"first","10":"instock","11":"shipping-taxable","12":"product-type-simple"},"acf":{"chromatogram":676,"metoda":{"acftf":{"v":"1.3.24"},"p":{"o":{"uh":0},"ca":""},"c":[{"p":""}],"h":[{"c":""}],"b":[[{"c":""}]]}},"_links":{"self":[{"href":"https:\/\/powerockpharma.com\/pl\/wp-json\/wp\/v2\/product\/97","targetHints":{"allow":["GET"]}}],"collection":[{"href":"https:\/\/powerockpharma.com\/pl\/wp-json\/wp\/v2\/product"}],"about":[{"href":"https:\/\/powerockpharma.com\/pl\/wp-json\/wp\/v2\/types\/product"}],"wp:featuredmedia":[{"embeddable":true,"href":"https:\/\/powerockpharma.com\/pl\/wp-json\/wp\/v2\/media\/184"}],"wp:attachment":[{"href":"https:\/\/powerockpharma.com\/pl\/wp-json\/wp\/v2\/media?parent=97"}],"wp:term":[{"taxonomy":"product_cat","embeddable":true,"href":"https:\/\/powerockpharma.com\/pl\/wp-json\/wp\/v2\/product_cat?post=97"},{"taxonomy":"product_tag","embeddable":true,"href":"https:\/\/powerockpharma.com\/pl\/wp-json\/wp\/v2\/product_tag?post=97"}],"curies":[{"name":"wp","href":"https:\/\/api.w.org\/{rel}","templated":true}]}}