{"id":98,"date":"2024-08-04T17:09:52","date_gmt":"2024-08-04T15:09:52","guid":{"rendered":"https:\/\/powerockpharma.com\/?post_type=product&#038;p=98"},"modified":"2025-11-12T06:59:56","modified_gmt":"2025-11-12T05:59:56","slug":"mt2-melanotan-2","status":"publish","type":"product","link":"https:\/\/powerockpharma.com\/pl\/peptide-lyophilizates\/mt2-melanotan-2\/","title":{"rendered":"MT2 (MELANOTAN 2)"},"content":{"rendered":"<h2>W\u0142a\u015bciwo\u015bci:<\/h2>\n<p>Melanotan 2 (MT2) to syntetyczny peptyd, kt\u00f3ry na\u015bladuje hormon stymuluj\u0105cy alfa-melanocyty (\u03b1-MSH) w organizmie, wp\u0142ywaj\u0105c przede wszystkim na pigmentacj\u0119 sk\u00f3ry. To sprawia, \u017ce MT2 jest bardzo poszukiwany przez osoby poszukuj\u0105ce opalonego wygl\u0105du bez d\u0142ugotrwa\u0142ej ekspozycji na s\u0142o\u0144ce. Opr\u00f3cz roli w zwi\u0119kszaniu produkcji melaniny, MT2 ma r\u00f3wnie\u017c znacz\u0105cy wp\u0142yw na libido i metabolizm t\u0142uszcz\u00f3w, co czyni go wszechstronnym zwi\u0105zkiem do wielu zastosowa\u0144 badawczych.<\/p>\n<h2>Mechanizm dzia\u0142ania:<\/h2>\n<p>MT2 dzia\u0142a poprzez wi\u0105zanie si\u0119 z receptorami melanokortyny, w szczeg\u00f3lno\u015bci MC1R, kt\u00f3re znajduj\u0105 si\u0119 na powierzchni melanocyt\u00f3w - kom\u00f3rek odpowiedzialnych za produkcj\u0119 melaniny w sk\u00f3rze. Po aktywacji receptory te stymuluj\u0105 zwi\u0119kszon\u0105 produkcj\u0119 melaniny, co prowadzi do ciemniejszego odcienia sk\u00f3ry. Opr\u00f3cz pigmentacji sk\u00f3ry, interakcja MT2 z innymi receptorami melanokortyny, takimi jak MC4R, przyczynia si\u0119 do jej wp\u0142ywu na t\u0142umienie apetytu, zwi\u0119kszone utlenianie t\u0142uszczu i zwi\u0119kszone podniecenie seksualne. Ta wieloreceptorowa aktywno\u015b\u0107 pozwala MT2 zapewnia\u0107 korzy\u015bci wykraczaj\u0105ce poza samo opalanie, w tym potencjaln\u0105 rol\u0119 w zarz\u0105dzaniu wag\u0105 i zwi\u0119kszaniu libido.<\/p>\n<h2>Korzy\u015bci:<\/h2>\n<p>Konsekwentne stosowanie Melanotan 2 skutkuje stopniow\u0105, naturalnie wygl\u0105daj\u0105c\u0105 opalenizn\u0105 bez konieczno\u015bci ekspozycji na promieniowanie UV, znacznie zmniejszaj\u0105c ryzyko uszkodzenia sk\u00f3ry zwi\u0105zane z tradycyjnymi metodami opalania. Dodatkowo, MT2 mo\u017ce wspomaga\u0107 redukcj\u0119 tkanki t\u0142uszczowej poprzez promowanie lipolizy i kontrolowanie apetytu, co czyni go cennym narz\u0119dziem do rekompozycji cia\u0142a. Zdolno\u015b\u0107 zwi\u0105zku do zwi\u0119kszania libido i poprawy funkcji seksualnych dodatkowo zwi\u0119ksza jego atrakcyjno\u015b\u0107. Naukowcy stwierdzili, \u017ce MT2 jest szczeg\u00f3lnie skuteczny w badaniach skoncentrowanych na schorzeniach dermatologicznych, dysfunkcjach seksualnych i oty\u0142o\u015bci.<\/p>\n<h2>Dlaczego Powerock Pharma:<\/h2>\n<p>W Powerock Pharma nasze zaanga\u017cowanie w jako\u015b\u0107 zapewnia, \u017ce ka\u017cda fiolka Melanotan 2 jest produkowana zgodnie z surowymi normami GMP, HACCP i ISO 13485. Nasze produkty przechodz\u0105 rygorystyczne testy w najlepszych laboratoriach w celu weryfikacji czysto\u015bci, si\u0142y dzia\u0142ania i bezpiecze\u0144stwa, zapewniaj\u0105c, \u017ce naukowcy mog\u0105 polega\u0107 na sp\u00f3jnych wynikach wysokiej jako\u015bci. Wybieraj\u0105c Powerock Pharma, decydujesz si\u0119 na produkt, kt\u00f3ry spe\u0142nia najwy\u017csze standardy bran\u017cowe, poparte zobowi\u0105zaniem do naukowej uczciwo\u015bci i doskona\u0142o\u015bci.<\/p>\n<h3>Podsumowanie:<\/h3>\n<p>Je\u015bli chcesz zbada\u0107 korzy\u015bci p\u0142yn\u0105ce ze zwi\u0119kszonej pigmentacji sk\u00f3ry, wsparcia libido lub utraty tkanki t\u0142uszczowej w swoich badaniach, Melanotan 2 jest doskona\u0142ym wyborem. Dzi\u0119ki zaanga\u017cowaniu Powerock Pharma w jako\u015b\u0107 i niezawodno\u015b\u0107, produkt ten zosta\u0142 zaprojektowany tak, aby zapewni\u0107 wyniki, kt\u00f3rych wymagaj\u0105 badania. Zam\u00f3w Melanotan 2 ju\u017c dzi\u015b i zaufaj produktowi, kt\u00f3ry wspiera Twoje cele badawcze z niezr\u00f3wnan\u0105 precyzj\u0105 i sp\u00f3jno\u015bci\u0105.<\/p>","protected":false},"excerpt":{"rendered":"<p>Melanotan 2 (MT2) promuje zwi\u0119kszon\u0105 pigmentacj\u0119 sk\u00f3ry poprzez stymulacj\u0119 receptor\u00f3w melanocyt\u00f3w, oferuj\u0105c rozwi\u0105zanie do opalania bez s\u0142o\u0144ca. Wspomaga r\u00f3wnie\u017c popraw\u0119 libido i utrat\u0119 tkanki t\u0142uszczowej. Wybierz Powerock Pharma ze wzgl\u0119du na czysto\u015b\u0107 i sp\u00f3jno\u015b\u0107.<\/p>","protected":false},"featured_media":205,"template":"","meta":{"_acf_changed":false,"rank_math_lock_modified_date":false,"inline_featured_image":false},"product_cat":[17],"product_tag":[],"class_list":{"0":"post-98","1":"product","2":"type-product","3":"status-publish","4":"has-post-thumbnail","6":"product_cat-peptide-lyophilizates","9":"first","10":"instock","11":"shipping-taxable","12":"product-type-simple"},"acf":{"chromatogram":640,"metoda":{"acftf":{"v":"1.3.24"},"p":{"o":{"uh":0},"ca":""},"c":[{"p":""}],"h":[{"c":""}],"b":[[{"c":""}]]}},"_links":{"self":[{"href":"https:\/\/powerockpharma.com\/pl\/wp-json\/wp\/v2\/product\/98","targetHints":{"allow":["GET"]}}],"collection":[{"href":"https:\/\/powerockpharma.com\/pl\/wp-json\/wp\/v2\/product"}],"about":[{"href":"https:\/\/powerockpharma.com\/pl\/wp-json\/wp\/v2\/types\/product"}],"wp:featuredmedia":[{"embeddable":true,"href":"https:\/\/powerockpharma.com\/pl\/wp-json\/wp\/v2\/media\/205"}],"wp:attachment":[{"href":"https:\/\/powerockpharma.com\/pl\/wp-json\/wp\/v2\/media?parent=98"}],"wp:term":[{"taxonomy":"product_cat","embeddable":true,"href":"https:\/\/powerockpharma.com\/pl\/wp-json\/wp\/v2\/product_cat?post=98"},{"taxonomy":"product_tag","embeddable":true,"href":"https:\/\/powerockpharma.com\/pl\/wp-json\/wp\/v2\/product_tag?post=98"}],"curies":[{"name":"wp","href":"https:\/\/api.w.org\/{rel}","templated":true}]}}