{"id":99,"date":"2024-08-04T17:10:29","date_gmt":"2024-08-04T15:10:29","guid":{"rendered":"https:\/\/powerockpharma.com\/?post_type=product&#038;p=99"},"modified":"2025-11-12T07:00:21","modified_gmt":"2025-11-12T06:00:21","slug":"mt1-melanotan-1","status":"publish","type":"product","link":"https:\/\/powerockpharma.com\/pl\/peptide-lyophilizates\/mt1-melanotan-1\/","title":{"rendered":"MT1 (MELANOTAN 1)"},"content":{"rendered":"<h2>W\u0142a\u015bciwo\u015bci:<\/h2>\n<p>Melanotan 1, znany r\u00f3wnie\u017c jako MT1 lub Melanotropina, to syntetyczny peptyd znany ze swojego silnego wp\u0142ywu na pigmentacj\u0119 sk\u00f3ry. Stymuluj\u0105c produkcj\u0119 melaniny, MT1 jest preferowanym wyborem dla naukowc\u00f3w badaj\u0105cych zaawansowane rozwi\u0105zania do opalania o zmniejszonej zale\u017cno\u015bci od ekspozycji na promieniowanie UV. Zwi\u0105zek ten dzia\u0142a poprzez na\u015bladowanie naturalnej melanokortyny w organizmie, kt\u00f3ra wi\u0105\u017ce si\u0119 z receptorami melanokortyny, w szczeg\u00f3lno\u015bci MC1R, powoduj\u0105c zwi\u0119kszon\u0105 produkcj\u0119 melaniny. Proces ten prowadzi do g\u0142\u0119bszej i trwalszej opalenizny, nawet przy minimalnej ekspozycji na s\u0142o\u0144ce, co czyni go idealnym rozwi\u0105zaniem dla os\u00f3b poszukuj\u0105cych wzmocnionej pigmentacji i ochrony przed promieniowaniem UV.<\/p>\n<h2>Mechanizm dzia\u0142ania:<\/h2>\n<p>Dzia\u0142anie Melanotanu 1 koncentruje si\u0119 wok\u00f3\u0142 jego zdolno\u015bci do aktywacji receptora melanokortyny 1 (MC1R) na melanocytach, kom\u00f3rkach odpowiedzialnych za produkcj\u0119 melaniny. Wi\u0105\u017c\u0105c si\u0119 z MC1R, MT1 skutecznie zwi\u0119ksza tempo melanogenezy, prowadz\u0105c do naturalnego przyciemnienia sk\u00f3ry. Ten selektywny mechanizm pozwala na opalanie bez potrzeby intensywnej ekspozycji na promieniowanie UV, minimalizuj\u0105c w ten spos\u00f3b ryzyko zwi\u0105zane z oparzeniami s\u0142onecznymi i uszkodzeniami sk\u00f3ry. Dodatkowo, rola MT1 w modulowaniu odpowiedzi organizmu na promienie UV oferuje potencjalne korzy\u015bci ochronne przed szkodliwym promieniowaniem UV, zmniejszaj\u0105c ryzyko problem\u00f3w zwi\u0105zanych ze sk\u00f3r\u0105, jednocze\u015bnie promuj\u0105c zdrow\u0105, r\u00f3wnomiern\u0105 opalenizn\u0119.<\/p>\n<h2>Korzy\u015bci:<\/h2>\n<p>Konsekwentne stosowanie Melanotan 1 skutkuje szeregiem korzy\u015bci, w tym zwi\u0119kszon\u0105 i przed\u0142u\u017con\u0105 opalenizn\u0105, zmniejszon\u0105 potrzeb\u0105 ekspozycji na s\u0142o\u0144ce i mniejszym ryzykiem uszkodzenia sk\u00f3ry zwi\u0105zanego z promieniowaniem UV. Ponadto u\u017cytkownicy mog\u0105 do\u015bwiadczy\u0107 dodatkowych korzy\u015bci, takich jak poprawa wygl\u0105du sk\u00f3ry, zwi\u0119kszona pewno\u015b\u0107 siebie dzi\u0119ki bardziej r\u00f3wnomiernej karnacji i potencjalne dzia\u0142anie ochronne przed promieniowaniem UV. Zwi\u0105zek ten jest szczeg\u00f3lnie skuteczny dla os\u00f3b o jasnej karnacji, kt\u00f3re maj\u0105 trudno\u015bci z naturalnym opalaniem, a tak\u017ce dla tych, kt\u00f3rzy chc\u0105 utrzyma\u0107 opalenizn\u0119 przy minimalnej ekspozycji na s\u0142o\u0144ce.<\/p>\n<h2>Dlaczego Powerock Pharma:<\/h2>\n<p>W Powerock Pharma nasze zaanga\u017cowanie w doskona\u0142o\u015b\u0107 zapewnia, \u017ce ka\u017cda partia Melanotan 1 jest produkowana pod rygorystyczn\u0105 kontrol\u0105 jako\u015bci, kt\u00f3ra spe\u0142nia i przekracza standardy GMP, HACCP i ISO 13485. Nasze zaawansowane procedury testowe gwarantuj\u0105, \u017ce nasze produkty s\u0105 nie tylko skuteczne, ale tak\u017ce bezpieczne i niezawodne do cel\u00f3w badawczych. Wsp\u00f3\u0142pracujemy z najlepszymi laboratoriami w celu potwierdzenia czysto\u015bci i si\u0142y dzia\u0142ania naszych produkt\u00f3w, dzi\u0119ki czemu mo\u017cesz mie\u0107 pewno\u015b\u0107, \u017ce Melanotan 1 od Powerock Pharma zapewnia sp\u00f3jne wyniki za ka\u017cdym razem. Wybieraj\u0105c Powerock Pharma, wybierasz niezr\u00f3wnan\u0105 jako\u015b\u0107, bezpiecze\u0144stwo i niezawodno\u015b\u0107 dla swoich potrzeb badawczych.<\/p>\n<h3>Podsumowanie:<\/h3>\n<p>Je\u015bli chcesz rozwija\u0107 swoje badania w zakresie pigmentacji sk\u00f3ry lub opalania, Melanotan 1 jest rozwi\u0105zaniem, kt\u00f3rego potrzebujesz. Wspierany przez rygorystyczne kontrole jako\u015bci Powerock Pharma, produkt ten zosta\u0142 zaprojektowany, aby pom\u00f3c Ci osi\u0105gn\u0105\u0107 wiarygodne, sp\u00f3jne wyniki w spos\u00f3b bezpieczny i skuteczny. Nie zadowalaj si\u0119 byle czym - zam\u00f3w Melanotan 1 ju\u017c dzi\u015b i upewnij si\u0119, \u017ce Twoje badania przynios\u0105 rezultaty, na jakie zas\u0142ugujesz.<\/p>","protected":false},"excerpt":{"rendered":"<p>Melanotan 1 (MT1) wspomaga pigmentacj\u0119 sk\u00f3ry poprzez stymulacj\u0119 melanogenezy. Zapewnia lepsz\u0105 opalenizn\u0119 przy zmniejszonej ekspozycji na promieniowanie UV. Wybierz Powerock Pharma, aby uzyska\u0107 najwy\u017csz\u0105 jako\u015b\u0107 i sp\u00f3jne wyniki.<\/p>","protected":false},"featured_media":204,"template":"","meta":{"_acf_changed":false,"rank_math_lock_modified_date":false,"inline_featured_image":false},"product_cat":[17],"product_tag":[],"class_list":{"0":"post-99","1":"product","2":"type-product","3":"status-publish","4":"has-post-thumbnail","6":"product_cat-peptide-lyophilizates","9":"first","10":"instock","11":"shipping-taxable","12":"product-type-simple"},"acf":{"chromatogram":641,"metoda":""},"_links":{"self":[{"href":"https:\/\/powerockpharma.com\/pl\/wp-json\/wp\/v2\/product\/99","targetHints":{"allow":["GET"]}}],"collection":[{"href":"https:\/\/powerockpharma.com\/pl\/wp-json\/wp\/v2\/product"}],"about":[{"href":"https:\/\/powerockpharma.com\/pl\/wp-json\/wp\/v2\/types\/product"}],"wp:featuredmedia":[{"embeddable":true,"href":"https:\/\/powerockpharma.com\/pl\/wp-json\/wp\/v2\/media\/204"}],"wp:attachment":[{"href":"https:\/\/powerockpharma.com\/pl\/wp-json\/wp\/v2\/media?parent=99"}],"wp:term":[{"taxonomy":"product_cat","embeddable":true,"href":"https:\/\/powerockpharma.com\/pl\/wp-json\/wp\/v2\/product_cat?post=99"},{"taxonomy":"product_tag","embeddable":true,"href":"https:\/\/powerockpharma.com\/pl\/wp-json\/wp\/v2\/product_tag?post=99"}],"curies":[{"name":"wp","href":"https:\/\/api.w.org\/{rel}","templated":true}]}}